{"id":7142,"date":"2024-06-24T13:19:15","date_gmt":"2024-06-24T11:19:15","guid":{"rendered":"https:\/\/softymed.ch\/?post_type=product&#038;p=7142"},"modified":"2026-03-27T16:01:13","modified_gmt":"2026-03-27T15:01:13","slug":"quadratische-decklamelle","status":"publish","type":"product","link":"https:\/\/softymed.ch\/de\/boutique\/chimie-hematologie\/lamelle-couvre-objet-carree\/","title":{"rendered":"Deckglas"},"content":{"rendered":"<p><strong>Anwendung<\/strong><br \/>\n-Recouvrement et protection des \u00e9chantillons<br \/>\n-Manuelle Technik oder \u00fcber einen Klebeautomaten in der Histologie, Zytologie, Mikrobiologie<\/p>\n<p><strong>Vorteile<\/strong><br \/>\nCoffret avec couvercle \u00e0 charni\u00e8re conditionn\u00e9 sous-vide: emballage tropicalis\u00e9<\/p>\n<p><strong>Qualit\u00e9 du verre<\/strong><br \/>\nVerre borosilicat\u00e9 sp\u00e9cial haute qualit\u00e9<\/p>","protected":false},"excerpt":{"rendered":"<p>Quadratische Form, Dicke Typ 1<\/p>","protected":false},"featured_media":2740,"template":"","meta":{"_acf_changed":false,"_seopress_robots_primary_cat":"none","_seopress_titles_title":"","_seopress_titles_desc":"","_seopress_robots_index":""},"product_brand":[],"product_cat":[123,131,132],"product_tag":[],"categorie_principale":[165,31,27],"marque":[192],"class_list":{"0":"post-7142","1":"product","2":"type-product","3":"status-publish","4":"has-post-thumbnail","6":"product_cat-chimie-hematologie","7":"product_cat-microbiologie","8":"product_cat-microscopie","9":"categorie_principale-autre","10":"categorie_principale-gynecologie","11":"categorie_principale-laboratoire","12":"marque-labelians","14":"first","15":"instock","16":"taxable","17":"shipping-taxable","18":"purchasable","19":"product-type-variable"},"supplier_id":null,"supplier_sku":"","atum_controlled":true,"out_stock_date":"2024-06-24 11:19:16","out_stock_threshold":null,"inheritable":true,"inbound_stock":null,"stock_on_hold":0,"sold_today":0,"sales_last_days":0,"reserved_stock":null,"customer_returns":null,"warehouse_damage":null,"lost_in_post":null,"other_logs":null,"out_stock_days":653,"lost_sales":0,"has_location":true,"update_date":"2026-04-09T00:03:53","atum_locations":[{"id":373,"name":"Officine","slug":"officine"}],"atum_stock_status":"instock","restock_status":false,"low_stock_amount":"","sales_update_date":"2026-04-09T00:03:53","calc_backorders":null,"acf":[],"_links":{"self":[{"href":"https:\/\/softymed.ch\/de\/wp-json\/wp\/v2\/product\/7142","targetHints":{"allow":["GET"]}}],"collection":[{"href":"https:\/\/softymed.ch\/de\/wp-json\/wp\/v2\/product"}],"about":[{"href":"https:\/\/softymed.ch\/de\/wp-json\/wp\/v2\/types\/product"}],"wp:featuredmedia":[{"embeddable":true,"href":"https:\/\/softymed.ch\/de\/wp-json\/wp\/v2\/media\/2740"}],"wp:attachment":[{"href":"https:\/\/softymed.ch\/de\/wp-json\/wp\/v2\/media?parent=7142"}],"wp:term":[{"taxonomy":"product_brand","embeddable":true,"href":"https:\/\/softymed.ch\/de\/wp-json\/wp\/v2\/product_brand?post=7142"},{"taxonomy":"product_cat","embeddable":true,"href":"https:\/\/softymed.ch\/de\/wp-json\/wp\/v2\/product_cat?post=7142"},{"taxonomy":"product_tag","embeddable":true,"href":"https:\/\/softymed.ch\/de\/wp-json\/wp\/v2\/product_tag?post=7142"},{"taxonomy":"categorie_principale","embeddable":true,"href":"https:\/\/softymed.ch\/de\/wp-json\/wp\/v2\/categorie_principale?post=7142"},{"taxonomy":"marque","embeddable":true,"href":"https:\/\/softymed.ch\/de\/wp-json\/wp\/v2\/marque?post=7142"}],"curies":[{"name":"wp","href":"https:\/\/api.w.org\/{rel}","templated":true}]}}