{"id":7132,"date":"2024-06-19T16:38:13","date_gmt":"2024-06-19T14:38:13","guid":{"rendered":"https:\/\/softymed.ch\/?post_type=product&#038;p=7132"},"modified":"2026-04-01T14:49:49","modified_gmt":"2026-04-01T12:49:49","slug":"steriles-apyrogenes-gereinigtes-wasser","status":"publish","type":"product","link":"https:\/\/softymed.ch\/de\/boutique\/hygiene-desinfection\/desinfection-instruments\/eau-purifiee-sterile-apyrogene\/","title":{"rendered":"Gereinigtes Wasser"},"content":{"rendered":"<p><strong>Anwendung<\/strong><br \/>\n-Rin\u00e7age des instruments, des mat\u00e9riels st\u00e9riles et d\u2019instruments thermosensibles<br \/>\n-Reinigen von Reinr\u00e4umen<br \/>\n-Pr\u00e9paration des solutions de lavage des automates<br \/>\n-R\u00e9alisation des solutions tampon n\u00e9cessitant une eau st\u00e9rile et apyrog\u00e8ne<br \/>\n-Mati\u00e8re premi\u00e8re pour fabrication de m\u00e9dicaments<\/p>\n<p><strong>Vorteile<\/strong><br \/>\n\u2013Forme ergonomique facilitant la pr\u00e9hension<br \/>\n\u2013R\u00e9cipient muni d\u2019une bague d\u2019inviolabilit\u00e9 et d\u2019un bouchon qui garantit l\u2019\u00e9tanch\u00e9it\u00e9 du bidon et la st\u00e9rilit\u00e9 de la solution jusqu\u2019\u00e0 ouverture<br \/>\n\u2013Forme du goulot optimis\u00e9e pour un effet anti-gouttes<br \/>\n\u2013Mat\u00e9riau recyclable<br \/>\n\u2013Flacon l\u00e9ger et r\u00e9sistant<br \/>\n\u2013Graduation grav\u00e9e sur le corps du flacon<\/p>","protected":false},"excerpt":{"rendered":"<p>Steril apyrogen<\/p>","protected":false},"featured_media":5252,"template":"","meta":{"_acf_changed":false,"_seopress_robots_primary_cat":"none","_seopress_titles_title":"","_seopress_titles_desc":"","_seopress_robots_index":""},"product_brand":[],"product_cat":[163,199,127],"product_tag":[],"categorie_principale":[165,32,31,27,28,30,29],"marque":[201],"class_list":{"0":"post-7132","1":"product","2":"type-product","3":"status-publish","4":"has-post-thumbnail","6":"product_cat-appareils-equipements","7":"product_cat-desinfection-instruments","8":"product_cat-hygiene-desinfection","9":"categorie_principale-autre","10":"categorie_principale-cardiologie","11":"categorie_principale-gynecologie","12":"categorie_principale-laboratoire","13":"categorie_principale-medecine-generale","14":"categorie_principale-orthopedie","15":"categorie_principale-permanence-hopital","16":"marque-otec","18":"first","19":"instock","20":"taxable","21":"shipping-taxable","22":"purchasable","23":"product-type-simple"},"supplier_id":null,"supplier_sku":"","atum_controlled":true,"out_stock_date":null,"out_stock_threshold":null,"inheritable":false,"inbound_stock":null,"stock_on_hold":0,"sold_today":0,"sales_last_days":12,"reserved_stock":null,"customer_returns":null,"warehouse_damage":null,"lost_in_post":null,"other_logs":null,"out_stock_days":0,"lost_sales":0,"has_location":true,"update_date":"2026-04-08T00:04:03","atum_locations":[{"id":373,"name":"Officine","slug":"officine"}],"atum_stock_status":"instock","restock_status":false,"low_stock_amount":"","sales_update_date":"2026-04-08T00:04:03","calc_backorders":null,"acf":[],"_links":{"self":[{"href":"https:\/\/softymed.ch\/de\/wp-json\/wp\/v2\/product\/7132","targetHints":{"allow":["GET"]}}],"collection":[{"href":"https:\/\/softymed.ch\/de\/wp-json\/wp\/v2\/product"}],"about":[{"href":"https:\/\/softymed.ch\/de\/wp-json\/wp\/v2\/types\/product"}],"wp:featuredmedia":[{"embeddable":true,"href":"https:\/\/softymed.ch\/de\/wp-json\/wp\/v2\/media\/5252"}],"wp:attachment":[{"href":"https:\/\/softymed.ch\/de\/wp-json\/wp\/v2\/media?parent=7132"}],"wp:term":[{"taxonomy":"product_brand","embeddable":true,"href":"https:\/\/softymed.ch\/de\/wp-json\/wp\/v2\/product_brand?post=7132"},{"taxonomy":"product_cat","embeddable":true,"href":"https:\/\/softymed.ch\/de\/wp-json\/wp\/v2\/product_cat?post=7132"},{"taxonomy":"product_tag","embeddable":true,"href":"https:\/\/softymed.ch\/de\/wp-json\/wp\/v2\/product_tag?post=7132"},{"taxonomy":"categorie_principale","embeddable":true,"href":"https:\/\/softymed.ch\/de\/wp-json\/wp\/v2\/categorie_principale?post=7132"},{"taxonomy":"marque","embeddable":true,"href":"https:\/\/softymed.ch\/de\/wp-json\/wp\/v2\/marque?post=7132"}],"curies":[{"name":"wp","href":"https:\/\/api.w.org\/{rel}","templated":true}]}}