{"id":6797,"date":"2024-05-07T10:42:03","date_gmt":"2024-05-07T08:42:03","guid":{"rendered":"https:\/\/softymed.ch\/?post_type=product&#038;p=6797"},"modified":"2025-12-01T18:35:24","modified_gmt":"2025-12-01T17:35:24","slug":"rack-s-monovette-d13","status":"publish","type":"product","link":"https:\/\/softymed.ch\/de\/boutique\/prelevements\/prelevement-special\/rack-s-monovette-d13\/","title":{"rendered":"S-Monovette\u00ae Rack D13"},"content":{"rendered":"<p>Block Rack D13, pour 50 r\u00e9cipients<br \/>\n\u00d8 orifice : 13 mm<br \/>\nFormat: 5 x 10, gelb<br \/>\nMat\u00e9riau : PP<\/p>","protected":false},"excerpt":{"rendered":"<p>F\u00fcr 50 Beh\u00e4lter, \u00d8 \u00d6ffnung: 13 mm<\/p>","protected":false},"featured_media":6798,"template":"","meta":{"_acf_changed":false,"_seopress_robots_primary_cat":"none","_seopress_titles_title":"","_seopress_titles_desc":"","_seopress_robots_index":""},"product_brand":[],"product_cat":[123,131,142,137,136],"product_tag":[],"categorie_principale":[27,28,29],"marque":[207],"class_list":{"0":"post-6797","1":"product","2":"type-product","3":"status-publish","4":"has-post-thumbnail","6":"product_cat-chimie-hematologie","7":"product_cat-microbiologie","8":"product_cat-prelevement-special","9":"product_cat-prelevement-veineux","10":"product_cat-prelevements","11":"categorie_principale-laboratoire","12":"categorie_principale-medecine-generale","13":"categorie_principale-permanence-hopital","14":"marque-sarstedt","16":"first","17":"outofstock","18":"taxable","19":"shipping-taxable","20":"product-type-simple"},"supplier_id":null,"supplier_sku":"","atum_controlled":true,"out_stock_date":"2025-02-17 17:17:28","out_stock_threshold":null,"inheritable":false,"inbound_stock":null,"stock_on_hold":0,"sold_today":0,"sales_last_days":0,"reserved_stock":null,"customer_returns":null,"warehouse_damage":null,"lost_in_post":null,"other_logs":null,"out_stock_days":414,"lost_sales":0,"has_location":true,"update_date":"2026-04-08T00:03:22","atum_locations":[{"id":373,"name":"Officine","slug":"officine"}],"atum_stock_status":"outofstock","restock_status":false,"low_stock_amount":"","sales_update_date":"2026-04-08T00:03:22","calc_backorders":null,"acf":[],"_links":{"self":[{"href":"https:\/\/softymed.ch\/de\/wp-json\/wp\/v2\/product\/6797","targetHints":{"allow":["GET"]}}],"collection":[{"href":"https:\/\/softymed.ch\/de\/wp-json\/wp\/v2\/product"}],"about":[{"href":"https:\/\/softymed.ch\/de\/wp-json\/wp\/v2\/types\/product"}],"wp:featuredmedia":[{"embeddable":true,"href":"https:\/\/softymed.ch\/de\/wp-json\/wp\/v2\/media\/6798"}],"wp:attachment":[{"href":"https:\/\/softymed.ch\/de\/wp-json\/wp\/v2\/media?parent=6797"}],"wp:term":[{"taxonomy":"product_brand","embeddable":true,"href":"https:\/\/softymed.ch\/de\/wp-json\/wp\/v2\/product_brand?post=6797"},{"taxonomy":"product_cat","embeddable":true,"href":"https:\/\/softymed.ch\/de\/wp-json\/wp\/v2\/product_cat?post=6797"},{"taxonomy":"product_tag","embeddable":true,"href":"https:\/\/softymed.ch\/de\/wp-json\/wp\/v2\/product_tag?post=6797"},{"taxonomy":"categorie_principale","embeddable":true,"href":"https:\/\/softymed.ch\/de\/wp-json\/wp\/v2\/categorie_principale?post=6797"},{"taxonomy":"marque","embeddable":true,"href":"https:\/\/softymed.ch\/de\/wp-json\/wp\/v2\/marque?post=6797"}],"curies":[{"name":"wp","href":"https:\/\/api.w.org\/{rel}","templated":true}]}}