{"id":6597,"date":"2024-04-11T12:18:23","date_gmt":"2024-04-11T10:18:23","guid":{"rendered":"https:\/\/softymed.ch\/?post_type=product&#038;p=6597"},"modified":"2025-02-27T17:58:09","modified_gmt":"2025-02-27T16:58:09","slug":"weiche-sauerstoffbrille","status":"publish","type":"product","link":"https:\/\/softymed.ch\/de\/boutique\/appareils-equipements\/lunette-a-oxygene-souple\/","title":{"rendered":"Weiche Sauerstoffbrille"},"content":{"rendered":"<p>Gr\u00fcne doppelte Nasenkan\u00fcle mit neuen weichen Anschl\u00fcssen.<\/p>\n<p><strong>Merkmale<\/strong><br \/>\n-Tube O\u2082 de 2,10 m. scell\u00e9 individuellement<br \/>\n-Le nouveau cath\u00e9ter nasal souple \u00e9vite les blessures aux membranes nasales et permet une expiration optimale. Finie la mousse car le cath\u00e9ter nasal ultra-doux est con\u00e7u pour s\u2019adapter confortablement aux narines.<br \/>\n-Gaz EO trait\u00e9 pour la r\u00e9duction des germes<\/p>","protected":false},"excerpt":{"rendered":"<p>F\u00fcr Erwachsene und Kinder, mit einem 2,10 m langen Schlauch.<\/p>","protected":false},"featured_media":6598,"template":"","meta":{"_acf_changed":false,"_seopress_robots_primary_cat":"none","_seopress_titles_title":"","_seopress_titles_desc":"","_seopress_robots_index":""},"product_brand":[],"product_cat":[163],"product_tag":[],"categorie_principale":[28,29],"marque":[313],"class_list":{"0":"post-6597","1":"product","2":"type-product","3":"status-publish","4":"has-post-thumbnail","6":"product_cat-appareils-equipements","7":"categorie_principale-medecine-generale","8":"categorie_principale-permanence-hopital","9":"marque-dct","11":"first","12":"instock","13":"taxable","14":"shipping-taxable","15":"purchasable","16":"product-type-simple"},"supplier_id":null,"supplier_sku":"","atum_controlled":true,"out_stock_date":null,"out_stock_threshold":null,"inheritable":false,"inbound_stock":null,"stock_on_hold":0,"sold_today":0,"sales_last_days":0,"reserved_stock":null,"customer_returns":null,"warehouse_damage":null,"lost_in_post":null,"other_logs":null,"out_stock_days":0,"lost_sales":0,"has_location":true,"update_date":"2026-04-09T00:03:24","atum_locations":[{"id":219,"name":"Yellow Cube","slug":"yellow-cube"}],"atum_stock_status":"instock","restock_status":false,"low_stock_amount":"","sales_update_date":"2026-04-09T00:03:23","calc_backorders":null,"acf":[],"_links":{"self":[{"href":"https:\/\/softymed.ch\/de\/wp-json\/wp\/v2\/product\/6597","targetHints":{"allow":["GET"]}}],"collection":[{"href":"https:\/\/softymed.ch\/de\/wp-json\/wp\/v2\/product"}],"about":[{"href":"https:\/\/softymed.ch\/de\/wp-json\/wp\/v2\/types\/product"}],"wp:featuredmedia":[{"embeddable":true,"href":"https:\/\/softymed.ch\/de\/wp-json\/wp\/v2\/media\/6598"}],"wp:attachment":[{"href":"https:\/\/softymed.ch\/de\/wp-json\/wp\/v2\/media?parent=6597"}],"wp:term":[{"taxonomy":"product_brand","embeddable":true,"href":"https:\/\/softymed.ch\/de\/wp-json\/wp\/v2\/product_brand?post=6597"},{"taxonomy":"product_cat","embeddable":true,"href":"https:\/\/softymed.ch\/de\/wp-json\/wp\/v2\/product_cat?post=6597"},{"taxonomy":"product_tag","embeddable":true,"href":"https:\/\/softymed.ch\/de\/wp-json\/wp\/v2\/product_tag?post=6597"},{"taxonomy":"categorie_principale","embeddable":true,"href":"https:\/\/softymed.ch\/de\/wp-json\/wp\/v2\/categorie_principale?post=6597"},{"taxonomy":"marque","embeddable":true,"href":"https:\/\/softymed.ch\/de\/wp-json\/wp\/v2\/marque?post=6597"}],"curies":[{"name":"wp","href":"https:\/\/api.w.org\/{rel}","templated":true}]}}