{"id":6240,"date":"2024-03-20T10:53:17","date_gmt":"2024-03-20T09:53:17","guid":{"rendered":"https:\/\/softymed.ch\/?post_type=product&#038;p=6240"},"modified":"2026-03-09T11:10:27","modified_gmt":"2026-03-09T10:10:27","slug":"gestell-fur-autoklavierbare-beutel","status":"publish","type":"product","link":"https:\/\/softymed.ch\/de\/boutique\/chimie-hematologie\/portoir-pour-sac-autoclavable\/","title":{"rendered":"Gestell f\u00fcr autoklavierbare Beutel"},"content":{"rendered":"<p>Portoir, pour sac autoclavable 300 x 200 mm (r\u00e9f. 86.1197),<br \/>\nMat\u00e9riau : r\u00e9sine \u00e9poxy, blanc<br \/>\n(H x \u00d8 niveau 1 \/ \u00d8 niveau 2) : 250 x 155\/125 mm<br \/>\nAvec bo\u00eete de 100 sacs autoclavables<br \/>\n1 pi\u00e8ce(s)\/carton<\/p>","protected":false},"excerpt":{"rendered":"<p>F\u00fcr autoklavierbaren Beutel 86.1197 (300 x 200 mm), aus Epoxydharz<\/p>","protected":false},"featured_media":6241,"template":"","meta":{"_acf_changed":false,"_seopress_robots_primary_cat":"none","_seopress_titles_title":"","_seopress_titles_desc":"","_seopress_robots_index":""},"product_brand":[],"product_cat":[123,127,131,132],"product_tag":[],"categorie_principale":[27],"marque":[207],"class_list":{"0":"post-6240","1":"product","2":"type-product","3":"status-publish","4":"has-post-thumbnail","6":"product_cat-chimie-hematologie","7":"product_cat-hygiene-desinfection","8":"product_cat-microbiologie","9":"product_cat-microscopie","10":"categorie_principale-laboratoire","11":"marque-sarstedt","13":"first","14":"instock","15":"taxable","16":"shipping-taxable","17":"purchasable","18":"product-type-simple"},"supplier_id":null,"supplier_sku":"","atum_controlled":true,"out_stock_date":null,"out_stock_threshold":null,"inheritable":false,"inbound_stock":null,"stock_on_hold":0,"sold_today":0,"sales_last_days":0,"reserved_stock":null,"customer_returns":null,"warehouse_damage":null,"lost_in_post":null,"other_logs":null,"out_stock_days":0,"lost_sales":0,"has_location":true,"update_date":"2026-04-09T00:03:44","atum_locations":[{"id":373,"name":"Officine","slug":"officine"}],"atum_stock_status":"instock","restock_status":false,"low_stock_amount":"","sales_update_date":"2026-04-09T00:03:44","calc_backorders":null,"acf":[],"_links":{"self":[{"href":"https:\/\/softymed.ch\/de\/wp-json\/wp\/v2\/product\/6240","targetHints":{"allow":["GET"]}}],"collection":[{"href":"https:\/\/softymed.ch\/de\/wp-json\/wp\/v2\/product"}],"about":[{"href":"https:\/\/softymed.ch\/de\/wp-json\/wp\/v2\/types\/product"}],"wp:featuredmedia":[{"embeddable":true,"href":"https:\/\/softymed.ch\/de\/wp-json\/wp\/v2\/media\/6241"}],"wp:attachment":[{"href":"https:\/\/softymed.ch\/de\/wp-json\/wp\/v2\/media?parent=6240"}],"wp:term":[{"taxonomy":"product_brand","embeddable":true,"href":"https:\/\/softymed.ch\/de\/wp-json\/wp\/v2\/product_brand?post=6240"},{"taxonomy":"product_cat","embeddable":true,"href":"https:\/\/softymed.ch\/de\/wp-json\/wp\/v2\/product_cat?post=6240"},{"taxonomy":"product_tag","embeddable":true,"href":"https:\/\/softymed.ch\/de\/wp-json\/wp\/v2\/product_tag?post=6240"},{"taxonomy":"categorie_principale","embeddable":true,"href":"https:\/\/softymed.ch\/de\/wp-json\/wp\/v2\/categorie_principale?post=6240"},{"taxonomy":"marque","embeddable":true,"href":"https:\/\/softymed.ch\/de\/wp-json\/wp\/v2\/marque?post=6240"}],"curies":[{"name":"wp","href":"https:\/\/api.w.org\/{rel}","templated":true}]}}