{"id":6129,"date":"2024-03-18T11:45:41","date_gmt":"2024-03-18T10:45:41","guid":{"rendered":"https:\/\/softymed.ch\/?post_type=product&#038;p=6129"},"modified":"2026-03-27T15:59:59","modified_gmt":"2026-03-27T14:59:59","slug":"soft-shelter-superdry","status":"publish","type":"product","link":"https:\/\/softymed.ch\/de\/boutique\/hygiene-desinfection\/abri-soft-superdry\/","title":{"rendered":"ABRI-SOFT Superdry"},"content":{"rendered":"<p>ABENA\u00ae Abri Soft est une gamme d\u2019al\u00e8ses absorbantes. Cette al\u00e8se produit en France et \u00e9co labellis\u00e9e, est faite avec un voile externe plastique ce qui assure l\u2019imperm\u00e9abilit\u00e9 de la surface.<\/p>\n<p><strong>Merkmale<\/strong><br \/>\n-Niveau d\u2019incontinence s\u00e9v\u00e8re: 1500-2499 ml<br \/>\n-Dimensions \/ Tour de taille: 60 \u00d7 90 cm<br \/>\n-Capacit\u00e9 d\u2019absorption: 1500 ml<br \/>\n-Verpackung: einzeln<br \/>\n-Anzahl der Beutel pro Karton: 1<br \/>\n-Nombre de pi\u00e8ces par sachet: 30<\/p>","protected":false},"excerpt":{"rendered":"<p>Wegwerfbare Krankenunterlagen<\/p>","protected":false},"featured_media":6130,"template":"","meta":{"_acf_changed":false,"_seopress_robots_primary_cat":"none","_seopress_titles_title":"","_seopress_titles_desc":"","_seopress_robots_index":""},"product_brand":[],"product_cat":[127,176],"product_tag":[],"categorie_principale":[165,31,28,29],"marque":[290],"class_list":{"0":"post-6129","1":"product","2":"type-product","3":"status-publish","4":"has-post-thumbnail","6":"product_cat-hygiene-desinfection","7":"product_cat-protection-consommable","8":"categorie_principale-autre","9":"categorie_principale-gynecologie","10":"categorie_principale-medecine-generale","11":"categorie_principale-permanence-hopital","12":"marque-abena","14":"first","15":"instock","16":"taxable","17":"shipping-taxable","18":"purchasable","19":"product-type-simple"},"supplier_id":null,"supplier_sku":"","atum_controlled":true,"out_stock_date":null,"out_stock_threshold":null,"inheritable":false,"inbound_stock":null,"stock_on_hold":0,"sold_today":0,"sales_last_days":0,"reserved_stock":null,"customer_returns":null,"warehouse_damage":null,"lost_in_post":null,"other_logs":null,"out_stock_days":0,"lost_sales":0,"has_location":true,"update_date":"2026-04-09T00:03:52","atum_locations":[{"id":373,"name":"Officine","slug":"officine"}],"atum_stock_status":"instock","restock_status":false,"low_stock_amount":"","sales_update_date":"2026-04-09T00:03:52","calc_backorders":null,"acf":[],"_links":{"self":[{"href":"https:\/\/softymed.ch\/de\/wp-json\/wp\/v2\/product\/6129","targetHints":{"allow":["GET"]}}],"collection":[{"href":"https:\/\/softymed.ch\/de\/wp-json\/wp\/v2\/product"}],"about":[{"href":"https:\/\/softymed.ch\/de\/wp-json\/wp\/v2\/types\/product"}],"wp:featuredmedia":[{"embeddable":true,"href":"https:\/\/softymed.ch\/de\/wp-json\/wp\/v2\/media\/6130"}],"wp:attachment":[{"href":"https:\/\/softymed.ch\/de\/wp-json\/wp\/v2\/media?parent=6129"}],"wp:term":[{"taxonomy":"product_brand","embeddable":true,"href":"https:\/\/softymed.ch\/de\/wp-json\/wp\/v2\/product_brand?post=6129"},{"taxonomy":"product_cat","embeddable":true,"href":"https:\/\/softymed.ch\/de\/wp-json\/wp\/v2\/product_cat?post=6129"},{"taxonomy":"product_tag","embeddable":true,"href":"https:\/\/softymed.ch\/de\/wp-json\/wp\/v2\/product_tag?post=6129"},{"taxonomy":"categorie_principale","embeddable":true,"href":"https:\/\/softymed.ch\/de\/wp-json\/wp\/v2\/categorie_principale?post=6129"},{"taxonomy":"marque","embeddable":true,"href":"https:\/\/softymed.ch\/de\/wp-json\/wp\/v2\/marque?post=6129"}],"curies":[{"name":"wp","href":"https:\/\/api.w.org\/{rel}","templated":true}]}}