{"id":6027,"date":"2024-03-13T18:35:59","date_gmt":"2024-03-13T17:35:59","guid":{"rendered":"https:\/\/softymed.ch\/?post_type=product&#038;p=6027"},"modified":"2026-02-06T00:01:53","modified_gmt":"2026-02-05T23:01:53","slug":"kompakte-tasche","status":"publish","type":"product","link":"https:\/\/softymed.ch\/de\/boutique\/auscultation-diagnostic\/sac-compact\/","title":{"rendered":"Kompakte Tasche"},"content":{"rendered":"<p><strong>Merkmale<\/strong><br \/>\n-1 poche de face avec multi &#8211; rangements<br \/>\n-Gro\u00dfe Mitteltasche<br \/>\n-2 poches lat\u00e9rales<br \/>\n-R\u00e9alis\u00e9es avec des mat\u00e9riaux de qualit\u00e9 et une bandouli\u00e8re rembourr\u00e9e amovible<br \/>\n-Mallettes con\u00e7ues en tissu REACH<br \/>\n-Fabriqu\u00e9 en polyester<br \/>\n-Tissu r\u00e9sistant, d\u00e9ferlant et facile \u00e0 nettoye<br \/>\n-R\u00e9glage optimal de la vitesse et de la pression de gonflage pour une prise de mesure plus confortable<br \/>\n-Soumis aux normes internationales et \u00e0 la r\u00e9glementation en vigueur<br \/>\n-Produkt mit 5 Jahren Garantie<\/p>","protected":false},"excerpt":{"rendered":"<p>Medizinischer Koffer<\/p>","protected":false},"featured_media":6034,"template":"","meta":{"_acf_changed":false,"_seopress_robots_primary_cat":"none","_seopress_titles_title":"","_seopress_titles_desc":"","_seopress_robots_index":""},"product_brand":[],"product_cat":[122,125,126,136],"product_tag":[],"categorie_principale":[32,31,27,28,29],"marque":[],"class_list":{"0":"post-6027","1":"product","2":"type-product","3":"status-publish","4":"has-post-thumbnail","6":"product_cat-auscultation-diagnostic","7":"product_cat-divers","8":"product_cat-expedition-transport","9":"product_cat-prelevements","10":"categorie_principale-cardiologie","11":"categorie_principale-gynecologie","12":"categorie_principale-laboratoire","13":"categorie_principale-medecine-generale","14":"categorie_principale-permanence-hopital","16":"first","17":"outofstock","18":"taxable","19":"shipping-taxable","20":"product-type-simple"},"supplier_id":null,"supplier_sku":"","atum_controlled":true,"out_stock_date":"2026-02-03 11:55:23","out_stock_threshold":null,"inheritable":false,"inbound_stock":null,"stock_on_hold":0,"sold_today":0,"sales_last_days":0,"reserved_stock":null,"customer_returns":null,"warehouse_damage":null,"lost_in_post":null,"other_logs":null,"out_stock_days":64,"lost_sales":0,"has_location":true,"update_date":"2026-04-09T00:03:23","atum_locations":[{"id":373,"name":"Officine","slug":"officine"}],"atum_stock_status":"outofstock","restock_status":false,"low_stock_amount":"","sales_update_date":"2026-04-09T00:03:23","calc_backorders":null,"acf":[],"_links":{"self":[{"href":"https:\/\/softymed.ch\/de\/wp-json\/wp\/v2\/product\/6027","targetHints":{"allow":["GET"]}}],"collection":[{"href":"https:\/\/softymed.ch\/de\/wp-json\/wp\/v2\/product"}],"about":[{"href":"https:\/\/softymed.ch\/de\/wp-json\/wp\/v2\/types\/product"}],"wp:featuredmedia":[{"embeddable":true,"href":"https:\/\/softymed.ch\/de\/wp-json\/wp\/v2\/media\/6034"}],"wp:attachment":[{"href":"https:\/\/softymed.ch\/de\/wp-json\/wp\/v2\/media?parent=6027"}],"wp:term":[{"taxonomy":"product_brand","embeddable":true,"href":"https:\/\/softymed.ch\/de\/wp-json\/wp\/v2\/product_brand?post=6027"},{"taxonomy":"product_cat","embeddable":true,"href":"https:\/\/softymed.ch\/de\/wp-json\/wp\/v2\/product_cat?post=6027"},{"taxonomy":"product_tag","embeddable":true,"href":"https:\/\/softymed.ch\/de\/wp-json\/wp\/v2\/product_tag?post=6027"},{"taxonomy":"categorie_principale","embeddable":true,"href":"https:\/\/softymed.ch\/de\/wp-json\/wp\/v2\/categorie_principale?post=6027"},{"taxonomy":"marque","embeddable":true,"href":"https:\/\/softymed.ch\/de\/wp-json\/wp\/v2\/marque?post=6027"}],"curies":[{"name":"wp","href":"https:\/\/api.w.org\/{rel}","templated":true}]}}