{"id":5915,"date":"2024-03-11T16:15:55","date_gmt":"2024-03-11T15:15:55","guid":{"rendered":"https:\/\/softymed.ch\/?post_type=product&#038;p=5915"},"modified":"2025-12-18T16:45:51","modified_gmt":"2025-12-18T15:45:51","slug":"hygienische-einweg-schutzhullen","status":"publish","type":"product","link":"https:\/\/softymed.ch\/de\/boutique\/auscultation-diagnostic\/housses-de-protection-jetable-hygienique\/","title":{"rendered":"Hygienische Einweg-Schutzh\u00fcllen"},"content":{"rendered":"<p>Housses de protection jetables hygi\u00e9niques pour le thermom\u00e8tre auriculaire \u00e0 infrarouge Bosotherm medical. La housse est remplac\u00e9e apr\u00e8s chaque patient, ce qui \u00e9vite la transmission d\u2019infections.<\/p>\n<p><strong>Merkmale<\/strong><br \/>\n-Housses de protection hygi\u00e9niques Bosotherm medical<br \/>\n-\u00c9vitent la transmission d\u2019infections<br \/>\n-Pour une utilisation avec le thermom\u00e8tre auriculaire Bosotherm medical<br \/>\n-1 bo\u00eete contient 40 pi\u00e8ces<\/p>","protected":false},"excerpt":{"rendered":"<p>F\u00fcr Bosotherm-Ohrthermometer<\/p>","protected":false},"featured_media":5916,"template":"","meta":{"_acf_changed":false,"_seopress_robots_primary_cat":"none","_seopress_titles_title":"","_seopress_titles_desc":"","_seopress_robots_index":""},"product_brand":[],"product_cat":[122],"product_tag":[],"categorie_principale":[31,28,29],"marque":[285],"class_list":{"0":"post-5915","1":"product","2":"type-product","3":"status-publish","4":"has-post-thumbnail","6":"product_cat-auscultation-diagnostic","7":"categorie_principale-gynecologie","8":"categorie_principale-medecine-generale","9":"categorie_principale-permanence-hopital","10":"marque-bosch-sohn","12":"first","13":"instock","14":"taxable","15":"shipping-taxable","16":"purchasable","17":"product-type-simple"},"supplier_id":null,"supplier_sku":"","atum_controlled":true,"out_stock_date":null,"out_stock_threshold":null,"inheritable":false,"inbound_stock":null,"stock_on_hold":0,"sold_today":0,"sales_last_days":0,"reserved_stock":null,"customer_returns":null,"warehouse_damage":null,"lost_in_post":null,"other_logs":null,"out_stock_days":0,"lost_sales":0,"has_location":true,"update_date":"2026-04-09T00:03:23","atum_locations":[{"id":219,"name":"Yellow Cube","slug":"yellow-cube"}],"atum_stock_status":"instock","restock_status":false,"low_stock_amount":"","sales_update_date":"2026-04-09T00:03:23","calc_backorders":null,"acf":[],"_links":{"self":[{"href":"https:\/\/softymed.ch\/de\/wp-json\/wp\/v2\/product\/5915","targetHints":{"allow":["GET"]}}],"collection":[{"href":"https:\/\/softymed.ch\/de\/wp-json\/wp\/v2\/product"}],"about":[{"href":"https:\/\/softymed.ch\/de\/wp-json\/wp\/v2\/types\/product"}],"wp:featuredmedia":[{"embeddable":true,"href":"https:\/\/softymed.ch\/de\/wp-json\/wp\/v2\/media\/5916"}],"wp:attachment":[{"href":"https:\/\/softymed.ch\/de\/wp-json\/wp\/v2\/media?parent=5915"}],"wp:term":[{"taxonomy":"product_brand","embeddable":true,"href":"https:\/\/softymed.ch\/de\/wp-json\/wp\/v2\/product_brand?post=5915"},{"taxonomy":"product_cat","embeddable":true,"href":"https:\/\/softymed.ch\/de\/wp-json\/wp\/v2\/product_cat?post=5915"},{"taxonomy":"product_tag","embeddable":true,"href":"https:\/\/softymed.ch\/de\/wp-json\/wp\/v2\/product_tag?post=5915"},{"taxonomy":"categorie_principale","embeddable":true,"href":"https:\/\/softymed.ch\/de\/wp-json\/wp\/v2\/categorie_principale?post=5915"},{"taxonomy":"marque","embeddable":true,"href":"https:\/\/softymed.ch\/de\/wp-json\/wp\/v2\/marque?post=5915"}],"curies":[{"name":"wp","href":"https:\/\/api.w.org\/{rel}","templated":true}]}}