{"id":5786,"date":"2024-03-04T10:53:48","date_gmt":"2024-03-04T09:53:48","guid":{"rendered":"https:\/\/softymed.ch\/?post_type=product&#038;p=5786"},"modified":"2026-03-17T08:54:03","modified_gmt":"2026-03-17T07:54:03","slug":"3m-steri-strip","status":"publish","type":"product","link":"https:\/\/softymed.ch\/de\/boutique\/petite-chirurgie-suture\/3m-steri-strip\/","title":{"rendered":"3M\u2122 Steri-Strip\u2122"},"content":{"rendered":"<p>Indiqu\u00e9es pour les sutures primaires non invasives sur plaies aig\u00fces (coupures ou incisions chirurgicales) ou en renfort combin\u00e9 avec des fils ou agrafes, les sutures cutan\u00e9es adh\u00e9sives st\u00e9riles 3M\u2122 Steri-Strip\u2122 permettent une cicatrisation rapide et esth\u00e9tique. Elles b\u00e9n\u00e9ficient d&rsquo;un renfort avec des fibres de polyester (exclusivit\u00e9 3M\u2122). Du fait de leur bonne tol\u00e9rance cutan\u00e9e, elle sont adapt\u00e9es aux peaux sensibles. Vendues \u00e0 plus d&rsquo;un milliard d&rsquo;exemplaires depuis leur lancement, les sutures cutan\u00e9es 3M\u2122 Steri-Strip\u2122 b\u00e9n\u00e9ficient d&rsquo;une efficacit\u00e9 prouv\u00e9e depuis plus de 50 ans.<\/p>\n<p>Les sutures cutan\u00e9es adh\u00e9sives st\u00e9riles 3M\u2122 Steri-Strip\u2122 sont indiqu\u00e9es pour maintenir ou fermer les petites coupures et plaies.<\/p>\n<p><strong>Merkmale<\/strong><br \/>\n-Maintiennent la plaie bord \u00e0 bord pour une cicatrisation rapide et un r\u00e9sultat esth\u00e9tique<br \/>\n-R\u00e9sistance m\u00eame en milieu humide<br \/>\n-Laissent respirer la peau pour un confort am\u00e9lior\u00e9<br \/>\nSchmerzfreie Anbringung: nicht-invasive Technik<br \/>\n-Hypoallerg\u00e9niques<\/p>","protected":false},"excerpt":{"rendered":"<p>Steriles selbstklebendes Hautnahtmaterial mit verst\u00e4rktem mikropor\u00f6sem Tr\u00e4germaterial<\/p>","protected":false},"featured_media":10070,"template":"","meta":{"_acf_changed":false,"_seopress_robots_primary_cat":"134","_seopress_titles_title":"","_seopress_titles_desc":"","_seopress_robots_index":""},"product_brand":[],"product_cat":[372,134],"product_tag":[],"categorie_principale":[32,31,28,29],"marque":[102],"class_list":{"0":"post-5786","1":"product","2":"type-product","3":"status-publish","4":"has-post-thumbnail","6":"product_cat-medicusana","7":"product_cat-petite-chirurgie-suture","8":"categorie_principale-cardiologie","9":"categorie_principale-gynecologie","10":"categorie_principale-medecine-generale","11":"categorie_principale-permanence-hopital","12":"marque-3m","14":"first","15":"instock","16":"taxable","17":"shipping-taxable","18":"purchasable","19":"product-type-variable"},"supplier_id":null,"supplier_sku":"","atum_controlled":true,"out_stock_date":null,"out_stock_threshold":null,"inheritable":true,"inbound_stock":null,"stock_on_hold":0,"sold_today":0,"sales_last_days":0,"reserved_stock":null,"customer_returns":null,"warehouse_damage":null,"lost_in_post":null,"other_logs":null,"out_stock_days":0,"lost_sales":0,"has_location":true,"update_date":"2026-04-10T00:04:46","atum_locations":[{"id":373,"name":"Officine","slug":"officine"}],"atum_stock_status":"instock","restock_status":false,"low_stock_amount":"","sales_update_date":"2026-04-10T00:04:46","calc_backorders":null,"acf":[],"_links":{"self":[{"href":"https:\/\/softymed.ch\/de\/wp-json\/wp\/v2\/product\/5786","targetHints":{"allow":["GET"]}}],"collection":[{"href":"https:\/\/softymed.ch\/de\/wp-json\/wp\/v2\/product"}],"about":[{"href":"https:\/\/softymed.ch\/de\/wp-json\/wp\/v2\/types\/product"}],"wp:featuredmedia":[{"embeddable":true,"href":"https:\/\/softymed.ch\/de\/wp-json\/wp\/v2\/media\/10070"}],"wp:attachment":[{"href":"https:\/\/softymed.ch\/de\/wp-json\/wp\/v2\/media?parent=5786"}],"wp:term":[{"taxonomy":"product_brand","embeddable":true,"href":"https:\/\/softymed.ch\/de\/wp-json\/wp\/v2\/product_brand?post=5786"},{"taxonomy":"product_cat","embeddable":true,"href":"https:\/\/softymed.ch\/de\/wp-json\/wp\/v2\/product_cat?post=5786"},{"taxonomy":"product_tag","embeddable":true,"href":"https:\/\/softymed.ch\/de\/wp-json\/wp\/v2\/product_tag?post=5786"},{"taxonomy":"categorie_principale","embeddable":true,"href":"https:\/\/softymed.ch\/de\/wp-json\/wp\/v2\/categorie_principale?post=5786"},{"taxonomy":"marque","embeddable":true,"href":"https:\/\/softymed.ch\/de\/wp-json\/wp\/v2\/marque?post=5786"}],"curies":[{"name":"wp","href":"https:\/\/api.w.org\/{rel}","templated":true}]}}