{"id":5769,"date":"2024-03-01T12:25:46","date_gmt":"2024-03-01T11:25:46","guid":{"rendered":"https:\/\/softymed.ch\/?post_type=product&#038;p=5769"},"modified":"2026-03-09T11:26:52","modified_gmt":"2026-03-09T10:26:52","slug":"milieu-amies-flussig-3-ml","status":"publish","type":"product","link":"https:\/\/softymed.ch\/de\/boutique\/microbiologie\/milieu-amies-liquide-3-ml\/","title":{"rendered":"Fl\u00fcssiges Freundschaftsmedium 3 ml"},"content":{"rendered":"<p>Utilis\u00e9 pour la collecte et le transport d\u2019\u00e9chantillons (urines, selles, mucus, pus, s\u00e9cr\u00e9tion vaginale etc). Pour un usage de diagnostic in-vitro uniquement. Le milieu Amies permet de contr\u00f4ler la perm\u00e9abilit\u00e9 des cellules bact\u00e9riennes et contribue ainsi \u00e0 leur survie.<\/p>\n<p>Une fois l\u2019\u00e9chantillon pr\u00e9lev\u00e9, il doit \u00eatre plac\u00e9 imm\u00e9diatement dans le tube contenant le milieu, dans le respect des d\u00e9lais tol\u00e9r\u00e9s par l\u2019\u00e9tat de l\u2019art.<\/p>\n<p>L\u2019\u00e9chantillon peut \u00eatre introduit de mani\u00e8re continue par le biais d&rsquo;un \u00e9couvillon s\u00e9cable dans le tube. A contrario en introduisant qu\u2019une seule fois l\u2019\u00e9couvillon, un d\u00e9chargement unique peut \u00eatre r\u00e9alis\u00e9.<\/p>\n<p><strong>Merkmale<\/strong><br \/>\n-Volumen des Mediums: 3 ml<br \/>\n-Art des Mediums: Fl\u00fcssigkeit<br \/>\n-Volumen des R\u00f6hrchens: 10 ml<br \/>\n-Gr\u00f6\u00dfe des Rohrs: 16 x 100 mm<br \/>\n-\u00c9tiquette: Papier<br \/>\n-\u00c9couvillon: non<br \/>\n-St\u00e9rile: oui (irradiation)<br \/>\n-Temp\u00e9rature de conservation: Entre 2\u00b0C et 30 \u00b0C<br \/>\n-R\u00e9glementation: marquage CE<\/p>","protected":false},"excerpt":{"rendered":"<p>Ohne Tupfer<\/p>","protected":false},"featured_media":6780,"template":"","meta":{"_acf_changed":false,"_seopress_robots_primary_cat":"none","_seopress_titles_title":"","_seopress_titles_desc":"","_seopress_robots_index":""},"product_brand":[],"product_cat":[131],"product_tag":[],"categorie_principale":[31,27,28,29],"marque":[283],"class_list":{"0":"post-5769","1":"product","2":"type-product","3":"status-publish","4":"has-post-thumbnail","6":"product_cat-microbiologie","7":"categorie_principale-gynecologie","8":"categorie_principale-laboratoire","9":"categorie_principale-medecine-generale","10":"categorie_principale-permanence-hopital","11":"marque-citotest-labware","13":"first","14":"outofstock","15":"taxable","16":"shipping-taxable","17":"purchasable","18":"product-type-simple"},"supplier_id":null,"supplier_sku":"","atum_controlled":true,"out_stock_date":"2026-03-09 11:26:52","out_stock_threshold":null,"inheritable":false,"inbound_stock":null,"stock_on_hold":0,"sold_today":0,"sales_last_days":0,"reserved_stock":null,"customer_returns":null,"warehouse_damage":null,"lost_in_post":null,"other_logs":null,"out_stock_days":29,"lost_sales":579,"has_location":true,"update_date":"2026-04-08T00:03:42","atum_locations":[{"id":373,"name":"Officine","slug":"officine"}],"atum_stock_status":"outofstock","restock_status":false,"low_stock_amount":"","sales_update_date":"2026-04-08T00:03:42","calc_backorders":null,"acf":[],"_links":{"self":[{"href":"https:\/\/softymed.ch\/de\/wp-json\/wp\/v2\/product\/5769","targetHints":{"allow":["GET"]}}],"collection":[{"href":"https:\/\/softymed.ch\/de\/wp-json\/wp\/v2\/product"}],"about":[{"href":"https:\/\/softymed.ch\/de\/wp-json\/wp\/v2\/types\/product"}],"wp:featuredmedia":[{"embeddable":true,"href":"https:\/\/softymed.ch\/de\/wp-json\/wp\/v2\/media\/6780"}],"wp:attachment":[{"href":"https:\/\/softymed.ch\/de\/wp-json\/wp\/v2\/media?parent=5769"}],"wp:term":[{"taxonomy":"product_brand","embeddable":true,"href":"https:\/\/softymed.ch\/de\/wp-json\/wp\/v2\/product_brand?post=5769"},{"taxonomy":"product_cat","embeddable":true,"href":"https:\/\/softymed.ch\/de\/wp-json\/wp\/v2\/product_cat?post=5769"},{"taxonomy":"product_tag","embeddable":true,"href":"https:\/\/softymed.ch\/de\/wp-json\/wp\/v2\/product_tag?post=5769"},{"taxonomy":"categorie_principale","embeddable":true,"href":"https:\/\/softymed.ch\/de\/wp-json\/wp\/v2\/categorie_principale?post=5769"},{"taxonomy":"marque","embeddable":true,"href":"https:\/\/softymed.ch\/de\/wp-json\/wp\/v2\/marque?post=5769"}],"curies":[{"name":"wp","href":"https:\/\/api.w.org\/{rel}","templated":true}]}}