{"id":5690,"date":"2024-02-27T15:55:43","date_gmt":"2024-02-27T14:55:43","guid":{"rendered":"https:\/\/softymed.ch\/?post_type=product&#038;p=5690"},"modified":"2026-03-27T10:22:57","modified_gmt":"2026-03-27T09:22:57","slug":"ultradunner-steriler-flocktupfer-hydraflock","status":"publish","type":"product","link":"https:\/\/softymed.ch\/de\/boutique\/microbiologie\/ecouvillon-floque-ultrafin-sterile-hydraflock\/","title":{"rendered":"Steriler ultrad\u00fcnner beflockter HydraFlock\u2122 Abstrichtupfer"},"content":{"rendered":"<p>Une nouvelle \u00e8re dans la technologie des \u00e9couvillons.<\/p>\n<p>La microstructure unique des fibres multi-longueurs d&rsquo;HydraFlock\u00ae est con\u00e7ue pour favoriser une absorption et une lib\u00e9ration rapides des \u00e9chantillons biologiques.<\/p>\n<p><strong>Verwendung<\/strong><br \/>\nLes \u00e9couvillons traditionnels en mousse HydraFlock\u00ae Puritan emball\u00e9s individuellement sont des dispositifs st\u00e9riles pr\u00eats \u00e0 l&#8217;emploi pour le pr\u00e9l\u00e8vement d&rsquo;\u00e9chantillons cliniques.<\/p>\n<p><strong>Merkmale<\/strong><br \/>\n-Pour le pr\u00e9l\u00e8vement d&rsquo;\u00e9chantillons nasopharyng\u00e9s<br \/>\n-Embout floqu\u00e9 ultrafin<br \/>\n-Embout compos\u00e9 de fibres de polyester bicomposantes<br \/>\n-Manche en polystyr\u00e8ne avec point de rupture \u00e0 80 mm<br \/>\n-Emball\u00e9 individuellement dans une pochette en papier\/poly.<br \/>\n-Fabriqu\u00e9 aux USA<\/p>","protected":false},"excerpt":{"rendered":"<p>Sollbruchstelle bei 80 mm<\/p>","protected":false},"featured_media":5678,"template":"","meta":{"_acf_changed":false,"_seopress_robots_primary_cat":"none","_seopress_titles_title":"","_seopress_titles_desc":"","_seopress_robots_index":""},"product_brand":[],"product_cat":[131],"product_tag":[],"categorie_principale":[31,27,28,29],"marque":[282],"class_list":{"0":"post-5690","1":"product","2":"type-product","3":"status-publish","4":"has-post-thumbnail","6":"product_cat-microbiologie","7":"categorie_principale-gynecologie","8":"categorie_principale-laboratoire","9":"categorie_principale-medecine-generale","10":"categorie_principale-permanence-hopital","11":"marque-puritan","13":"first","14":"instock","15":"taxable","16":"shipping-taxable","17":"purchasable","18":"product-type-simple"},"supplier_id":null,"supplier_sku":"","atum_controlled":true,"out_stock_date":null,"out_stock_threshold":null,"inheritable":false,"inbound_stock":0,"stock_on_hold":0,"sold_today":0,"sales_last_days":20,"reserved_stock":0,"customer_returns":0,"warehouse_damage":0,"lost_in_post":0,"other_logs":0,"out_stock_days":0,"lost_sales":0,"has_location":true,"update_date":"2026-04-08T00:03:49","atum_locations":[{"id":373,"name":"Officine","slug":"officine"}],"atum_stock_status":"instock","restock_status":false,"low_stock_amount":"","sales_update_date":"2026-04-08T00:03:49","calc_backorders":null,"acf":[],"_links":{"self":[{"href":"https:\/\/softymed.ch\/de\/wp-json\/wp\/v2\/product\/5690","targetHints":{"allow":["GET"]}}],"collection":[{"href":"https:\/\/softymed.ch\/de\/wp-json\/wp\/v2\/product"}],"about":[{"href":"https:\/\/softymed.ch\/de\/wp-json\/wp\/v2\/types\/product"}],"wp:featuredmedia":[{"embeddable":true,"href":"https:\/\/softymed.ch\/de\/wp-json\/wp\/v2\/media\/5678"}],"wp:attachment":[{"href":"https:\/\/softymed.ch\/de\/wp-json\/wp\/v2\/media?parent=5690"}],"wp:term":[{"taxonomy":"product_brand","embeddable":true,"href":"https:\/\/softymed.ch\/de\/wp-json\/wp\/v2\/product_brand?post=5690"},{"taxonomy":"product_cat","embeddable":true,"href":"https:\/\/softymed.ch\/de\/wp-json\/wp\/v2\/product_cat?post=5690"},{"taxonomy":"product_tag","embeddable":true,"href":"https:\/\/softymed.ch\/de\/wp-json\/wp\/v2\/product_tag?post=5690"},{"taxonomy":"categorie_principale","embeddable":true,"href":"https:\/\/softymed.ch\/de\/wp-json\/wp\/v2\/categorie_principale?post=5690"},{"taxonomy":"marque","embeddable":true,"href":"https:\/\/softymed.ch\/de\/wp-json\/wp\/v2\/marque?post=5690"}],"curies":[{"name":"wp","href":"https:\/\/api.w.org\/{rel}","templated":true}]}}