{"id":5677,"date":"2024-02-27T14:51:49","date_gmt":"2024-02-27T13:51:49","guid":{"rendered":"https:\/\/softymed.ch\/?post_type=product&#038;p=5677"},"modified":"2025-12-01T18:25:57","modified_gmt":"2025-12-01T17:25:57","slug":"opti-swab-liquid-amies-media-transport-system","status":"publish","type":"product","link":"https:\/\/softymed.ch\/de\/boutique\/microbiologie\/opti-swab-liquid-amies-media-transport-system\/","title":{"rendered":"Opti-Swab\u2122 Liquid Amies Media Transport System"},"content":{"rendered":"<p>Le syst\u00e8me de collecte et de transport Opti-Swab\u2122 Liquid Amies de Puritan est id\u00e9al pour:<br \/>\n-La collecte et le transport de bact\u00e9ries a\u00e9robies et ana\u00e9robies.<br \/>\n-Convient pour une utilisation dans la culture bact\u00e9rienne, le coloration de Gram, les tests rapides, l&rsquo;automatisation et les tests mol\u00e9culaires lorsqu&rsquo;ils sont valid\u00e9s par les fabricants de tests et\/ou le laboratoire.<\/p>\n<p><strong>Merkmale<\/strong><br \/>\n-Syst\u00e8me de transport pr\u00eat \u00e0 l&#8217;emploi<br \/>\n-La conception du kit est facile \u00e0 utiliser et fiable<br \/>\n-Le capuchon autocentrant est \u00e9tanche et facilite le retrait et l&rsquo;\u00e9limination des \u00e9couvillons.<br \/>\n-Comprend un \u00e9couvillon haute performance HydraFlock\u00ae brevet\u00e9 (3506-H) avec un point d&rsquo;arr\u00eat moul\u00e9 et con\u00e7u pour s&rsquo;adapter aux sites d&rsquo;\u00e9chantillonnage du nez, de la gorge, du vagin, du rectum et de plaies<br \/>\n-Rapide, s\u00fbr et pratique<br \/>\n-Weiche Spitze f\u00fcr Patientenkomfort<br \/>\n-Composants en plastique de premi\u00e8re qualit\u00e9<br \/>\nZur Verwendung In-vitro-Diagnostik<br \/>\n-Compatible avec l&rsquo;automatisation WASP de Copan (cf. \u00e9tude 2014 pour plus de d\u00e9tails).<\/p>\n<p><strong>Inhalt pro Tasche<\/strong><br \/>\n-1 flacon en polypropyl\u00e8ne st\u00e9rile \u00e0 bouchon \u00e0 vis, pr\u00e9-\u00e9tiquet\u00e9 contenant 1 ml de milieu Amies liquide modifi\u00e9<br \/>\n-1 \u00e9couvillon floqu\u00e9 standard st\u00e9rile HydraFlock\u00ae, point de rupture \u00e0 80 mm<\/p>","protected":false},"excerpt":{"rendered":"<p>Mit beflocktem Standardabstrich HydraFlock\u00ae.<\/p>","protected":false},"featured_media":5684,"template":"","meta":{"_acf_changed":false,"_seopress_robots_primary_cat":"none","_seopress_titles_title":"","_seopress_titles_desc":"","_seopress_robots_index":""},"product_brand":[],"product_cat":[131],"product_tag":[],"categorie_principale":[31,27,28,29],"marque":[282],"class_list":{"0":"post-5677","1":"product","2":"type-product","3":"status-publish","4":"has-post-thumbnail","6":"product_cat-microbiologie","7":"categorie_principale-gynecologie","8":"categorie_principale-laboratoire","9":"categorie_principale-medecine-generale","10":"categorie_principale-permanence-hopital","11":"marque-puritan","13":"first","14":"outofstock","15":"taxable","16":"shipping-taxable","17":"product-type-simple"},"supplier_id":null,"supplier_sku":"","atum_controlled":true,"out_stock_date":"2025-02-28 20:44:15","out_stock_threshold":null,"inheritable":false,"inbound_stock":0,"stock_on_hold":0,"sold_today":0,"sales_last_days":0,"reserved_stock":0,"customer_returns":0,"warehouse_damage":0,"lost_in_post":0,"other_logs":0,"out_stock_days":403,"lost_sales":0,"has_location":true,"update_date":"2026-04-08T00:03:21","atum_locations":[{"id":373,"name":"Officine","slug":"officine"}],"atum_stock_status":"outofstock","restock_status":false,"low_stock_amount":"","sales_update_date":"2026-04-08T00:03:21","calc_backorders":null,"acf":[],"_links":{"self":[{"href":"https:\/\/softymed.ch\/de\/wp-json\/wp\/v2\/product\/5677","targetHints":{"allow":["GET"]}}],"collection":[{"href":"https:\/\/softymed.ch\/de\/wp-json\/wp\/v2\/product"}],"about":[{"href":"https:\/\/softymed.ch\/de\/wp-json\/wp\/v2\/types\/product"}],"wp:featuredmedia":[{"embeddable":true,"href":"https:\/\/softymed.ch\/de\/wp-json\/wp\/v2\/media\/5684"}],"wp:attachment":[{"href":"https:\/\/softymed.ch\/de\/wp-json\/wp\/v2\/media?parent=5677"}],"wp:term":[{"taxonomy":"product_brand","embeddable":true,"href":"https:\/\/softymed.ch\/de\/wp-json\/wp\/v2\/product_brand?post=5677"},{"taxonomy":"product_cat","embeddable":true,"href":"https:\/\/softymed.ch\/de\/wp-json\/wp\/v2\/product_cat?post=5677"},{"taxonomy":"product_tag","embeddable":true,"href":"https:\/\/softymed.ch\/de\/wp-json\/wp\/v2\/product_tag?post=5677"},{"taxonomy":"categorie_principale","embeddable":true,"href":"https:\/\/softymed.ch\/de\/wp-json\/wp\/v2\/categorie_principale?post=5677"},{"taxonomy":"marque","embeddable":true,"href":"https:\/\/softymed.ch\/de\/wp-json\/wp\/v2\/marque?post=5677"}],"curies":[{"name":"wp","href":"https:\/\/api.w.org\/{rel}","templated":true}]}}