{"id":5667,"date":"2024-02-27T12:41:13","date_gmt":"2024-02-27T11:41:13","guid":{"rendered":"https:\/\/softymed.ch\/?post_type=product&#038;p=5667"},"modified":"2026-04-08T11:37:04","modified_gmt":"2026-04-08T09:37:04","slug":"glukosehaltiges-getrank-topstar-75g-200ml","status":"publish","type":"product","link":"https:\/\/softymed.ch\/de\/boutique\/carte-de-commande\/boisson-glucosee-topstar-75g-200ml\/","title":{"rendered":"Glukosehaltiges Getr\u00e4nk TopStar 75g\/200ml"},"content":{"rendered":"<p>Solution concentr\u00e9e de glucose, aromatis\u00e9e, pr\u00e9-dos\u00e9e en bouteille de 200 ml<\/p>\n<p><strong>Anwendung<\/strong><br \/>\n-Test d\u2019HyperGlyc\u00e9mie Provoqu\u00e9e par voie Orale (HGPO) pour la d\u00e9tection du diab\u00e8te gestationnel et des diab\u00e8tes de type 1 et 2<br \/>\n-Interne Verwendung<\/p>\n<p><strong>Vorteile<\/strong><br \/>\n-Pr\u00eate \u00e0 l&#8217;emploi : gain de temps de pr\u00e9paration<br \/>\n-Fiabilit\u00e9 des r\u00e9sultats : la teneur en glucose est parfaitement d\u00e9finie<br \/>\n-Meilleure tol\u00e9rance : boisson au go\u00fbt savoureux et belle couleur ne rappelant pas un produit de diagnostic<br \/>\n-Bouteille plastique pratique \u00e0 utiliser avec un bouchon inviolable<br \/>\n-Moins de d\u00e9chets: pas de r\u00e9cipient pour boire la boisson<\/p>","protected":false},"excerpt":{"rendered":"<p>Zum Testen auf Hyperglyk\u00e4mie<\/p>","protected":false},"featured_media":5670,"template":"","meta":{"_acf_changed":false,"_seopress_robots_primary_cat":"none","_seopress_titles_title":"","_seopress_titles_desc":"","_seopress_robots_index":""},"product_brand":[],"product_cat":[287,68],"product_tag":[],"categorie_principale":[31,27,28,29],"marque":[281],"class_list":{"0":"post-5667","1":"product","2":"type-product","3":"status-publish","4":"has-post-thumbnail","6":"product_cat-carte-de-commande","7":"product_cat-test-rapide","8":"categorie_principale-gynecologie","9":"categorie_principale-laboratoire","10":"categorie_principale-medecine-generale","11":"categorie_principale-permanence-hopital","12":"marque-esteriplas","14":"first","15":"instock","16":"taxable","17":"shipping-taxable","18":"purchasable","19":"product-type-variable"},"supplier_id":null,"supplier_sku":"","atum_controlled":true,"out_stock_date":null,"out_stock_threshold":null,"inheritable":true,"inbound_stock":0,"stock_on_hold":0,"sold_today":0,"sales_last_days":28,"reserved_stock":0,"customer_returns":0,"warehouse_damage":0,"lost_in_post":0,"other_logs":0,"out_stock_days":0,"lost_sales":0,"has_location":true,"update_date":"2026-04-09T00:04:06","atum_locations":[{"id":373,"name":"Officine","slug":"officine"}],"atum_stock_status":"instock","restock_status":false,"low_stock_amount":"","sales_update_date":"2026-04-09T00:04:06","calc_backorders":null,"acf":[],"_links":{"self":[{"href":"https:\/\/softymed.ch\/de\/wp-json\/wp\/v2\/product\/5667","targetHints":{"allow":["GET"]}}],"collection":[{"href":"https:\/\/softymed.ch\/de\/wp-json\/wp\/v2\/product"}],"about":[{"href":"https:\/\/softymed.ch\/de\/wp-json\/wp\/v2\/types\/product"}],"wp:featuredmedia":[{"embeddable":true,"href":"https:\/\/softymed.ch\/de\/wp-json\/wp\/v2\/media\/5670"}],"wp:attachment":[{"href":"https:\/\/softymed.ch\/de\/wp-json\/wp\/v2\/media?parent=5667"}],"wp:term":[{"taxonomy":"product_brand","embeddable":true,"href":"https:\/\/softymed.ch\/de\/wp-json\/wp\/v2\/product_brand?post=5667"},{"taxonomy":"product_cat","embeddable":true,"href":"https:\/\/softymed.ch\/de\/wp-json\/wp\/v2\/product_cat?post=5667"},{"taxonomy":"product_tag","embeddable":true,"href":"https:\/\/softymed.ch\/de\/wp-json\/wp\/v2\/product_tag?post=5667"},{"taxonomy":"categorie_principale","embeddable":true,"href":"https:\/\/softymed.ch\/de\/wp-json\/wp\/v2\/categorie_principale?post=5667"},{"taxonomy":"marque","embeddable":true,"href":"https:\/\/softymed.ch\/de\/wp-json\/wp\/v2\/marque?post=5667"}],"curies":[{"name":"wp","href":"https:\/\/api.w.org\/{rel}","templated":true}]}}