{"id":4081,"date":"2024-02-05T14:24:39","date_gmt":"2024-02-05T13:24:39","guid":{"rendered":"https:\/\/softymed.ch\/?post_type=product&#038;p=4081"},"modified":"2026-01-19T11:10:34","modified_gmt":"2026-01-19T10:10:34","slug":"lanzetten-bd-microtainer-contact-blau","status":"publish","type":"product","link":"https:\/\/softymed.ch\/de\/boutique\/prelevements\/prelevement-capillaire\/lancettes-bd-microtainer-contact-bleu\/","title":{"rendered":"Lanzetten BD Microtainer\u00ae Contact"},"content":{"rendered":"<p>Lancettes s\u00e9curit\u00e9 BD Microtainer\u00ae Contact avec lame, st\u00e9riles, \u00e0 usage unique, pour pr\u00e9l\u00e8vement capillaire au bout du doigt.<br \/>\nApplications: Tubes Microtainer ou tubes micro-h\u00e9matocrite<br \/>\nGr\u00f6\u00dfe der Klinge: 1,5 mm breit<br \/>\nTiefe der Punktion: 2 mm<br \/>\n200 pi\u00e8ce(s)\/bo\u00eete<\/p>","protected":false},"excerpt":{"rendered":"<p>Mit 1,5 mm Klinge, steril, zum einmaligen Gebrauch<\/p>","protected":false},"featured_media":4107,"template":"","meta":{"_acf_changed":false,"_seopress_robots_primary_cat":"","_seopress_titles_title":"","_seopress_titles_desc":"","_seopress_robots_index":""},"product_brand":[],"product_cat":[288,138,136],"product_tag":[],"categorie_principale":[31,27,28,29],"marque":[172],"class_list":{"0":"post-4081","1":"product","2":"type-product","3":"status-publish","4":"has-post-thumbnail","6":"product_cat-liste-additionnelle","7":"product_cat-prelevement-capillaire","8":"product_cat-prelevements","9":"categorie_principale-gynecologie","10":"categorie_principale-laboratoire","11":"categorie_principale-medecine-generale","12":"categorie_principale-permanence-hopital","13":"marque-becton-dickinson","15":"first","16":"instock","17":"taxable","18":"shipping-taxable","19":"purchasable","20":"product-type-simple"},"supplier_id":null,"supplier_sku":"","atum_controlled":true,"out_stock_date":null,"out_stock_threshold":null,"inheritable":false,"inbound_stock":null,"stock_on_hold":0,"sold_today":0,"sales_last_days":0,"reserved_stock":null,"customer_returns":null,"warehouse_damage":null,"lost_in_post":null,"other_logs":null,"out_stock_days":0,"lost_sales":0,"has_location":true,"update_date":"2026-04-09T00:03:30","atum_locations":[{"id":219,"name":"Yellow Cube","slug":"yellow-cube"}],"atum_stock_status":"instock","restock_status":false,"low_stock_amount":"","sales_update_date":"2026-04-09T00:03:30","calc_backorders":null,"acf":[],"_links":{"self":[{"href":"https:\/\/softymed.ch\/de\/wp-json\/wp\/v2\/product\/4081","targetHints":{"allow":["GET"]}}],"collection":[{"href":"https:\/\/softymed.ch\/de\/wp-json\/wp\/v2\/product"}],"about":[{"href":"https:\/\/softymed.ch\/de\/wp-json\/wp\/v2\/types\/product"}],"wp:featuredmedia":[{"embeddable":true,"href":"https:\/\/softymed.ch\/de\/wp-json\/wp\/v2\/media\/4107"}],"wp:attachment":[{"href":"https:\/\/softymed.ch\/de\/wp-json\/wp\/v2\/media?parent=4081"}],"wp:term":[{"taxonomy":"product_brand","embeddable":true,"href":"https:\/\/softymed.ch\/de\/wp-json\/wp\/v2\/product_brand?post=4081"},{"taxonomy":"product_cat","embeddable":true,"href":"https:\/\/softymed.ch\/de\/wp-json\/wp\/v2\/product_cat?post=4081"},{"taxonomy":"product_tag","embeddable":true,"href":"https:\/\/softymed.ch\/de\/wp-json\/wp\/v2\/product_tag?post=4081"},{"taxonomy":"categorie_principale","embeddable":true,"href":"https:\/\/softymed.ch\/de\/wp-json\/wp\/v2\/categorie_principale?post=4081"},{"taxonomy":"marque","embeddable":true,"href":"https:\/\/softymed.ch\/de\/wp-json\/wp\/v2\/marque?post=4081"}],"curies":[{"name":"wp","href":"https:\/\/api.w.org\/{rel}","templated":true}]}}