{"id":4073,"date":"2024-02-05T12:05:45","date_gmt":"2024-02-05T11:05:45","guid":{"rendered":"https:\/\/softymed.ch\/?post_type=product&#038;p=4073"},"modified":"2026-03-27T08:47:12","modified_gmt":"2026-03-27T07:47:12","slug":"vereiste-klingen","status":"publish","type":"product","link":"https:\/\/softymed.ch\/de\/boutique\/chimie-hematologie\/lames-givrees\/","title":{"rendered":"Klingen"},"content":{"rendered":"<p><strong>Anwendung<\/strong><br \/>\n-H\u00e9matologie (r\u00e9alisation de frottis)<br \/>\n-Zytologie<br \/>\n-Mikrobiologie<br \/>\n-Histologie<br \/>\n-Applications de routine, techniques automatis\u00e9es<\/p>\n<p><strong>Merkmale<\/strong><br \/>\n-Standard<br \/>\n-Avec extr\u00e9mit\u00e9s givr\u00e9es double face<br \/>\n-Gut benetzbar<br \/>\n-Chaque paquet est emball\u00e9 sous cellophane<\/p>","protected":false},"excerpt":{"rendered":"<p>Abgeschnittene Kanten, mit beidseitig gefrosteten Enden<\/p>","protected":false},"featured_media":4075,"template":"","meta":{"_acf_changed":false,"_seopress_robots_primary_cat":"123","_seopress_titles_title":"","_seopress_titles_desc":"","_seopress_robots_index":""},"product_brand":[],"product_cat":[123,372,131,132,380],"product_tag":[],"categorie_principale":[165,31,27],"marque":[223],"class_list":{"0":"post-4073","1":"product","2":"type-product","3":"status-publish","4":"has-post-thumbnail","6":"product_cat-chimie-hematologie","7":"product_cat-medicusana","8":"product_cat-microbiologie","9":"product_cat-microscopie","10":"product_cat-pedrazzini","11":"categorie_principale-autre","12":"categorie_principale-gynecologie","13":"categorie_principale-laboratoire","14":"marque-mediware","16":"first","17":"instock","18":"taxable","19":"shipping-taxable","20":"purchasable","21":"product-type-simple"},"supplier_id":null,"supplier_sku":"","atum_controlled":true,"out_stock_date":null,"out_stock_threshold":null,"inheritable":false,"inbound_stock":null,"stock_on_hold":0,"sold_today":0,"sales_last_days":50,"reserved_stock":null,"customer_returns":null,"warehouse_damage":null,"lost_in_post":null,"other_logs":null,"out_stock_days":0,"lost_sales":0,"has_location":true,"update_date":"2026-04-09T00:03:52","atum_locations":[{"id":373,"name":"Officine","slug":"officine"}],"atum_stock_status":"instock","restock_status":false,"low_stock_amount":"","sales_update_date":"2026-04-09T00:03:51","calc_backorders":null,"acf":[],"_links":{"self":[{"href":"https:\/\/softymed.ch\/de\/wp-json\/wp\/v2\/product\/4073","targetHints":{"allow":["GET"]}}],"collection":[{"href":"https:\/\/softymed.ch\/de\/wp-json\/wp\/v2\/product"}],"about":[{"href":"https:\/\/softymed.ch\/de\/wp-json\/wp\/v2\/types\/product"}],"wp:featuredmedia":[{"embeddable":true,"href":"https:\/\/softymed.ch\/de\/wp-json\/wp\/v2\/media\/4075"}],"wp:attachment":[{"href":"https:\/\/softymed.ch\/de\/wp-json\/wp\/v2\/media?parent=4073"}],"wp:term":[{"taxonomy":"product_brand","embeddable":true,"href":"https:\/\/softymed.ch\/de\/wp-json\/wp\/v2\/product_brand?post=4073"},{"taxonomy":"product_cat","embeddable":true,"href":"https:\/\/softymed.ch\/de\/wp-json\/wp\/v2\/product_cat?post=4073"},{"taxonomy":"product_tag","embeddable":true,"href":"https:\/\/softymed.ch\/de\/wp-json\/wp\/v2\/product_tag?post=4073"},{"taxonomy":"categorie_principale","embeddable":true,"href":"https:\/\/softymed.ch\/de\/wp-json\/wp\/v2\/categorie_principale?post=4073"},{"taxonomy":"marque","embeddable":true,"href":"https:\/\/softymed.ch\/de\/wp-json\/wp\/v2\/marque?post=4073"}],"curies":[{"name":"wp","href":"https:\/\/api.w.org\/{rel}","templated":true}]}}