{"id":4072,"date":"2024-02-05T11:57:02","date_gmt":"2024-02-05T10:57:02","guid":{"rendered":"https:\/\/softymed.ch\/?post_type=product&#038;p=4072"},"modified":"2026-02-24T10:05:35","modified_gmt":"2026-02-24T09:05:35","slug":"molicareskin-care","status":"publish","type":"product","link":"https:\/\/softymed.ch\/de\/boutique\/hygiene-desinfection\/molicareskin-care\/","title":{"rendered":"MoliCare\u00aeSkin Care"},"content":{"rendered":"<p>La cr\u00e8me mains de la gamme MoliCare\u00ae Skin est pr\u00e9conis\u00e9e pour hydrater* a \u00e9t\u00e9 sp\u00e9cialement d\u00e9velopp\u00e9e pour hydrater* et nourrir la peau des mains tr\u00e8s s\u00e8ches et gerc\u00e9es. Elle favorise le m\u00e9canisme de protection de la peau gr\u00e2ce \u00e0 la cr\u00e9atine pr\u00e9sente.<\/p>\n<p>La cr\u00e8me mains poss\u00e8de un pH neutre \u00e0 la peau (= pH 5.5) qui contribue \u00e0 prot\u00e9ger votre peau. Test\u00e9e sous contr\u00f4le dermatologique.<\/p>\n<p><strong>Conseils d\u2019application<\/strong><br \/>\nAppliquer, en couche fine, l\u2019\u00e9quivalent d\u2019une noisette sur la peau des mains. Masser l\u00e9g\u00e8rement jusqu\u2019\u00e0 p\u00e9n\u00e9tration totale du produit.<\/p>\n<p>*Hydratation des couches superficielles de l\u2019\u00e9piderme.<\/p>","protected":false},"excerpt":{"rendered":"<p>Handcreme<\/p>","protected":false},"featured_media":4065,"template":"","meta":{"_acf_changed":false,"_seopress_robots_primary_cat":"127","_seopress_titles_title":"","_seopress_titles_desc":"","_seopress_robots_index":""},"product_brand":[],"product_cat":[127,372],"product_tag":[],"categorie_principale":[165,32,31,27,106,28,30,29],"marque":[107],"class_list":{"0":"post-4072","1":"product","2":"type-product","3":"status-publish","4":"has-post-thumbnail","6":"product_cat-hygiene-desinfection","7":"product_cat-medicusana","8":"categorie_principale-autre","9":"categorie_principale-cardiologie","10":"categorie_principale-gynecologie","11":"categorie_principale-laboratoire","12":"categorie_principale-medecine-dentaire","13":"categorie_principale-medecine-generale","14":"categorie_principale-orthopedie","15":"categorie_principale-permanence-hopital","16":"marque-hartmann","18":"first","19":"instock","20":"taxable","21":"shipping-taxable","22":"purchasable","23":"product-type-simple"},"supplier_id":null,"supplier_sku":"","atum_controlled":true,"out_stock_date":null,"out_stock_threshold":null,"inheritable":false,"inbound_stock":null,"stock_on_hold":0,"sold_today":0,"sales_last_days":0,"reserved_stock":null,"customer_returns":null,"warehouse_damage":null,"lost_in_post":null,"other_logs":null,"out_stock_days":0,"lost_sales":0,"has_location":true,"update_date":"2026-04-09T00:03:39","atum_locations":[{"id":219,"name":"Yellow Cube","slug":"yellow-cube"}],"atum_stock_status":"instock","restock_status":false,"low_stock_amount":"","sales_update_date":"2026-04-09T00:03:39","calc_backorders":null,"acf":[],"_links":{"self":[{"href":"https:\/\/softymed.ch\/de\/wp-json\/wp\/v2\/product\/4072","targetHints":{"allow":["GET"]}}],"collection":[{"href":"https:\/\/softymed.ch\/de\/wp-json\/wp\/v2\/product"}],"about":[{"href":"https:\/\/softymed.ch\/de\/wp-json\/wp\/v2\/types\/product"}],"wp:featuredmedia":[{"embeddable":true,"href":"https:\/\/softymed.ch\/de\/wp-json\/wp\/v2\/media\/4065"}],"wp:attachment":[{"href":"https:\/\/softymed.ch\/de\/wp-json\/wp\/v2\/media?parent=4072"}],"wp:term":[{"taxonomy":"product_brand","embeddable":true,"href":"https:\/\/softymed.ch\/de\/wp-json\/wp\/v2\/product_brand?post=4072"},{"taxonomy":"product_cat","embeddable":true,"href":"https:\/\/softymed.ch\/de\/wp-json\/wp\/v2\/product_cat?post=4072"},{"taxonomy":"product_tag","embeddable":true,"href":"https:\/\/softymed.ch\/de\/wp-json\/wp\/v2\/product_tag?post=4072"},{"taxonomy":"categorie_principale","embeddable":true,"href":"https:\/\/softymed.ch\/de\/wp-json\/wp\/v2\/categorie_principale?post=4072"},{"taxonomy":"marque","embeddable":true,"href":"https:\/\/softymed.ch\/de\/wp-json\/wp\/v2\/marque?post=4072"}],"curies":[{"name":"wp","href":"https:\/\/api.w.org\/{rel}","templated":true}]}}