{"id":4057,"date":"2024-02-02T19:02:19","date_gmt":"2024-02-02T18:02:19","guid":{"rendered":"https:\/\/softymed.ch\/?post_type=product&#038;p=4057"},"modified":"2025-02-25T12:38:06","modified_gmt":"2025-02-25T11:38:06","slug":"mediset-anatomische-klemme","status":"publish","type":"product","link":"https:\/\/softymed.ch\/de\/boutique\/petite-chirurgie-suture\/mediset-pince-anatomique\/","title":{"rendered":"MediSet\u00ae"},"content":{"rendered":"<p>Pince anatomique en polypropyl\u00e8ne renforc\u00e9 \u00e0 la fibre de verre \u00e0 utiliser pendant le soin (soins de plaies, soins de bouche), pour la d\u00e9sinfection de la peau; aussi pour le travail de pr\u00e9cision durant le soin.<\/p>\n<p><strong>Merkmale<\/strong><br \/>\n-Anatomische Klemme<br \/>\n-En polypropyl\u00e8ne renforc\u00e9 \u00e0 la fibre de verre<br \/>\n-In einer weichen Blisterpackung<br \/>\n-St\u00e9rile, emballage individuel<br \/>\n-1 Pince Adson 12;5 cm \u00e0 mors fins verte<\/p>","protected":false},"excerpt":{"rendered":"<p>Anatomische Pinzette, in einer weichen Blisterpackung<\/p>","protected":false},"featured_media":4067,"template":"","meta":{"_acf_changed":false,"_seopress_robots_primary_cat":"none","_seopress_titles_title":"","_seopress_titles_desc":"","_seopress_robots_index":""},"product_brand":[],"product_cat":[134,103,104],"product_tag":[],"categorie_principale":[31,106,28,29],"marque":[107],"class_list":{"0":"post-4057","1":"product","2":"type-product","3":"status-publish","4":"has-post-thumbnail","6":"product_cat-petite-chirurgie-suture","7":"product_cat-sets-de-soin","8":"product_cat-soin-des-plaies","9":"categorie_principale-gynecologie","10":"categorie_principale-medecine-dentaire","11":"categorie_principale-medecine-generale","12":"categorie_principale-permanence-hopital","13":"marque-hartmann","15":"first","16":"instock","17":"taxable","18":"shipping-taxable","19":"purchasable","20":"product-type-simple"},"supplier_id":null,"supplier_sku":"","atum_controlled":true,"out_stock_date":null,"out_stock_threshold":null,"inheritable":false,"inbound_stock":null,"stock_on_hold":0,"sold_today":0,"sales_last_days":0,"reserved_stock":null,"customer_returns":null,"warehouse_damage":null,"lost_in_post":null,"other_logs":null,"out_stock_days":0,"lost_sales":0,"has_location":true,"update_date":"2026-04-08T00:03:21","atum_locations":[{"id":219,"name":"Yellow Cube","slug":"yellow-cube"}],"atum_stock_status":"instock","restock_status":false,"low_stock_amount":"","sales_update_date":"2026-04-08T00:03:21","calc_backorders":null,"acf":[],"_links":{"self":[{"href":"https:\/\/softymed.ch\/de\/wp-json\/wp\/v2\/product\/4057","targetHints":{"allow":["GET"]}}],"collection":[{"href":"https:\/\/softymed.ch\/de\/wp-json\/wp\/v2\/product"}],"about":[{"href":"https:\/\/softymed.ch\/de\/wp-json\/wp\/v2\/types\/product"}],"wp:featuredmedia":[{"embeddable":true,"href":"https:\/\/softymed.ch\/de\/wp-json\/wp\/v2\/media\/4067"}],"wp:attachment":[{"href":"https:\/\/softymed.ch\/de\/wp-json\/wp\/v2\/media?parent=4057"}],"wp:term":[{"taxonomy":"product_brand","embeddable":true,"href":"https:\/\/softymed.ch\/de\/wp-json\/wp\/v2\/product_brand?post=4057"},{"taxonomy":"product_cat","embeddable":true,"href":"https:\/\/softymed.ch\/de\/wp-json\/wp\/v2\/product_cat?post=4057"},{"taxonomy":"product_tag","embeddable":true,"href":"https:\/\/softymed.ch\/de\/wp-json\/wp\/v2\/product_tag?post=4057"},{"taxonomy":"categorie_principale","embeddable":true,"href":"https:\/\/softymed.ch\/de\/wp-json\/wp\/v2\/categorie_principale?post=4057"},{"taxonomy":"marque","embeddable":true,"href":"https:\/\/softymed.ch\/de\/wp-json\/wp\/v2\/marque?post=4057"}],"curies":[{"name":"wp","href":"https:\/\/api.w.org\/{rel}","templated":true}]}}