{"id":3932,"date":"2024-01-25T15:40:36","date_gmt":"2024-01-25T14:40:36","guid":{"rendered":"https:\/\/softymed.ch\/?post_type=product&#038;p=3932"},"modified":"2026-03-31T16:19:29","modified_gmt":"2026-03-31T14:19:29","slug":"ligaflex-pro","status":"publish","type":"product","link":"https:\/\/softymed.ch\/de\/boutique\/attelles-platres\/main-poignet-et-doigt\/ligaflex-pro\/","title":{"rendered":"Ligaflex\u00ae Pro +"},"content":{"rendered":"<p><strong>Hinweise<\/strong><br \/>\n-Verstauchung des Daumens<br \/>\n-Verstauchung des Handgelenks und\/oder Daumens<br \/>\n-Fracture non chirurgicale du scapho\u00efde<br \/>\nNicht-chirurgische Fraktur des Handgelenks<br \/>\n-mmobilisation post-traumatique ou post-op\u00e9ratoire du poignet\/pouce<br \/>\n-Tendinopathien des Handgelenks und\/oder des Daumens<br \/>\n-Tenosynovitis de Quervain<br \/>\n-Arthrite rhumato\u00efde<br \/>\n-\u00c9picondylite lat\u00e9rale<br \/>\n-Konservative Behandlung des Karpaltunnelsyndroms<br \/>\n-Arthrose des Daumens\/des Handgelenks<br \/>\n-D\u00e9ficits neuro-musculaires (contractures, main tombante, spasticit\u00e9&#8230;)<\/p>\n<p><strong>Kontraindikationen<\/strong><br \/>\n-Verwenden Sie das Produkt nicht bei unklarer Diagnose<br \/>\n-Ne pas placer le produit directement en contact avec une peau l\u00e9s\u00e9e<br \/>\n-Ne pas utiliser en cas d\u2019allergie connue \u00e0 l\u2019un des composants<\/p>\n<p><strong>Merkmale<\/strong><br \/>\n-Syst\u00e8me de serrage facilit\u00e9 (technologie Quick Lacing System) pour un ajustement simplifi\u00e9 et homog\u00e8ne<br \/>\n-Maintien rigoureux du poignet et du pouce gr\u00e2ce aux deux baleines anatomiques et conformables<br \/>\n-Jersey de protection doux, tricot 3D anti-bact\u00e9rien, l\u00e9ger et respirant pour une meilleure \u00e9vacuation de l&rsquo;humidit\u00e9, adapt\u00e9 au port prolong\u00e9<br \/>\n-2 mod\u00e8les: droit et gauche<\/p>","protected":false},"excerpt":{"rendered":"<p>Handgelenk-Daumen-Schiene zur Ruhigstellung<\/p>","protected":false},"featured_media":4237,"template":"","meta":{"_acf_changed":false,"_seopress_robots_primary_cat":"none","_seopress_titles_title":"","_seopress_titles_desc":"","_seopress_robots_index":""},"product_brand":[],"product_cat":[149,185],"product_tag":[347],"categorie_principale":[28,30,29],"marque":[217],"class_list":{"0":"post-3932","1":"product","2":"type-product","3":"status-publish","4":"has-post-thumbnail","6":"product_cat-attelles-platres","7":"product_cat-main-poignet-et-doigt","8":"product_tag-best-seller","9":"categorie_principale-medecine-generale","10":"categorie_principale-orthopedie","11":"categorie_principale-permanence-hopital","12":"marque-thuasne","14":"first","15":"instock","16":"taxable","17":"shipping-taxable","18":"purchasable","19":"product-type-variable"},"supplier_id":null,"supplier_sku":"","atum_controlled":true,"out_stock_date":null,"out_stock_threshold":null,"inheritable":true,"inbound_stock":null,"stock_on_hold":0,"sold_today":0,"sales_last_days":6,"reserved_stock":null,"customer_returns":null,"warehouse_damage":null,"lost_in_post":null,"other_logs":null,"out_stock_days":0,"lost_sales":0,"has_location":true,"update_date":"2026-04-08T00:03:53","atum_locations":[{"id":373,"name":"Officine","slug":"officine"}],"atum_stock_status":"instock","restock_status":false,"low_stock_amount":"","sales_update_date":"2026-04-08T00:03:53","calc_backorders":null,"acf":[],"_links":{"self":[{"href":"https:\/\/softymed.ch\/de\/wp-json\/wp\/v2\/product\/3932","targetHints":{"allow":["GET"]}}],"collection":[{"href":"https:\/\/softymed.ch\/de\/wp-json\/wp\/v2\/product"}],"about":[{"href":"https:\/\/softymed.ch\/de\/wp-json\/wp\/v2\/types\/product"}],"wp:featuredmedia":[{"embeddable":true,"href":"https:\/\/softymed.ch\/de\/wp-json\/wp\/v2\/media\/4237"}],"wp:attachment":[{"href":"https:\/\/softymed.ch\/de\/wp-json\/wp\/v2\/media?parent=3932"}],"wp:term":[{"taxonomy":"product_brand","embeddable":true,"href":"https:\/\/softymed.ch\/de\/wp-json\/wp\/v2\/product_brand?post=3932"},{"taxonomy":"product_cat","embeddable":true,"href":"https:\/\/softymed.ch\/de\/wp-json\/wp\/v2\/product_cat?post=3932"},{"taxonomy":"product_tag","embeddable":true,"href":"https:\/\/softymed.ch\/de\/wp-json\/wp\/v2\/product_tag?post=3932"},{"taxonomy":"categorie_principale","embeddable":true,"href":"https:\/\/softymed.ch\/de\/wp-json\/wp\/v2\/categorie_principale?post=3932"},{"taxonomy":"marque","embeddable":true,"href":"https:\/\/softymed.ch\/de\/wp-json\/wp\/v2\/marque?post=3932"}],"curies":[{"name":"wp","href":"https:\/\/api.w.org\/{rel}","templated":true}]}}