{"id":3917,"date":"2024-01-25T15:21:12","date_gmt":"2024-01-25T14:21:12","guid":{"rendered":"https:\/\/softymed.ch\/?post_type=product&#038;p=3917"},"modified":"2026-01-09T15:04:25","modified_gmt":"2026-01-09T14:04:25","slug":"lepoignet","status":"publish","type":"product","link":"https:\/\/softymed.ch\/de\/boutique\/attelles-platres\/main-poignet-et-doigt\/lepoignet\/","title":{"rendered":"LePoignet"},"content":{"rendered":"<p><strong>Hinweise<\/strong><br \/>\n-Verstauchung des Handgelenks<br \/>\n-Tendinopathien des Handgelenks<br \/>\n-Arthrite rhumato\u00efde<\/p>\n<p><strong>Merkmale<\/strong><br \/>\n-Ruhigstellung: Steifer, anatomisch geformter und anpassungsf\u00e4higer Handfl\u00e4chenwal und ein R\u00fcckenwal.<br \/>\n-Confort: Tissu int\u00e9rieur a\u00e9r\u00e9, sangle amovible pour ajuster le niveau de compression<br \/>\n-Produit bilat\u00e9ral<\/p>","protected":false},"excerpt":{"rendered":"<p>Schiene zur Ruhigstellung des Handgelenks<\/p>","protected":false},"featured_media":4239,"template":"","meta":{"_acf_changed":false,"_seopress_robots_primary_cat":"none","_seopress_titles_title":"","_seopress_titles_desc":"","_seopress_robots_index":""},"product_brand":[],"product_cat":[149,185],"product_tag":[],"categorie_principale":[28,30,29],"marque":[217],"class_list":{"0":"post-3917","1":"product","2":"type-product","3":"status-publish","4":"has-post-thumbnail","6":"product_cat-attelles-platres","7":"product_cat-main-poignet-et-doigt","8":"categorie_principale-medecine-generale","9":"categorie_principale-orthopedie","10":"categorie_principale-permanence-hopital","11":"marque-thuasne","13":"first","14":"instock","15":"taxable","16":"shipping-taxable","17":"purchasable","18":"product-type-variable"},"supplier_id":null,"supplier_sku":"","atum_controlled":true,"out_stock_date":null,"out_stock_threshold":null,"inheritable":true,"inbound_stock":null,"stock_on_hold":0,"sold_today":0,"sales_last_days":0,"reserved_stock":null,"customer_returns":null,"warehouse_damage":null,"lost_in_post":null,"other_logs":null,"out_stock_days":0,"lost_sales":0,"has_location":true,"update_date":"2026-04-08T00:03:20","atum_locations":[{"id":219,"name":"Yellow Cube","slug":"yellow-cube"}],"atum_stock_status":"instock","restock_status":false,"low_stock_amount":"","sales_update_date":"2026-04-08T00:03:20","calc_backorders":null,"acf":[],"_links":{"self":[{"href":"https:\/\/softymed.ch\/de\/wp-json\/wp\/v2\/product\/3917","targetHints":{"allow":["GET"]}}],"collection":[{"href":"https:\/\/softymed.ch\/de\/wp-json\/wp\/v2\/product"}],"about":[{"href":"https:\/\/softymed.ch\/de\/wp-json\/wp\/v2\/types\/product"}],"wp:featuredmedia":[{"embeddable":true,"href":"https:\/\/softymed.ch\/de\/wp-json\/wp\/v2\/media\/4239"}],"wp:attachment":[{"href":"https:\/\/softymed.ch\/de\/wp-json\/wp\/v2\/media?parent=3917"}],"wp:term":[{"taxonomy":"product_brand","embeddable":true,"href":"https:\/\/softymed.ch\/de\/wp-json\/wp\/v2\/product_brand?post=3917"},{"taxonomy":"product_cat","embeddable":true,"href":"https:\/\/softymed.ch\/de\/wp-json\/wp\/v2\/product_cat?post=3917"},{"taxonomy":"product_tag","embeddable":true,"href":"https:\/\/softymed.ch\/de\/wp-json\/wp\/v2\/product_tag?post=3917"},{"taxonomy":"categorie_principale","embeddable":true,"href":"https:\/\/softymed.ch\/de\/wp-json\/wp\/v2\/categorie_principale?post=3917"},{"taxonomy":"marque","embeddable":true,"href":"https:\/\/softymed.ch\/de\/wp-json\/wp\/v2\/marque?post=3917"}],"curies":[{"name":"wp","href":"https:\/\/api.w.org\/{rel}","templated":true}]}}