{"id":3901,"date":"2024-01-25T15:03:48","date_gmt":"2024-01-25T14:03:48","guid":{"rendered":"https:\/\/softymed.ch\/?post_type=product&#038;p=3901"},"modified":"2025-04-16T14:12:13","modified_gmt":"2025-04-16T12:12:13","slug":"epi-med-pro-master","status":"publish","type":"product","link":"https:\/\/softymed.ch\/de\/boutique\/attelles-platres\/bras-epaule-et-coude\/epi-med-pro-master\/","title":{"rendered":"Epi-med\u00ae Pro Master"},"content":{"rendered":"<p><strong>Hinweise<\/strong><br \/>\n-Traitement de l\u2019\u00e9picondylite lat\u00e9rale ou m\u00e9diale (tennis elbow\/golfer elbow)<br \/>\n-Behandlung von Tendinopathien<br \/>\n-Pr\u00e9vention des r\u00e9cidives<br \/>\n-Aide \u00e0 soulager la douleur durant les efforts intenses (activit\u00e9s sportives ou professionnelles)<br \/>\n-Soutien lors de la reprise d\u2019activit\u00e9s<\/p>\n<p><strong>Zielpatient<\/strong><br \/>\nPatient en reprise d\u2019activit\u00e9 apr\u00e8s une tendinite (tennis elbow et\/ou d\u2019un golfer elbow) ou en usage pr\u00e9ventif.<\/p>\n<p><strong>Merkmale<\/strong><br \/>\n-Pression cibl\u00e9e: inserts en silicone \u00e0 positioner sur les \u00e9picondyles. Inserts additionnels inclus pour augmenter la pression<br \/>\n-Facilit\u00e9 d\u2019ajustement: fermeture \u00e9lastique auto-agrippante<br \/>\n-Mod\u00e8le bilat\u00e9ral<\/p>","protected":false},"excerpt":{"rendered":"<p>Verst\u00e4rktes starres Anti-Epicondylitis-Armband<\/p>","protected":false},"featured_media":2524,"template":"","meta":{"_acf_changed":false,"_seopress_robots_primary_cat":"none","_seopress_titles_title":"","_seopress_titles_desc":"","_seopress_robots_index":""},"product_brand":[],"product_cat":[149,240],"product_tag":[],"categorie_principale":[28,30,29],"marque":[217],"class_list":{"0":"post-3901","1":"product","2":"type-product","3":"status-publish","4":"has-post-thumbnail","6":"product_cat-attelles-platres","7":"product_cat-bras-epaule-et-coude","8":"categorie_principale-medecine-generale","9":"categorie_principale-orthopedie","10":"categorie_principale-permanence-hopital","11":"marque-thuasne","13":"first","14":"instock","15":"taxable","16":"shipping-taxable","17":"purchasable","18":"product-type-variable"},"supplier_id":null,"supplier_sku":"","atum_controlled":true,"out_stock_date":null,"out_stock_threshold":null,"inheritable":true,"inbound_stock":null,"stock_on_hold":0,"sold_today":0,"sales_last_days":0,"reserved_stock":null,"customer_returns":null,"warehouse_damage":null,"lost_in_post":null,"other_logs":null,"out_stock_days":0,"lost_sales":0,"has_location":true,"update_date":"2026-04-09T00:03:21","atum_locations":[{"id":219,"name":"Yellow Cube","slug":"yellow-cube"}],"atum_stock_status":"instock","restock_status":false,"low_stock_amount":"","sales_update_date":"2026-04-09T00:03:21","calc_backorders":null,"acf":[],"_links":{"self":[{"href":"https:\/\/softymed.ch\/de\/wp-json\/wp\/v2\/product\/3901","targetHints":{"allow":["GET"]}}],"collection":[{"href":"https:\/\/softymed.ch\/de\/wp-json\/wp\/v2\/product"}],"about":[{"href":"https:\/\/softymed.ch\/de\/wp-json\/wp\/v2\/types\/product"}],"wp:featuredmedia":[{"embeddable":true,"href":"https:\/\/softymed.ch\/de\/wp-json\/wp\/v2\/media\/2524"}],"wp:attachment":[{"href":"https:\/\/softymed.ch\/de\/wp-json\/wp\/v2\/media?parent=3901"}],"wp:term":[{"taxonomy":"product_brand","embeddable":true,"href":"https:\/\/softymed.ch\/de\/wp-json\/wp\/v2\/product_brand?post=3901"},{"taxonomy":"product_cat","embeddable":true,"href":"https:\/\/softymed.ch\/de\/wp-json\/wp\/v2\/product_cat?post=3901"},{"taxonomy":"product_tag","embeddable":true,"href":"https:\/\/softymed.ch\/de\/wp-json\/wp\/v2\/product_tag?post=3901"},{"taxonomy":"categorie_principale","embeddable":true,"href":"https:\/\/softymed.ch\/de\/wp-json\/wp\/v2\/categorie_principale?post=3901"},{"taxonomy":"marque","embeddable":true,"href":"https:\/\/softymed.ch\/de\/wp-json\/wp\/v2\/marque?post=3901"}],"curies":[{"name":"wp","href":"https:\/\/api.w.org\/{rel}","templated":true}]}}