{"id":3872,"date":"2024-01-25T10:20:05","date_gmt":"2024-01-25T09:20:05","guid":{"rendered":"https:\/\/softymed.ch\/?post_type=product&#038;p=3872"},"modified":"2026-03-27T16:21:01","modified_gmt":"2026-03-27T15:21:01","slug":"blutdruckmessgerat-lian-nano","status":"publish","type":"product","link":"https:\/\/softymed.ch\/de\/boutique\/appareils-equipements\/tensiometre-lian-nano\/","title":{"rendered":"Blutdruckmessger\u00e4t LIAN NANO"},"content":{"rendered":"<p><strong>Merkmale<\/strong><br \/>\n-Grande pr\u00e9cision des mesures: m\u00e9canisme \u00abhorlogerie\u00bb haute pr\u00e9cision<br \/>\n-Komfort<br \/>\n-L\u00e9ger<br \/>\n-Cuill\u00e8re ergonomique pour une parfaite prise en main<br \/>\n-Grand cadran pour une lecture simplifi\u00e9e<br \/>\n-Gro\u00dfvolumige Birne f\u00fcr schnelles Aufblasen<br \/>\n-Fermeture Velcro Spengler, le parfait mix entre maintien et praticit\u00e9<br \/>\n-R\u00e9sistant aux chocs: bo\u00eetier en ABS r\u00e9sistant aux chocs<br \/>\nManschette aus Oxford-Nylon oder Baumwolle, Klettverschluss<br \/>\n-Gr\u00f6\u00dfe M (26-34 cm), Gr\u00f6\u00dfe L (32-42 cm)<\/p>","protected":false},"excerpt":{"rendered":"<p>Klettmanschette<\/p>","protected":false},"featured_media":2578,"template":"","meta":{"_acf_changed":false,"_seopress_robots_primary_cat":"none","_seopress_titles_title":"","_seopress_titles_desc":"","_seopress_robots_index":""},"product_brand":[],"product_cat":[163,122],"product_tag":[],"categorie_principale":[32,28,29],"marque":[211],"class_list":{"0":"post-3872","1":"product","2":"type-product","3":"status-publish","4":"has-post-thumbnail","6":"product_cat-appareils-equipements","7":"product_cat-auscultation-diagnostic","8":"categorie_principale-cardiologie","9":"categorie_principale-medecine-generale","10":"categorie_principale-permanence-hopital","11":"marque-spengler","13":"first","14":"instock","15":"taxable","16":"shipping-taxable","17":"purchasable","18":"product-type-variable"},"supplier_id":null,"supplier_sku":"","atum_controlled":true,"out_stock_date":null,"out_stock_threshold":null,"inheritable":true,"inbound_stock":null,"stock_on_hold":0,"sold_today":0,"sales_last_days":0,"reserved_stock":null,"customer_returns":null,"warehouse_damage":null,"lost_in_post":null,"other_logs":null,"out_stock_days":0,"lost_sales":0,"has_location":true,"update_date":"2026-04-08T00:03:50","atum_locations":[{"id":219,"name":"Yellow Cube","slug":"yellow-cube"}],"atum_stock_status":"instock","restock_status":false,"low_stock_amount":"","sales_update_date":"2026-04-08T00:03:50","calc_backorders":null,"acf":[],"_links":{"self":[{"href":"https:\/\/softymed.ch\/de\/wp-json\/wp\/v2\/product\/3872","targetHints":{"allow":["GET"]}}],"collection":[{"href":"https:\/\/softymed.ch\/de\/wp-json\/wp\/v2\/product"}],"about":[{"href":"https:\/\/softymed.ch\/de\/wp-json\/wp\/v2\/types\/product"}],"wp:featuredmedia":[{"embeddable":true,"href":"https:\/\/softymed.ch\/de\/wp-json\/wp\/v2\/media\/2578"}],"wp:attachment":[{"href":"https:\/\/softymed.ch\/de\/wp-json\/wp\/v2\/media?parent=3872"}],"wp:term":[{"taxonomy":"product_brand","embeddable":true,"href":"https:\/\/softymed.ch\/de\/wp-json\/wp\/v2\/product_brand?post=3872"},{"taxonomy":"product_cat","embeddable":true,"href":"https:\/\/softymed.ch\/de\/wp-json\/wp\/v2\/product_cat?post=3872"},{"taxonomy":"product_tag","embeddable":true,"href":"https:\/\/softymed.ch\/de\/wp-json\/wp\/v2\/product_tag?post=3872"},{"taxonomy":"categorie_principale","embeddable":true,"href":"https:\/\/softymed.ch\/de\/wp-json\/wp\/v2\/categorie_principale?post=3872"},{"taxonomy":"marque","embeddable":true,"href":"https:\/\/softymed.ch\/de\/wp-json\/wp\/v2\/marque?post=3872"}],"curies":[{"name":"wp","href":"https:\/\/api.w.org\/{rel}","templated":true}]}}