{"id":3826,"date":"2024-01-24T16:16:32","date_gmt":"2024-01-24T15:16:32","guid":{"rendered":"https:\/\/softymed.ch\/?post_type=product&#038;p=3826"},"modified":"2026-04-08T14:24:16","modified_gmt":"2026-04-08T12:24:16","slug":"medilux-untersuchungslaken","status":"publish","type":"product","link":"https:\/\/softymed.ch\/de\/boutique\/liste-additionnelle\/drap-dexamen-medilux\/","title":{"rendered":"Medilux-Liegepapier"},"content":{"rendered":"<p><strong>Merkmale<\/strong><br \/>\n-Papier 100% ouate blanche, super r\u00e9sistant<br \/>\n-Pr\u00e9d\u00e9coup\u00e9 tous les 38 cm<\/p>\n<p><strong>Verf\u00fcgbare Ma\u00dfe<\/strong><br \/>\n50 cm x 38 cm, 2-lagig, 138 Blatt<br \/>\n60 cm x 38 cm, 2-lagig, 132 Blatt<\/p>\n<p>Kartons mit 9 Rollen, einzeln in Plastikfolie verpackt.<br \/>\nNORMES : CE \u2013 ECOLABEL \u2013 ISO 9001<\/p>","protected":false},"excerpt":{"rendered":"<p>Gepr\u00e4gt, alle 38 cm vorgeschnitten<\/p>","protected":false},"featured_media":2691,"template":"","meta":{"_acf_changed":false,"_seopress_robots_primary_cat":"none","_seopress_titles_title":"","_seopress_titles_desc":"","_seopress_robots_index":""},"product_brand":[],"product_cat":[288,176],"product_tag":[347],"categorie_principale":[165,32,31,27,106,28,29],"marque":[17],"class_list":{"0":"post-3826","1":"product","2":"type-product","3":"status-publish","4":"has-post-thumbnail","6":"product_cat-liste-additionnelle","7":"product_cat-protection-consommable","8":"product_tag-best-seller","9":"categorie_principale-autre","10":"categorie_principale-cardiologie","11":"categorie_principale-gynecologie","12":"categorie_principale-laboratoire","13":"categorie_principale-medecine-dentaire","14":"categorie_principale-medecine-generale","15":"categorie_principale-permanence-hopital","16":"marque-celtex","18":"first","19":"instock","20":"taxable","21":"shipping-taxable","22":"purchasable","23":"product-type-variable"},"supplier_id":null,"supplier_sku":"","atum_controlled":true,"out_stock_date":null,"out_stock_threshold":null,"inheritable":true,"inbound_stock":null,"stock_on_hold":0,"sold_today":0,"sales_last_days":17,"reserved_stock":null,"customer_returns":null,"warehouse_damage":null,"lost_in_post":null,"other_logs":null,"out_stock_days":0,"lost_sales":0,"has_location":true,"update_date":"2026-04-08T12:36:54","atum_locations":[{"id":373,"name":"Officine","slug":"officine"}],"atum_stock_status":"instock","restock_status":false,"low_stock_amount":"","sales_update_date":"2026-04-08T00:04:03","calc_backorders":null,"acf":[],"_links":{"self":[{"href":"https:\/\/softymed.ch\/de\/wp-json\/wp\/v2\/product\/3826","targetHints":{"allow":["GET"]}}],"collection":[{"href":"https:\/\/softymed.ch\/de\/wp-json\/wp\/v2\/product"}],"about":[{"href":"https:\/\/softymed.ch\/de\/wp-json\/wp\/v2\/types\/product"}],"wp:featuredmedia":[{"embeddable":true,"href":"https:\/\/softymed.ch\/de\/wp-json\/wp\/v2\/media\/2691"}],"wp:attachment":[{"href":"https:\/\/softymed.ch\/de\/wp-json\/wp\/v2\/media?parent=3826"}],"wp:term":[{"taxonomy":"product_brand","embeddable":true,"href":"https:\/\/softymed.ch\/de\/wp-json\/wp\/v2\/product_brand?post=3826"},{"taxonomy":"product_cat","embeddable":true,"href":"https:\/\/softymed.ch\/de\/wp-json\/wp\/v2\/product_cat?post=3826"},{"taxonomy":"product_tag","embeddable":true,"href":"https:\/\/softymed.ch\/de\/wp-json\/wp\/v2\/product_tag?post=3826"},{"taxonomy":"categorie_principale","embeddable":true,"href":"https:\/\/softymed.ch\/de\/wp-json\/wp\/v2\/categorie_principale?post=3826"},{"taxonomy":"marque","embeddable":true,"href":"https:\/\/softymed.ch\/de\/wp-json\/wp\/v2\/marque?post=3826"}],"curies":[{"name":"wp","href":"https:\/\/api.w.org\/{rel}","templated":true}]}}