{"id":3790,"date":"2024-01-24T15:14:54","date_gmt":"2024-01-24T14:14:54","guid":{"rendered":"https:\/\/softymed.ch\/?post_type=product&#038;p=3790"},"modified":"2026-03-31T18:49:33","modified_gmt":"2026-03-31T16:49:33","slug":"omnifix","status":"publish","type":"product","link":"https:\/\/softymed.ch\/de\/boutique\/liste-additionnelle\/omnifix\/","title":{"rendered":"Omnifix\u00ae"},"content":{"rendered":"<p><strong>Merkmale<\/strong><br \/>\n-Seringues \u00e0 usage unique pour un dosage tr\u00e8s pr\u00e9cis<br \/>\n-En polypropyl\u00e8ne<br \/>\n-Joint de piston tr\u00e8s maniable en caoutchouc synth\u00e9tique, sans latex &#8211; avec double bague d\u2019\u00e9tanch\u00e9it\u00e9, pour un pr\u00e9l\u00e8vement et une injection lents, en particulier pour le dosage de petits volumes<br \/>\n-Cylindre tr\u00e8s transparent, graduation bien lisible, r\u00e9sistant au lavage<br \/>\n-But\u00e9e du piston s\u00e9curis\u00e9e, pr\u00e9l\u00e8vement sans probl\u00e8me jusqu\u2019au volume maximal<br \/>\n-Ohne PVC<br \/>\n-Latexfrei<\/p>","protected":false},"excerpt":{"rendered":"<p>3-teilige Einwegspritze<\/p>","protected":false},"featured_media":2641,"template":"","meta":{"_acf_changed":false,"_seopress_robots_primary_cat":"none","_seopress_titles_title":"","_seopress_titles_desc":"","_seopress_robots_index":""},"product_brand":[],"product_cat":[288,133],"product_tag":[],"categorie_principale":[31,27,28,29],"marque":[171],"class_list":{"0":"post-3790","1":"product","2":"type-product","3":"status-publish","4":"has-post-thumbnail","6":"product_cat-liste-additionnelle","7":"product_cat-perfusion-injection","8":"categorie_principale-gynecologie","9":"categorie_principale-laboratoire","10":"categorie_principale-medecine-generale","11":"categorie_principale-permanence-hopital","12":"marque-b-braun","14":"first","15":"instock","16":"taxable","17":"shipping-taxable","18":"purchasable","19":"product-type-variable"},"supplier_id":null,"supplier_sku":"","atum_controlled":true,"out_stock_date":null,"out_stock_threshold":null,"inheritable":true,"inbound_stock":null,"stock_on_hold":0,"sold_today":0,"sales_last_days":1,"reserved_stock":null,"customer_returns":null,"warehouse_damage":null,"lost_in_post":null,"other_logs":null,"out_stock_days":0,"lost_sales":0,"has_location":true,"update_date":"2026-04-08T00:03:56","atum_locations":[{"id":373,"name":"Officine","slug":"officine"}],"atum_stock_status":"instock","restock_status":false,"low_stock_amount":"","sales_update_date":"2026-04-08T00:03:54","calc_backorders":null,"acf":[],"_links":{"self":[{"href":"https:\/\/softymed.ch\/de\/wp-json\/wp\/v2\/product\/3790","targetHints":{"allow":["GET"]}}],"collection":[{"href":"https:\/\/softymed.ch\/de\/wp-json\/wp\/v2\/product"}],"about":[{"href":"https:\/\/softymed.ch\/de\/wp-json\/wp\/v2\/types\/product"}],"wp:featuredmedia":[{"embeddable":true,"href":"https:\/\/softymed.ch\/de\/wp-json\/wp\/v2\/media\/2641"}],"wp:attachment":[{"href":"https:\/\/softymed.ch\/de\/wp-json\/wp\/v2\/media?parent=3790"}],"wp:term":[{"taxonomy":"product_brand","embeddable":true,"href":"https:\/\/softymed.ch\/de\/wp-json\/wp\/v2\/product_brand?post=3790"},{"taxonomy":"product_cat","embeddable":true,"href":"https:\/\/softymed.ch\/de\/wp-json\/wp\/v2\/product_cat?post=3790"},{"taxonomy":"product_tag","embeddable":true,"href":"https:\/\/softymed.ch\/de\/wp-json\/wp\/v2\/product_tag?post=3790"},{"taxonomy":"categorie_principale","embeddable":true,"href":"https:\/\/softymed.ch\/de\/wp-json\/wp\/v2\/categorie_principale?post=3790"},{"taxonomy":"marque","embeddable":true,"href":"https:\/\/softymed.ch\/de\/wp-json\/wp\/v2\/marque?post=3790"}],"curies":[{"name":"wp","href":"https:\/\/api.w.org\/{rel}","templated":true}]}}