{"id":3772,"date":"2024-01-24T14:41:53","date_gmt":"2024-01-24T13:41:53","guid":{"rendered":"https:\/\/softymed.ch\/?post_type=product&#038;p=3772"},"modified":"2025-07-15T15:19:36","modified_gmt":"2025-07-15T13:19:36","slug":"3m-tegaderm-roll","status":"publish","type":"product","link":"https:\/\/softymed.ch\/de\/boutique\/soin-des-plaies\/pansement\/3m-tegaderm-roll\/","title":{"rendered":"3M\u2122 Tegaderm\u2122 Roll"},"content":{"rendered":"<p>Le film adh\u00e9sif transparent 3M\u2122 Tegaderm\u2122 Roll est indiqu\u00e9 comme pansement secondaire, pour le maintien d\u2019autres dispositifs m\u00e9dicaux ou en protection des zones \u00e0 risque sur une peau intacte (ex: zone \u00e0 risque d\u2019escarre de stade I). Son conditionnement en format rouleau permet de le d\u00e9couper \u00e0 la longueur d\u00e9sir\u00e9e.<\/p>\n<p><strong>Merkmale<\/strong><br \/>\n-Film imperm\u00e9able aux bact\u00e9ries, aux virus et \u00e0 l\u2019eau. Permet la douche et la baignade<br \/>\n-B\u00e9n\u00e9ficie d\u2019un syst\u00e8me d\u2019application facile pour une mise en place pr\u00e9cise du film<br \/>\n-Se d\u00e9coupe \u00e0 la longueur d\u00e9sir\u00e9e pour une adaptation \u00e0 tous types de pansement<br \/>\n-Le film conformable \u00e9pouse la peau pour un confort accru du patient<br \/>\n-Compatibles avec les radiographies: il n\u2019est pas n\u00e9cessaire de le retirer pour une radiographie de diagnostic ou une radioth\u00e9rapie. N\u2019agit pas comme un mat\u00e9riau de bolus, avec ou sans film protecteur cutan\u00e9 non-irritant<br \/>\n-Peut \u00eatre port\u00e9 pendant 7 jours<br \/>\n-Le cadre de pose facilite le positionnement pr\u00e9cis du pansement et minimise ainsi le risque d\u2019adh\u00e9rer aux gants ou sur lui-m\u00eame<\/p>","protected":false},"excerpt":{"rendered":"<p>Rolle Klarsichtfolie<\/p>","protected":false},"featured_media":2456,"template":"","meta":{"_acf_changed":false,"_seopress_robots_primary_cat":"none","_seopress_titles_title":"","_seopress_titles_desc":"","_seopress_robots_index":""},"product_brand":[],"product_cat":[146,104],"product_tag":[],"categorie_principale":[31,28,29],"marque":[102],"class_list":{"0":"post-3772","1":"product","2":"type-product","3":"status-publish","4":"has-post-thumbnail","6":"product_cat-pansement","7":"product_cat-soin-des-plaies","8":"categorie_principale-gynecologie","9":"categorie_principale-medecine-generale","10":"categorie_principale-permanence-hopital","11":"marque-3m","13":"first","14":"outofstock","15":"taxable","16":"shipping-taxable","17":"purchasable","18":"product-type-variable"},"supplier_id":null,"supplier_sku":"","atum_controlled":true,"out_stock_date":null,"out_stock_threshold":null,"inheritable":true,"inbound_stock":null,"stock_on_hold":0,"sold_today":0,"sales_last_days":0,"reserved_stock":null,"customer_returns":null,"warehouse_damage":null,"lost_in_post":null,"other_logs":null,"out_stock_days":0,"lost_sales":0,"has_location":true,"update_date":"2026-04-08T00:03:18","atum_locations":[{"id":373,"name":"Officine","slug":"officine"}],"atum_stock_status":"outofstock","restock_status":false,"low_stock_amount":"","sales_update_date":"2026-04-08T00:03:18","calc_backorders":null,"acf":[],"_links":{"self":[{"href":"https:\/\/softymed.ch\/de\/wp-json\/wp\/v2\/product\/3772","targetHints":{"allow":["GET"]}}],"collection":[{"href":"https:\/\/softymed.ch\/de\/wp-json\/wp\/v2\/product"}],"about":[{"href":"https:\/\/softymed.ch\/de\/wp-json\/wp\/v2\/types\/product"}],"wp:featuredmedia":[{"embeddable":true,"href":"https:\/\/softymed.ch\/de\/wp-json\/wp\/v2\/media\/2456"}],"wp:attachment":[{"href":"https:\/\/softymed.ch\/de\/wp-json\/wp\/v2\/media?parent=3772"}],"wp:term":[{"taxonomy":"product_brand","embeddable":true,"href":"https:\/\/softymed.ch\/de\/wp-json\/wp\/v2\/product_brand?post=3772"},{"taxonomy":"product_cat","embeddable":true,"href":"https:\/\/softymed.ch\/de\/wp-json\/wp\/v2\/product_cat?post=3772"},{"taxonomy":"product_tag","embeddable":true,"href":"https:\/\/softymed.ch\/de\/wp-json\/wp\/v2\/product_tag?post=3772"},{"taxonomy":"categorie_principale","embeddable":true,"href":"https:\/\/softymed.ch\/de\/wp-json\/wp\/v2\/categorie_principale?post=3772"},{"taxonomy":"marque","embeddable":true,"href":"https:\/\/softymed.ch\/de\/wp-json\/wp\/v2\/marque?post=3772"}],"curies":[{"name":"wp","href":"https:\/\/api.w.org\/{rel}","templated":true}]}}