{"id":3760,"date":"2024-01-24T14:09:13","date_gmt":"2024-01-24T13:09:13","guid":{"rendered":"https:\/\/softymed.ch\/?post_type=product&#038;p=3760"},"modified":"2026-01-06T16:32:42","modified_gmt":"2026-01-06T15:32:42","slug":"3m-scotchcast-quick-step","status":"publish","type":"product","link":"https:\/\/softymed.ch\/de\/boutique\/attelles-platres\/platre\/3m-scotchcast-quick-step\/","title":{"rendered":"3M\u2122 Scotchcast\u2122 Quick Step"},"content":{"rendered":"<p><strong>Merkmale<\/strong><br \/>\n-Attelle r\u00e9sine en rouleau capitonn\u00e9e en feutre sur chaque face, pour une immobilisation partielle<br \/>\n-Le capitonnage en feutre des deux c\u00f4t\u00e9s de l\u2019attelle contribue \u00e0 \u00e9liminer le risque de pose du mauvais c\u00f4t\u00e9 et offre confort et protection au patient<br \/>\n-Le feutre de l\u2019attelle ne retient pas l\u2019eau, ce qui permet de garder la peau du patient au sec et de r\u00e9duire les risques de mac\u00e9ration<br \/>\n-Grande conformabilit\u00e9: la souplesse de la r\u00e9sine faite de 7 couches en fibre de verre et la finesse du feutre permettent de suivre avec pr\u00e9cision la morphologie du patient et les contours articulaires<br \/>\n-Gr\u00e2ce \u00e0 deux bandelettes adh\u00e9sives, le feutre peut \u00eatre ouvert facilement de chaque c\u00f4t\u00e9 de l\u2019attelle pour acc\u00e9der rapidement aux couches de r\u00e9sine afin de les red\u00e9couper sans difficult\u00e9<br \/>\n-L\u2019emballage se referme herm\u00e9tiquement \u00e0 l\u2019aide d\u2019une pince, ce qui emp\u00eache la p\u00e9n\u00e9tration de l\u2019air, l\u2019exposition \u00e0 l\u2019humidit\u00e9, donc le durcissement de la r\u00e9sine et le gaspillage<br \/>\n-\u00c0 utiliser dans la r\u00e9alisation d\u2019attelles orthop\u00e9diques standard<br \/>\n-Id\u00e9ale pour des services ayant de gros besoins en mati\u00e8re d\u2019immobilisation rapide, tels que les services d\u2019urgences<\/p>","protected":false},"excerpt":{"rendered":"<p>Schiene in Rollenform<\/p>","protected":false},"featured_media":2471,"template":"","meta":{"_acf_changed":false,"_seopress_robots_primary_cat":"none","_seopress_titles_title":"","_seopress_titles_desc":"","_seopress_robots_index":""},"product_brand":[],"product_cat":[149,150],"product_tag":[],"categorie_principale":[28,29],"marque":[102],"class_list":{"0":"post-3760","1":"product","2":"type-product","3":"status-publish","4":"has-post-thumbnail","6":"product_cat-attelles-platres","7":"product_cat-platre","8":"categorie_principale-medecine-generale","9":"categorie_principale-permanence-hopital","10":"marque-3m","12":"first","13":"instock","14":"taxable","15":"shipping-taxable","16":"purchasable","17":"product-type-variable"},"supplier_id":null,"supplier_sku":"","atum_controlled":true,"out_stock_date":null,"out_stock_threshold":null,"inheritable":true,"inbound_stock":null,"stock_on_hold":0,"sold_today":0,"sales_last_days":0,"reserved_stock":null,"customer_returns":null,"warehouse_damage":null,"lost_in_post":null,"other_logs":null,"out_stock_days":0,"lost_sales":0,"has_location":true,"update_date":"2026-04-08T00:03:17","atum_locations":[{"id":373,"name":"Officine","slug":"officine"}],"atum_stock_status":"instock","restock_status":false,"low_stock_amount":"","sales_update_date":"2026-04-08T00:03:17","calc_backorders":null,"acf":[],"_links":{"self":[{"href":"https:\/\/softymed.ch\/de\/wp-json\/wp\/v2\/product\/3760","targetHints":{"allow":["GET"]}}],"collection":[{"href":"https:\/\/softymed.ch\/de\/wp-json\/wp\/v2\/product"}],"about":[{"href":"https:\/\/softymed.ch\/de\/wp-json\/wp\/v2\/types\/product"}],"wp:featuredmedia":[{"embeddable":true,"href":"https:\/\/softymed.ch\/de\/wp-json\/wp\/v2\/media\/2471"}],"wp:attachment":[{"href":"https:\/\/softymed.ch\/de\/wp-json\/wp\/v2\/media?parent=3760"}],"wp:term":[{"taxonomy":"product_brand","embeddable":true,"href":"https:\/\/softymed.ch\/de\/wp-json\/wp\/v2\/product_brand?post=3760"},{"taxonomy":"product_cat","embeddable":true,"href":"https:\/\/softymed.ch\/de\/wp-json\/wp\/v2\/product_cat?post=3760"},{"taxonomy":"product_tag","embeddable":true,"href":"https:\/\/softymed.ch\/de\/wp-json\/wp\/v2\/product_tag?post=3760"},{"taxonomy":"categorie_principale","embeddable":true,"href":"https:\/\/softymed.ch\/de\/wp-json\/wp\/v2\/categorie_principale?post=3760"},{"taxonomy":"marque","embeddable":true,"href":"https:\/\/softymed.ch\/de\/wp-json\/wp\/v2\/marque?post=3760"}],"curies":[{"name":"wp","href":"https:\/\/api.w.org\/{rel}","templated":true}]}}