{"id":3482,"date":"2023-12-28T15:09:50","date_gmt":"2023-12-28T14:09:50","guid":{"rendered":"https:\/\/softymed.ch\/?post_type=product&#038;p=3482"},"modified":"2026-03-31T16:19:29","modified_gmt":"2026-03-31T14:19:29","slug":"3m-tegaderm-pad","status":"publish","type":"product","link":"https:\/\/softymed.ch\/de\/boutique\/soin-des-plaies\/pansement\/3m-tegaderm-pad\/","title":{"rendered":"3M\u2122 Tegaderm\u2122 + Pad"},"content":{"rendered":"<p>Le pansement 3M\u2122 Tegaderm\u2122 + Pad est un pansement tout en un. Il est \u00e9tanche \u00e0 l\u2019eau, aux bact\u00e9ries et aux virus. Confortable \u00e0 porter, le pansement 3M\u2122 Tegaderm\u2122 + Pad peut rester en place jusqu\u2019\u00e0 4 jours (r\u00e9siste \u00e0 la douche).<\/p>\n<p>Le pansement 3M\u2122 Tegaderm\u2122 + Pad est indiqu\u00e9 pour couvrir les plaies telles que les coupures, les \u00e9corchures, les br\u00fblures, les abrasions et les incisions chirurgicales. Du fait de son \u00e9tanch\u00e9it\u00e9 \u00e0 l\u2019eau, aux bact\u00e9ries et aux virus, il permet d\u2019\u00e9viter le risque de contamination exog\u00e8ne. Sa compresse recouverte d\u2019un film de poly\u00e9thyl\u00e8ne est absorbante et non adh\u00e9rente \u00e0 la plaie. Confortable \u00e0 porter, le pansement 3M\u2122 Tegaderm\u2122 + Pad peut rester en place jusqu\u2019\u00e0 4 jours (r\u00e9siste \u00e0 la douche).<\/p>\n<p><strong>Merkmale<\/strong><br \/>\n-Simplicit\u00e9 du cadre de pose: permet une pose pr\u00e9cise et rapide du pansement<br \/>\n-Compresse absorbante et non adh\u00e9rente \u00e0 la plaie<br \/>\n-Reste en place jusqu\u2019\u00e0 4 jours (permet la douche)<br \/>\n-Laisse respirer la peau pour un confort am\u00e9lior\u00e9<br \/>\n-Abgerundete Kanten f\u00fcr besseren Halt<br \/>\n-Confortable : souple et extensible, le pansement s\u2019adapte aux mouvements et \u00e0 la morphologie de chacun<\/p>","protected":false},"excerpt":{"rendered":"<p>Filmverband mit steriler, nicht haftender Kompresse<\/p>","protected":false},"featured_media":2441,"template":"","meta":{"_acf_changed":false,"_seopress_robots_primary_cat":"146","_seopress_titles_title":"","_seopress_titles_desc":"","_seopress_robots_index":""},"product_brand":[],"product_cat":[372,146,104],"product_tag":[],"categorie_principale":[28,29],"marque":[102],"class_list":{"0":"post-3482","1":"product","2":"type-product","3":"status-publish","4":"has-post-thumbnail","6":"product_cat-medicusana","7":"product_cat-pansement","8":"product_cat-soin-des-plaies","9":"categorie_principale-medecine-generale","10":"categorie_principale-permanence-hopital","11":"marque-3m","13":"first","14":"instock","15":"taxable","16":"shipping-taxable","17":"purchasable","18":"product-type-variable"},"supplier_id":null,"supplier_sku":"","atum_controlled":true,"out_stock_date":null,"out_stock_threshold":null,"inheritable":true,"inbound_stock":0,"stock_on_hold":0,"sold_today":0,"sales_last_days":6,"reserved_stock":0,"customer_returns":0,"warehouse_damage":0,"lost_in_post":0,"other_logs":0,"out_stock_days":0,"lost_sales":0,"has_location":true,"update_date":"2026-04-08T00:03:53","atum_locations":[{"id":373,"name":"Officine","slug":"officine"}],"atum_stock_status":"instock","restock_status":false,"low_stock_amount":"","sales_update_date":"2026-04-08T00:03:53","calc_backorders":null,"acf":[],"_links":{"self":[{"href":"https:\/\/softymed.ch\/de\/wp-json\/wp\/v2\/product\/3482","targetHints":{"allow":["GET"]}}],"collection":[{"href":"https:\/\/softymed.ch\/de\/wp-json\/wp\/v2\/product"}],"about":[{"href":"https:\/\/softymed.ch\/de\/wp-json\/wp\/v2\/types\/product"}],"wp:featuredmedia":[{"embeddable":true,"href":"https:\/\/softymed.ch\/de\/wp-json\/wp\/v2\/media\/2441"}],"wp:attachment":[{"href":"https:\/\/softymed.ch\/de\/wp-json\/wp\/v2\/media?parent=3482"}],"wp:term":[{"taxonomy":"product_brand","embeddable":true,"href":"https:\/\/softymed.ch\/de\/wp-json\/wp\/v2\/product_brand?post=3482"},{"taxonomy":"product_cat","embeddable":true,"href":"https:\/\/softymed.ch\/de\/wp-json\/wp\/v2\/product_cat?post=3482"},{"taxonomy":"product_tag","embeddable":true,"href":"https:\/\/softymed.ch\/de\/wp-json\/wp\/v2\/product_tag?post=3482"},{"taxonomy":"categorie_principale","embeddable":true,"href":"https:\/\/softymed.ch\/de\/wp-json\/wp\/v2\/categorie_principale?post=3482"},{"taxonomy":"marque","embeddable":true,"href":"https:\/\/softymed.ch\/de\/wp-json\/wp\/v2\/marque?post=3482"}],"curies":[{"name":"wp","href":"https:\/\/api.w.org\/{rel}","templated":true}]}}