{"id":3433,"date":"2023-12-27T15:36:16","date_gmt":"2023-12-27T14:36:16","guid":{"rendered":"https:\/\/softymed.ch\/boutique\/conteneur-dexpedition-refrigere-2\/"},"modified":"2025-09-24T16:55:39","modified_gmt":"2025-09-24T14:55:39","slug":"gekuhlter-versandcontainer-lp","status":"publish","type":"product","link":"https:\/\/softymed.ch\/de\/boutique\/clients-labpoint-avantages-particuliers\/anamed\/conteneur-dexpedition-refrigere-lp\/","title":{"rendered":"K\u00fchlversandbeh\u00e4lter"},"content":{"rendered":"<p>Gek\u00fchlter Versandbeh\u00e4lter f\u00fcr gefrorene Proben, englisch<\/p>\n<p>Dieses Produkt wird Ihnen von LabPoint zugeschickt.<\/p>","protected":false},"excerpt":{"rendered":"<p>F\u00fcr gefrorene Probe (Englisch)<\/p>","protected":false},"featured_media":2419,"template":"","meta":{"_acf_changed":false,"_seopress_robots_primary_cat":"none","_seopress_titles_title":"","_seopress_titles_desc":"","_seopress_robots_index":""},"product_brand":[],"product_cat":[375,371,126,287,225],"product_tag":[289],"categorie_principale":[165,32,31,27,28,29],"marque":[207],"class_list":{"0":"post-3433","1":"product","2":"type-product","3":"status-publish","4":"has-post-thumbnail","6":"product_cat-anamed","7":"product_cat-clients-labpoint-avantages-particuliers","8":"product_cat-expedition-transport","9":"product_cat-carte-de-commande","10":"product_cat-labpoint","11":"product_tag-reserve-aux-clients-labpoint","12":"categorie_principale-autre","13":"categorie_principale-cardiologie","14":"categorie_principale-gynecologie","15":"categorie_principale-laboratoire","16":"categorie_principale-medecine-generale","17":"categorie_principale-permanence-hopital","18":"marque-sarstedt","20":"first","21":"instock","22":"purchasable","23":"product-type-simple"},"supplier_id":null,"supplier_sku":"","atum_controlled":true,"out_stock_date":"2024-01-26 08:49:05","out_stock_threshold":null,"inheritable":false,"inbound_stock":0,"stock_on_hold":0,"sold_today":30,"sales_last_days":34,"reserved_stock":0,"customer_returns":0,"warehouse_damage":0,"lost_in_post":0,"other_logs":0,"out_stock_days":816,"lost_sales":0,"has_location":true,"update_date":"2026-04-21T16:35:28","atum_locations":[{"id":218,"name":"LabPoint","slug":"labpoint"}],"atum_stock_status":"instock","restock_status":false,"low_stock_amount":"","sales_update_date":"2026-04-21T16:35:28","calc_backorders":null,"acf":[],"_links":{"self":[{"href":"https:\/\/softymed.ch\/de\/wp-json\/wp\/v2\/product\/3433","targetHints":{"allow":["GET"]}}],"collection":[{"href":"https:\/\/softymed.ch\/de\/wp-json\/wp\/v2\/product"}],"about":[{"href":"https:\/\/softymed.ch\/de\/wp-json\/wp\/v2\/types\/product"}],"wp:featuredmedia":[{"embeddable":true,"href":"https:\/\/softymed.ch\/de\/wp-json\/wp\/v2\/media\/2419"}],"wp:attachment":[{"href":"https:\/\/softymed.ch\/de\/wp-json\/wp\/v2\/media?parent=3433"}],"wp:term":[{"taxonomy":"product_brand","embeddable":true,"href":"https:\/\/softymed.ch\/de\/wp-json\/wp\/v2\/product_brand?post=3433"},{"taxonomy":"product_cat","embeddable":true,"href":"https:\/\/softymed.ch\/de\/wp-json\/wp\/v2\/product_cat?post=3433"},{"taxonomy":"product_tag","embeddable":true,"href":"https:\/\/softymed.ch\/de\/wp-json\/wp\/v2\/product_tag?post=3433"},{"taxonomy":"categorie_principale","embeddable":true,"href":"https:\/\/softymed.ch\/de\/wp-json\/wp\/v2\/categorie_principale?post=3433"},{"taxonomy":"marque","embeddable":true,"href":"https:\/\/softymed.ch\/de\/wp-json\/wp\/v2\/marque?post=3433"}],"curies":[{"name":"wp","href":"https:\/\/api.w.org\/{rel}","templated":true}]}}