{"id":3416,"date":"2023-12-27T15:36:09","date_gmt":"2023-12-27T14:36:09","guid":{"rendered":"https:\/\/softymed.ch\/boutique\/v-monovette-urine-3\/"},"modified":"2026-04-08T14:24:14","modified_gmt":"2026-04-08T12:24:14","slug":"v-monovette-urin-borsaure-10","status":"publish","type":"product","link":"https:\/\/softymed.ch\/de\/boutique\/prelevements\/prelevement-urinaire\/v-monovette-urine-acide-borique-10\/","title":{"rendered":"V-Monovette\u00ae Urin"},"content":{"rendered":"<p>Nennvolumen: 10 ml<br \/>\nBors\u00e4ure, Vakuumsystem f\u00fcr die \u00dcbertragung von Urin in einem geschlossenen Kreislauf<br \/>\n(L x \u00d8): 100 x 15 mm, transparent, graduation maximale<br \/>\nMat\u00e9riau: PET, cape \u00e0 membrane, bouchon vert, avec \u00e9tiquette papier, st\u00e9rile.<br \/>\n50 pi\u00e8ces\/sachet<\/p>\n<p>ATTENTION!!! Ce produit va s&rsquo;arr\u00eater et sera remplac\u00e9 par 10.253.<\/p>","protected":false},"excerpt":{"rendered":"<p>Bors\u00e4ure, Vakuumsystem f\u00fcr die \u00dcbertragung von Urin in einem geschlossenen Kreislauf<\/p>","protected":false},"featured_media":2297,"template":"","meta":{"_acf_changed":false,"_seopress_robots_primary_cat":"none","_seopress_titles_title":"","_seopress_titles_desc":"","_seopress_robots_index":""},"product_brand":[],"product_cat":[287,131,140,136],"product_tag":[401],"categorie_principale":[31,27,28,29],"marque":[207],"class_list":{"0":"post-3416","1":"product","2":"type-product","3":"status-publish","4":"has-post-thumbnail","6":"product_cat-carte-de-commande","7":"product_cat-microbiologie","8":"product_cat-prelevement-urinaire","9":"product_cat-prelevements","10":"product_tag-dernieres-pieces","11":"categorie_principale-gynecologie","12":"categorie_principale-laboratoire","13":"categorie_principale-medecine-generale","14":"categorie_principale-permanence-hopital","15":"marque-sarstedt","17":"first","18":"instock","19":"taxable","20":"shipping-taxable","21":"purchasable","22":"product-type-simple"},"supplier_id":null,"supplier_sku":"","atum_controlled":true,"out_stock_date":null,"out_stock_threshold":null,"inheritable":false,"inbound_stock":null,"stock_on_hold":0,"sold_today":0,"sales_last_days":12,"reserved_stock":null,"customer_returns":null,"warehouse_damage":null,"lost_in_post":null,"other_logs":null,"out_stock_days":0,"lost_sales":0,"has_location":true,"update_date":"2026-04-09T16:23:51","atum_locations":[{"id":373,"name":"Officine","slug":"officine"}],"atum_stock_status":"instock","restock_status":false,"low_stock_amount":"","sales_update_date":"2026-04-09T16:23:51","calc_backorders":null,"acf":[],"_links":{"self":[{"href":"https:\/\/softymed.ch\/de\/wp-json\/wp\/v2\/product\/3416","targetHints":{"allow":["GET"]}}],"collection":[{"href":"https:\/\/softymed.ch\/de\/wp-json\/wp\/v2\/product"}],"about":[{"href":"https:\/\/softymed.ch\/de\/wp-json\/wp\/v2\/types\/product"}],"wp:featuredmedia":[{"embeddable":true,"href":"https:\/\/softymed.ch\/de\/wp-json\/wp\/v2\/media\/2297"}],"wp:attachment":[{"href":"https:\/\/softymed.ch\/de\/wp-json\/wp\/v2\/media?parent=3416"}],"wp:term":[{"taxonomy":"product_brand","embeddable":true,"href":"https:\/\/softymed.ch\/de\/wp-json\/wp\/v2\/product_brand?post=3416"},{"taxonomy":"product_cat","embeddable":true,"href":"https:\/\/softymed.ch\/de\/wp-json\/wp\/v2\/product_cat?post=3416"},{"taxonomy":"product_tag","embeddable":true,"href":"https:\/\/softymed.ch\/de\/wp-json\/wp\/v2\/product_tag?post=3416"},{"taxonomy":"categorie_principale","embeddable":true,"href":"https:\/\/softymed.ch\/de\/wp-json\/wp\/v2\/categorie_principale?post=3416"},{"taxonomy":"marque","embeddable":true,"href":"https:\/\/softymed.ch\/de\/wp-json\/wp\/v2\/marque?post=3416"}],"curies":[{"name":"wp","href":"https:\/\/api.w.org\/{rel}","templated":true}]}}