{"id":3389,"date":"2023-12-27T15:35:54","date_gmt":"2023-12-27T14:35:54","guid":{"rendered":"https:\/\/softymed.ch\/boutique\/microvette-200-serum\/"},"modified":"2026-03-16T11:50:43","modified_gmt":"2026-03-16T10:50:43","slug":"microvette-200-serum","status":"publish","type":"product","link":"https:\/\/softymed.ch\/de\/boutique\/prelevements\/prelevement-capillaire\/microvette-200-serum\/","title":{"rendered":"Microvette\u00ae 200 Serum"},"content":{"rendered":"<p>Pr\u00e9paration: activateur de coagulation<br \/>\nVolume nominal: 200 \u00b5l<br \/>\n(Lx\u00d8) avec cape: 47,6 x 10,8 mm, avec aplat<br \/>\nBouchon rouge, fond plat, tube int\u00e9rieur: conique<br \/>\n100 pi\u00e8ce(s)\/carton<\/p>","protected":false},"excerpt":{"rendered":"<p>Zubereitung: Gerinnungsaktivator Nennvolumen: 200 \u00b5l (Lx\u00d8) mit Kappe: 47,6 x 10,8 mm, mit Vollfl\u00e4che Roter Stopfen, flacher Boden, Innenrohr: konisch 100 St\u00fcck\/Karton<\/p>","protected":false},"featured_media":2312,"template":"","meta":{"_acf_changed":false,"_seopress_robots_primary_cat":"none","_seopress_titles_title":"","_seopress_titles_desc":"","_seopress_robots_index":""},"product_brand":[],"product_cat":[287,138,136],"product_tag":[],"categorie_principale":[31,27,28,29],"marque":[207],"class_list":{"0":"post-3389","1":"product","2":"type-product","3":"status-publish","4":"has-post-thumbnail","6":"product_cat-carte-de-commande","7":"product_cat-prelevement-capillaire","8":"product_cat-prelevements","9":"categorie_principale-gynecologie","10":"categorie_principale-laboratoire","11":"categorie_principale-medecine-generale","12":"categorie_principale-permanence-hopital","13":"marque-sarstedt","15":"first","16":"instock","17":"taxable","18":"shipping-taxable","19":"purchasable","20":"product-type-simple"},"supplier_id":null,"supplier_sku":"","atum_controlled":true,"out_stock_date":null,"out_stock_threshold":null,"inheritable":false,"inbound_stock":null,"stock_on_hold":0,"sold_today":0,"sales_last_days":0,"reserved_stock":null,"customer_returns":null,"warehouse_damage":null,"lost_in_post":null,"other_logs":null,"out_stock_days":0,"lost_sales":0,"has_location":true,"update_date":"2026-04-08T00:03:41","atum_locations":[{"id":373,"name":"Officine","slug":"officine"}],"atum_stock_status":"instock","restock_status":false,"low_stock_amount":"","sales_update_date":"2026-04-08T00:03:41","calc_backorders":null,"acf":[],"_links":{"self":[{"href":"https:\/\/softymed.ch\/de\/wp-json\/wp\/v2\/product\/3389","targetHints":{"allow":["GET"]}}],"collection":[{"href":"https:\/\/softymed.ch\/de\/wp-json\/wp\/v2\/product"}],"about":[{"href":"https:\/\/softymed.ch\/de\/wp-json\/wp\/v2\/types\/product"}],"wp:featuredmedia":[{"embeddable":true,"href":"https:\/\/softymed.ch\/de\/wp-json\/wp\/v2\/media\/2312"}],"wp:attachment":[{"href":"https:\/\/softymed.ch\/de\/wp-json\/wp\/v2\/media?parent=3389"}],"wp:term":[{"taxonomy":"product_brand","embeddable":true,"href":"https:\/\/softymed.ch\/de\/wp-json\/wp\/v2\/product_brand?post=3389"},{"taxonomy":"product_cat","embeddable":true,"href":"https:\/\/softymed.ch\/de\/wp-json\/wp\/v2\/product_cat?post=3389"},{"taxonomy":"product_tag","embeddable":true,"href":"https:\/\/softymed.ch\/de\/wp-json\/wp\/v2\/product_tag?post=3389"},{"taxonomy":"categorie_principale","embeddable":true,"href":"https:\/\/softymed.ch\/de\/wp-json\/wp\/v2\/categorie_principale?post=3389"},{"taxonomy":"marque","embeddable":true,"href":"https:\/\/softymed.ch\/de\/wp-json\/wp\/v2\/marque?post=3389"}],"curies":[{"name":"wp","href":"https:\/\/api.w.org\/{rel}","templated":true}]}}