{"id":3312,"date":"2023-12-27T15:35:31","date_gmt":"2023-12-27T14:35:31","guid":{"rendered":"https:\/\/softymed.ch\/boutique\/test-rapide-de-grossesse\/"},"modified":"2026-03-26T13:09:27","modified_gmt":"2026-03-26T12:09:27","slug":"schwangerschaftsschnelltest","status":"publish","type":"product","link":"https:\/\/softymed.ch\/de\/boutique\/carte-de-commande\/test-rapide-de-grossesse\/","title":{"rendered":"Schwangerschafts-Schnelltest"},"content":{"rendered":"<p>Le test rapide de grossesse hCG est un test immunologique chromatographique rapide pour la d\u00e9tection qualitative de la gonadotrophine chorionique humaine dans l\u2019urine afin d\u2019aider \u00e0 la d\u00e9tection pr\u00e9coce de la grossesse.<\/p>\n<p><strong>Merkmale<\/strong><br \/>\n-R\u00e9sultats rapides<br \/>\n-Interpr\u00e9tation visuelle facile<br \/>\n-Fonctionnement simple sans \u00e9quipement<br \/>\n-Haute pr\u00e9cision<\/p>","protected":false},"excerpt":{"rendered":"<p>HCG Pregnancy Rapid Test Cassette<br \/>\nSerum\/Plasma\/Urin<\/p>","protected":false},"featured_media":529,"template":"","meta":{"_acf_changed":false,"_seopress_robots_primary_cat":"none","_seopress_titles_title":"","_seopress_titles_desc":"","_seopress_robots_index":""},"product_brand":[],"product_cat":[287,68],"product_tag":[347],"categorie_principale":[31,27,28,29],"marque":[78],"class_list":{"0":"post-3312","1":"product","2":"type-product","3":"status-publish","4":"has-post-thumbnail","6":"product_cat-carte-de-commande","7":"product_cat-test-rapide","8":"product_tag-best-seller","9":"categorie_principale-gynecologie","10":"categorie_principale-laboratoire","11":"categorie_principale-medecine-generale","12":"categorie_principale-permanence-hopital","13":"marque-all-test","15":"first","16":"instock","17":"taxable","18":"shipping-taxable","19":"purchasable","20":"product-type-simple"},"supplier_id":null,"supplier_sku":"","atum_controlled":true,"out_stock_date":null,"out_stock_threshold":null,"inheritable":false,"inbound_stock":null,"stock_on_hold":0,"sold_today":0,"sales_last_days":1,"reserved_stock":null,"customer_returns":null,"warehouse_damage":null,"lost_in_post":null,"other_logs":null,"out_stock_days":0,"lost_sales":0,"has_location":true,"update_date":"2026-04-08T00:03:48","atum_locations":[{"id":373,"name":"Officine","slug":"officine"}],"atum_stock_status":"instock","restock_status":false,"low_stock_amount":"","sales_update_date":"2026-04-08T00:03:48","calc_backorders":null,"acf":[],"_links":{"self":[{"href":"https:\/\/softymed.ch\/de\/wp-json\/wp\/v2\/product\/3312","targetHints":{"allow":["GET"]}}],"collection":[{"href":"https:\/\/softymed.ch\/de\/wp-json\/wp\/v2\/product"}],"about":[{"href":"https:\/\/softymed.ch\/de\/wp-json\/wp\/v2\/types\/product"}],"wp:featuredmedia":[{"embeddable":true,"href":"https:\/\/softymed.ch\/de\/wp-json\/wp\/v2\/media\/529"}],"wp:attachment":[{"href":"https:\/\/softymed.ch\/de\/wp-json\/wp\/v2\/media?parent=3312"}],"wp:term":[{"taxonomy":"product_brand","embeddable":true,"href":"https:\/\/softymed.ch\/de\/wp-json\/wp\/v2\/product_brand?post=3312"},{"taxonomy":"product_cat","embeddable":true,"href":"https:\/\/softymed.ch\/de\/wp-json\/wp\/v2\/product_cat?post=3312"},{"taxonomy":"product_tag","embeddable":true,"href":"https:\/\/softymed.ch\/de\/wp-json\/wp\/v2\/product_tag?post=3312"},{"taxonomy":"categorie_principale","embeddable":true,"href":"https:\/\/softymed.ch\/de\/wp-json\/wp\/v2\/categorie_principale?post=3312"},{"taxonomy":"marque","embeddable":true,"href":"https:\/\/softymed.ch\/de\/wp-json\/wp\/v2\/marque?post=3312"}],"curies":[{"name":"wp","href":"https:\/\/api.w.org\/{rel}","templated":true}]}}