{"id":3113,"date":"2023-12-19T17:08:38","date_gmt":"2023-12-19T16:08:38","guid":{"rendered":"https:\/\/softymed.ch\/boutique\/non%20class\u00e9\/canne-anglaise-enfant\/"},"modified":"2025-12-01T16:53:09","modified_gmt":"2025-12-01T15:53:09","slug":"englischer-spazierstock-kind","status":"publish","type":"product","link":"https:\/\/softymed.ch\/de\/boutique\/attelles-platres\/cheville-pied\/canne-anglaise-enfant\/","title":{"rendered":"Englischer Spazierstock Kind"},"content":{"rendered":"<p><strong>Merkmale<\/strong><br \/>\n-Confortable: poign\u00e9e souple anti-glisse<br \/>\n-Ajustable: r\u00e9glable en hauteur, elle s&rsquo;adapte \u00e0 la taille de la plupart des utilisateurs*<br \/>\n-Anti-d\u00e9rapante: l&#8217;embout en caoutchouc s\u00e9curise son utilisation<br \/>\n-R\u00e9sistant: tube en aluminium<br \/>\n-Visible: r\u00e9flecteur \u00e0 l&rsquo;avant et \u00e0 l&rsquo;arri\u00e8re de la poign\u00e9e<br \/>\n-Hauteur r\u00e9glable: de 57 \u00e0 75 cm<br \/>\n-Poids: 470 g l&rsquo;unit\u00e9<br \/>\n-Farbe: mehrfarbig<\/p>\n<p>* Convient pour un utilisateur d&rsquo;un poids maximum de 100 kg, de stature de 1,10 \u00e0 1,44 m (taille indicative)<\/p>","protected":false},"excerpt":{"rendered":"<p>Kinderkr\u00fccken, mit weichem Griff und Lichtreflektoren vorne und hinten<\/p>","protected":false},"featured_media":2775,"template":"","meta":{"_acf_changed":false,"_seopress_robots_primary_cat":"none","_seopress_titles_title":"","_seopress_titles_desc":"","_seopress_robots_index":""},"product_brand":[],"product_cat":[149,216,183,387],"product_tag":[],"categorie_principale":[28,30,29],"marque":[217],"class_list":{"0":"post-3113","1":"product","2":"type-product","3":"status-publish","4":"has-post-thumbnail","6":"product_cat-attelles-platres","7":"product_cat-cheville-pied","8":"product_cat-genou","9":"product_cat-mobilite","10":"categorie_principale-medecine-generale","11":"categorie_principale-orthopedie","12":"categorie_principale-permanence-hopital","13":"marque-thuasne","15":"first","16":"instock","17":"taxable","18":"shipping-taxable","19":"purchasable","20":"product-type-simple"},"supplier_id":null,"supplier_sku":"","atum_controlled":true,"out_stock_date":null,"out_stock_threshold":null,"inheritable":false,"inbound_stock":0,"stock_on_hold":0,"sold_today":0,"sales_last_days":0,"reserved_stock":0,"customer_returns":0,"warehouse_damage":0,"lost_in_post":0,"other_logs":0,"out_stock_days":0,"lost_sales":0,"has_location":true,"update_date":"2026-04-08T00:03:16","atum_locations":[{"id":219,"name":"Yellow Cube","slug":"yellow-cube"}],"atum_stock_status":"instock","restock_status":false,"low_stock_amount":"","sales_update_date":"2026-04-08T00:03:16","calc_backorders":null,"acf":[],"_links":{"self":[{"href":"https:\/\/softymed.ch\/de\/wp-json\/wp\/v2\/product\/3113","targetHints":{"allow":["GET"]}}],"collection":[{"href":"https:\/\/softymed.ch\/de\/wp-json\/wp\/v2\/product"}],"about":[{"href":"https:\/\/softymed.ch\/de\/wp-json\/wp\/v2\/types\/product"}],"wp:featuredmedia":[{"embeddable":true,"href":"https:\/\/softymed.ch\/de\/wp-json\/wp\/v2\/media\/2775"}],"wp:attachment":[{"href":"https:\/\/softymed.ch\/de\/wp-json\/wp\/v2\/media?parent=3113"}],"wp:term":[{"taxonomy":"product_brand","embeddable":true,"href":"https:\/\/softymed.ch\/de\/wp-json\/wp\/v2\/product_brand?post=3113"},{"taxonomy":"product_cat","embeddable":true,"href":"https:\/\/softymed.ch\/de\/wp-json\/wp\/v2\/product_cat?post=3113"},{"taxonomy":"product_tag","embeddable":true,"href":"https:\/\/softymed.ch\/de\/wp-json\/wp\/v2\/product_tag?post=3113"},{"taxonomy":"categorie_principale","embeddable":true,"href":"https:\/\/softymed.ch\/de\/wp-json\/wp\/v2\/categorie_principale?post=3113"},{"taxonomy":"marque","embeddable":true,"href":"https:\/\/softymed.ch\/de\/wp-json\/wp\/v2\/marque?post=3113"}],"curies":[{"name":"wp","href":"https:\/\/api.w.org\/{rel}","templated":true}]}}