{"id":3112,"date":"2023-12-19T17:08:38","date_gmt":"2023-12-19T16:08:38","guid":{"rendered":"https:\/\/softymed.ch\/boutique\/non%20class\u00e9\/compte-gouttes-gradue-sur-3-ml\/"},"modified":"2025-10-03T10:18:22","modified_gmt":"2025-10-03T08:18:22","slug":"graduierter-tropfenzahler-auf-3-ml","status":"publish","type":"product","link":"https:\/\/softymed.ch\/de\/boutique\/chimie-hematologie\/compte-gouttes-gradue-sur-3-ml\/","title":{"rendered":"Tropfer"},"content":{"rendered":"<p><strong>Anwendung<\/strong><br \/>\n-Umgang mit Fl\u00fcssigkeiten<br \/>\n-Parfaitement adapt\u00e9e aux exigences des travaux de routine qu&rsquo;aux travaux plus sp\u00e9cifiques<\/p>\n<p><strong>Vorteile<\/strong><br \/>\n-Poly\u00e9thyl\u00e8ne inerte, non toxique<br \/>\n-Fabriqu\u00e9 sans agents de d\u00e9moulage qui peuvent interf\u00e9rer avec les r\u00e9sultats analytiques<br \/>\n-Facile \u00e0 saisir avec des gants (sans glissement)<br \/>\n-Klare Abstufungen<br \/>\n-Version pointe fine = pr\u00e9cision<br \/>\n-Extr\u00e9mit\u00e9s m\u00e9ticuleusement coup\u00e9es pour lib\u00e9rer une goutte de taille uniforme<\/p>","protected":false},"excerpt":{"rendered":"<p>Abgestuft auf 3 ml<\/p>","protected":false},"featured_media":2695,"template":"","meta":{"_acf_changed":false,"_seopress_robots_primary_cat":"none","_seopress_titles_title":"","_seopress_titles_desc":"","_seopress_robots_index":""},"product_brand":[],"product_cat":[123,131,132],"product_tag":[],"categorie_principale":[27,28,29],"marque":[215],"class_list":{"0":"post-3112","1":"product","2":"type-product","3":"status-publish","4":"has-post-thumbnail","6":"product_cat-chimie-hematologie","7":"product_cat-microbiologie","8":"product_cat-microscopie","9":"categorie_principale-laboratoire","10":"categorie_principale-medecine-generale","11":"categorie_principale-permanence-hopital","12":"marque-thermo-scientific","14":"first","15":"instock","16":"taxable","17":"shipping-taxable","18":"purchasable","19":"product-type-simple"},"supplier_id":null,"supplier_sku":"","atum_controlled":true,"out_stock_date":null,"out_stock_threshold":null,"inheritable":false,"inbound_stock":0,"stock_on_hold":0,"sold_today":0,"sales_last_days":0,"reserved_stock":0,"customer_returns":0,"warehouse_damage":0,"lost_in_post":0,"other_logs":0,"out_stock_days":0,"lost_sales":0,"has_location":true,"update_date":"2026-04-09T00:03:16","atum_locations":[{"id":219,"name":"Yellow Cube","slug":"yellow-cube"}],"atum_stock_status":"instock","restock_status":false,"low_stock_amount":"","sales_update_date":"2026-04-09T00:03:16","calc_backorders":null,"acf":[],"_links":{"self":[{"href":"https:\/\/softymed.ch\/de\/wp-json\/wp\/v2\/product\/3112","targetHints":{"allow":["GET"]}}],"collection":[{"href":"https:\/\/softymed.ch\/de\/wp-json\/wp\/v2\/product"}],"about":[{"href":"https:\/\/softymed.ch\/de\/wp-json\/wp\/v2\/types\/product"}],"wp:featuredmedia":[{"embeddable":true,"href":"https:\/\/softymed.ch\/de\/wp-json\/wp\/v2\/media\/2695"}],"wp:attachment":[{"href":"https:\/\/softymed.ch\/de\/wp-json\/wp\/v2\/media?parent=3112"}],"wp:term":[{"taxonomy":"product_brand","embeddable":true,"href":"https:\/\/softymed.ch\/de\/wp-json\/wp\/v2\/product_brand?post=3112"},{"taxonomy":"product_cat","embeddable":true,"href":"https:\/\/softymed.ch\/de\/wp-json\/wp\/v2\/product_cat?post=3112"},{"taxonomy":"product_tag","embeddable":true,"href":"https:\/\/softymed.ch\/de\/wp-json\/wp\/v2\/product_tag?post=3112"},{"taxonomy":"categorie_principale","embeddable":true,"href":"https:\/\/softymed.ch\/de\/wp-json\/wp\/v2\/categorie_principale?post=3112"},{"taxonomy":"marque","embeddable":true,"href":"https:\/\/softymed.ch\/de\/wp-json\/wp\/v2\/marque?post=3112"}],"curies":[{"name":"wp","href":"https:\/\/api.w.org\/{rel}","templated":true}]}}