{"id":3110,"date":"2023-12-19T17:08:38","date_gmt":"2023-12-19T16:08:38","guid":{"rendered":"https:\/\/softymed.ch\/boutique\/non%20class\u00e9\/housse-jetable-pour-coussin-dinjection\/"},"modified":"2026-02-12T16:15:35","modified_gmt":"2026-02-12T15:15:35","slug":"einwegbezug-fur-injektionskissen","status":"publish","type":"product","link":"https:\/\/softymed.ch\/de\/boutique\/prelevements\/prelevement-capillaire\/housse-jetable-pour-coussin-dinjection\/","title":{"rendered":"Einwegbezug f\u00fcr Injektionskissen"},"content":{"rendered":"<p>La housse jetable pour coussins d\u2019injection est fabriqu\u00e9e en non-tiss\u00e9 doux et bien tol\u00e9r\u00e9 par la peau et sert de housse de protection hygi\u00e9nique lors des prises de sang, des perfusions et des injections. La housse en non-tiss\u00e9 emp\u00eache le contact direct du patient avec le coussin d\u2019injection et assure ainsi un haut niveau d\u2019hygi\u00e8ne dans le quotidien du cabinet.<\/p>\n<p><strong>Merkmale<\/strong><br \/>\n-Housse jetable pour coussins d\u2019injection<br \/>\n-Convient aux coussins d\u2019injection d\u2019une longueur maximale de 50 cm<br \/>\n-En tissu non tiss\u00e9 doux et agr\u00e9able pour la peau<br \/>\n-Prot\u00e8ge le coussin d\u2019injection contre la contamination<br \/>\n-Pour une meilleure hygi\u00e8ne lors des prises de sang, des perfusions et des injections<br \/>\n-Farbe: wei\u00df<br \/>\n-Non st\u00e9rile<br \/>\n-R\u00e9sistant \u00e0 la d\u00e9chirure<br \/>\n-Wehrt Fl\u00fcssigkeiten ab<br \/>\n-Fusselt nicht<br \/>\n-Gr\u00f6\u00dfe: 53 x 21 cm<\/p>","protected":false},"excerpt":{"rendered":"<p>La housse jetable pour coussins d\u2019injection est fabriqu\u00e9e en non-tiss\u00e9 doux et bien tol\u00e9r\u00e9 par la peau et sert de housse de protection hygi\u00e9nique lors des prises de sang, des perfusions et des injections. La housse en non-tiss\u00e9 emp\u00eache le contact direct du patient avec le coussin d\u2019injection et assure ainsi un haut niveau d\u2019hygi\u00e8ne [&hellip;]<\/p>\n","protected":false},"featured_media":2492,"template":"","meta":{"_acf_changed":false,"_seopress_robots_primary_cat":"","_seopress_titles_title":"","_seopress_titles_desc":"","_seopress_robots_index":""},"product_brand":[],"product_cat":[133,138,142,137,136],"product_tag":[],"categorie_principale":[31,27,28,29],"marque":[213],"class_list":{"0":"post-3110","1":"product","2":"type-product","3":"status-publish","4":"has-post-thumbnail","6":"product_cat-perfusion-injection","7":"product_cat-prelevement-capillaire","8":"product_cat-prelevement-special","9":"product_cat-prelevement-veineux","10":"product_cat-prelevements","11":"categorie_principale-gynecologie","12":"categorie_principale-laboratoire","13":"categorie_principale-medecine-generale","14":"categorie_principale-permanence-hopital","15":"marque-teqler","17":"first","18":"instock","19":"taxable","20":"shipping-taxable","21":"purchasable","22":"product-type-simple"},"supplier_id":null,"supplier_sku":"","atum_controlled":true,"out_stock_date":null,"out_stock_threshold":null,"inheritable":false,"inbound_stock":0,"stock_on_hold":0,"sold_today":0,"sales_last_days":0,"reserved_stock":0,"customer_returns":0,"warehouse_damage":0,"lost_in_post":0,"other_logs":0,"out_stock_days":0,"lost_sales":0,"has_location":true,"update_date":"2026-04-09T00:03:29","atum_locations":[{"id":219,"name":"Yellow Cube","slug":"yellow-cube"}],"atum_stock_status":"instock","restock_status":false,"low_stock_amount":"","sales_update_date":"2026-04-09T00:03:29","calc_backorders":null,"acf":[],"_links":{"self":[{"href":"https:\/\/softymed.ch\/de\/wp-json\/wp\/v2\/product\/3110","targetHints":{"allow":["GET"]}}],"collection":[{"href":"https:\/\/softymed.ch\/de\/wp-json\/wp\/v2\/product"}],"about":[{"href":"https:\/\/softymed.ch\/de\/wp-json\/wp\/v2\/types\/product"}],"wp:featuredmedia":[{"embeddable":true,"href":"https:\/\/softymed.ch\/de\/wp-json\/wp\/v2\/media\/2492"}],"wp:attachment":[{"href":"https:\/\/softymed.ch\/de\/wp-json\/wp\/v2\/media?parent=3110"}],"wp:term":[{"taxonomy":"product_brand","embeddable":true,"href":"https:\/\/softymed.ch\/de\/wp-json\/wp\/v2\/product_brand?post=3110"},{"taxonomy":"product_cat","embeddable":true,"href":"https:\/\/softymed.ch\/de\/wp-json\/wp\/v2\/product_cat?post=3110"},{"taxonomy":"product_tag","embeddable":true,"href":"https:\/\/softymed.ch\/de\/wp-json\/wp\/v2\/product_tag?post=3110"},{"taxonomy":"categorie_principale","embeddable":true,"href":"https:\/\/softymed.ch\/de\/wp-json\/wp\/v2\/categorie_principale?post=3110"},{"taxonomy":"marque","embeddable":true,"href":"https:\/\/softymed.ch\/de\/wp-json\/wp\/v2\/marque?post=3110"}],"curies":[{"name":"wp","href":"https:\/\/api.w.org\/{rel}","templated":true}]}}