{"id":3109,"date":"2023-12-19T17:08:38","date_gmt":"2023-12-19T16:08:38","guid":{"rendered":"https:\/\/softymed.ch\/boutique\/non%20class\u00e9\/coussin-dinjection\/"},"modified":"2026-01-20T18:28:07","modified_gmt":"2026-01-20T17:28:07","slug":"injektionskissen","status":"publish","type":"product","link":"https:\/\/softymed.ch\/de\/boutique\/prelevements\/coussin-dinjection\/","title":{"rendered":"Injektionskissen"},"content":{"rendered":"<p>Ce coussin d\u2019injection convient parfaitement au positionnement du bras lors d\u2019injections, de perfusions et de transfusions. La housse en similicuir est r\u00e9sistante et peut \u00eatre lav\u00e9e et d\u00e9sinfect\u00e9e. Le coussin pour injection est rempli d\u2019une mousse de haute qualit\u00e9 et les bords sont cousus pour garantir une grande stabilit\u00e9.<\/p>\n<p><strong>Merkmale<\/strong><br \/>\n-45 cm langes Injektionskissen<br \/>\n-F\u00fcr die Positionierung des Arms bei einer Infusion<br \/>\n-Mit Schaumstoffpolsterung<br \/>\n-Creux pr\u00e9form\u00e9 pour le bras<br \/>\n-Lavable et d\u00e9sinfectable<br \/>\n-Housse en similicuir de haute qualit\u00e9 avec bords cousus<br \/>\n-Ma\u00dfe: 45 x 15 cm (L x B), H\u00f6he 2-8 cm<\/p>","protected":false},"excerpt":{"rendered":"<p>Ce coussin d\u2019injection convient parfaitement au positionnement du bras lors d\u2019injections, de perfusions et de transfusions. La housse en similicuir est r\u00e9sistante et peut \u00eatre lav\u00e9e et d\u00e9sinfect\u00e9e. Le coussin pour injection est rempli d\u2019une mousse de haute qualit\u00e9 et les bords sont cousus pour garantir une grande stabilit\u00e9. Caract\u00e9ristiques -Coussin d&rsquo;injection de 45 cm [&hellip;]<\/p>\n","protected":false},"featured_media":2487,"template":"","meta":{"_acf_changed":false,"_seopress_robots_primary_cat":"136","_seopress_titles_title":"","_seopress_titles_desc":"","_seopress_robots_index":""},"product_brand":[],"product_cat":[372,133,138,142,137,136],"product_tag":[],"categorie_principale":[31,27,28,29],"marque":[213],"class_list":{"0":"post-3109","1":"product","2":"type-product","3":"status-publish","4":"has-post-thumbnail","6":"product_cat-medicusana","7":"product_cat-perfusion-injection","8":"product_cat-prelevement-capillaire","9":"product_cat-prelevement-special","10":"product_cat-prelevement-veineux","11":"product_cat-prelevements","12":"categorie_principale-gynecologie","13":"categorie_principale-laboratoire","14":"categorie_principale-medecine-generale","15":"categorie_principale-permanence-hopital","16":"marque-teqler","18":"first","19":"outofstock","20":"taxable","21":"shipping-taxable","22":"purchasable","23":"product-type-simple"},"supplier_id":null,"supplier_sku":"","atum_controlled":true,"out_stock_date":"2026-01-20 13:53:48","out_stock_threshold":null,"inheritable":false,"inbound_stock":0,"stock_on_hold":0,"sold_today":0,"sales_last_days":0,"reserved_stock":0,"customer_returns":0,"warehouse_damage":0,"lost_in_post":0,"other_logs":0,"out_stock_days":78,"lost_sales":802,"has_location":true,"update_date":"2026-04-09T00:03:16","atum_locations":[{"id":373,"name":"Officine","slug":"officine"}],"atum_stock_status":"outofstock","restock_status":false,"low_stock_amount":"","sales_update_date":"2026-04-09T00:03:16","calc_backorders":null,"acf":[],"_links":{"self":[{"href":"https:\/\/softymed.ch\/de\/wp-json\/wp\/v2\/product\/3109","targetHints":{"allow":["GET"]}}],"collection":[{"href":"https:\/\/softymed.ch\/de\/wp-json\/wp\/v2\/product"}],"about":[{"href":"https:\/\/softymed.ch\/de\/wp-json\/wp\/v2\/types\/product"}],"wp:featuredmedia":[{"embeddable":true,"href":"https:\/\/softymed.ch\/de\/wp-json\/wp\/v2\/media\/2487"}],"wp:attachment":[{"href":"https:\/\/softymed.ch\/de\/wp-json\/wp\/v2\/media?parent=3109"}],"wp:term":[{"taxonomy":"product_brand","embeddable":true,"href":"https:\/\/softymed.ch\/de\/wp-json\/wp\/v2\/product_brand?post=3109"},{"taxonomy":"product_cat","embeddable":true,"href":"https:\/\/softymed.ch\/de\/wp-json\/wp\/v2\/product_cat?post=3109"},{"taxonomy":"product_tag","embeddable":true,"href":"https:\/\/softymed.ch\/de\/wp-json\/wp\/v2\/product_tag?post=3109"},{"taxonomy":"categorie_principale","embeddable":true,"href":"https:\/\/softymed.ch\/de\/wp-json\/wp\/v2\/categorie_principale?post=3109"},{"taxonomy":"marque","embeddable":true,"href":"https:\/\/softymed.ch\/de\/wp-json\/wp\/v2\/marque?post=3109"}],"curies":[{"name":"wp","href":"https:\/\/api.w.org\/{rel}","templated":true}]}}