{"id":3108,"date":"2023-12-19T17:08:38","date_gmt":"2023-12-19T16:08:38","guid":{"rendered":"https:\/\/softymed.ch\/boutique\/non%20class\u00e9\/bistouris-jetables\/"},"modified":"2026-03-25T16:53:19","modified_gmt":"2026-03-25T15:53:19","slug":"einweg-skalpelle","status":"publish","type":"product","link":"https:\/\/softymed.ch\/de\/boutique\/petite-chirurgie-suture\/bistouris-jetables\/","title":{"rendered":"Einweg-Skalpelle"},"content":{"rendered":"<p>Les bistouris jetables Swann Morton sont dot\u00e9s d\u2019une lame en acier tremp\u00e9 micro-aff\u00fbt\u00e9e pour une excellente capacit\u00e9 de coupe. Ils sont disponibles dans une large gamme de lames et conviennent aux applications chirurgicales, dermatologiques, hospitali\u00e8res, dentaires et v\u00e9t\u00e9rinaires. Apr\u00e8s utilisation, les bistouris sont jet\u00e9s intacts dans un conteneur de s\u00e9curit\u00e9.<\/p>\n<p>Les bistouris jetables sont scell\u00e9s individuellement dans un emballage en plastique, ce qui permet une ouverture facile et s\u00fbre. Lorsque l\u2019emballage est ouvert, le sceau de s\u00e9curit\u00e9 change de couleur, signe de l\u2019int\u00e9grit\u00e9 de l\u2019emballage et garantie de la st\u00e9rilit\u00e9 du bistouri.<\/p>\n<p><strong>Merkmale<\/strong><br \/>\nSwann Morton Einweg-Skalpelle<br \/>\n-Micro finement aiguis\u00e9<br \/>\n-Lame en acier tremp\u00e9<br \/>\n-Excellente capacit\u00e9 de coupe<br \/>\n-Manche de bistouri dentel\u00e9 pour une bonne prise en main et une instrumentation s\u00fbre<br \/>\n-La lame du bistouri est solidement fix\u00e9e au manche<br \/>\n-S\u00e9lection compl\u00e8te de lames pour diverses interventions telles que les incisions<br \/>\n-Utilisable dans de nombreux domaines m\u00e9dicaux tels que la dermatologie, la chirurgie, la dentisterie ou la m\u00e9decine v\u00e9t\u00e9rinaire<br \/>\n-Produit hygi\u00e9nique \u00e0 usage unique<br \/>\n-Changement de couleur \u00e0 l\u2019ouverture de l\u2019emballage, indiquant l\u2019int\u00e9grit\u00e9 de l\u2019emballage<br \/>\n-Scell\u00e9 individuellement de mani\u00e8re st\u00e9rile dans un emballage en plastique<\/p>","protected":false},"excerpt":{"rendered":"<p>Zum einmaligen Gebrauch<\/p>","protected":false},"featured_media":2425,"template":"","meta":{"_acf_changed":false,"_seopress_robots_primary_cat":"none","_seopress_titles_title":"","_seopress_titles_desc":"","_seopress_robots_index":""},"product_brand":[],"product_cat":[134],"product_tag":[347],"categorie_principale":[32,31,28,29],"marque":[212],"class_list":{"0":"post-3108","1":"product","2":"type-product","3":"status-publish","4":"has-post-thumbnail","6":"product_cat-petite-chirurgie-suture","7":"product_tag-best-seller","8":"categorie_principale-cardiologie","9":"categorie_principale-gynecologie","10":"categorie_principale-medecine-generale","11":"categorie_principale-permanence-hopital","12":"marque-swann-morton","14":"first","15":"instock","16":"taxable","17":"shipping-taxable","18":"purchasable","19":"product-type-variable"},"supplier_id":null,"supplier_sku":"","atum_controlled":true,"out_stock_date":"2023-12-22 11:44:08","out_stock_threshold":null,"inheritable":true,"inbound_stock":0,"stock_on_hold":0,"sold_today":0,"sales_last_days":1,"reserved_stock":0,"customer_returns":0,"warehouse_damage":0,"lost_in_post":0,"other_logs":0,"out_stock_days":837,"lost_sales":0,"has_location":true,"update_date":"2026-04-08T00:03:47","atum_locations":[{"id":373,"name":"Officine","slug":"officine"}],"atum_stock_status":"instock","restock_status":false,"low_stock_amount":"","sales_update_date":"2026-04-08T00:03:47","calc_backorders":null,"acf":[],"_links":{"self":[{"href":"https:\/\/softymed.ch\/de\/wp-json\/wp\/v2\/product\/3108","targetHints":{"allow":["GET"]}}],"collection":[{"href":"https:\/\/softymed.ch\/de\/wp-json\/wp\/v2\/product"}],"about":[{"href":"https:\/\/softymed.ch\/de\/wp-json\/wp\/v2\/types\/product"}],"wp:featuredmedia":[{"embeddable":true,"href":"https:\/\/softymed.ch\/de\/wp-json\/wp\/v2\/media\/2425"}],"wp:attachment":[{"href":"https:\/\/softymed.ch\/de\/wp-json\/wp\/v2\/media?parent=3108"}],"wp:term":[{"taxonomy":"product_brand","embeddable":true,"href":"https:\/\/softymed.ch\/de\/wp-json\/wp\/v2\/product_brand?post=3108"},{"taxonomy":"product_cat","embeddable":true,"href":"https:\/\/softymed.ch\/de\/wp-json\/wp\/v2\/product_cat?post=3108"},{"taxonomy":"product_tag","embeddable":true,"href":"https:\/\/softymed.ch\/de\/wp-json\/wp\/v2\/product_tag?post=3108"},{"taxonomy":"categorie_principale","embeddable":true,"href":"https:\/\/softymed.ch\/de\/wp-json\/wp\/v2\/categorie_principale?post=3108"},{"taxonomy":"marque","embeddable":true,"href":"https:\/\/softymed.ch\/de\/wp-json\/wp\/v2\/marque?post=3108"}],"curies":[{"name":"wp","href":"https:\/\/api.w.org\/{rel}","templated":true}]}}