{"id":3107,"date":"2023-12-19T17:08:38","date_gmt":"2023-12-19T16:08:38","guid":{"rendered":"https:\/\/softymed.ch\/boutique\/non%20class\u00e9\/thermometre-sans-contact-tempo-easy\/"},"modified":"2026-01-12T15:35:08","modified_gmt":"2026-01-12T14:35:08","slug":"beruhrungsloses-thermometer-tempo-easy","status":"publish","type":"product","link":"https:\/\/softymed.ch\/de\/boutique\/auscultation-diagnostic\/thermometre-sans-contact-tempo-easy\/","title":{"rendered":"Ber\u00fchrungsloses Thermometer TEMPO EASY"},"content":{"rendered":"<p>Das TEMPO EASY Thermometer ist ein pr\u00e4zises Thermometer mit 3 Funktionen f\u00fcr den professionellen Gebrauch oder f\u00fcr zu Hause.<br \/>\nBer\u00fchrungslose Technologie (Abstand 3-5 cm) durch Infrarotstrahlen, wodurch Kreuzkontaminationen vermieden werden.<\/p>\n<p><strong>Merkmale<\/strong><br \/>\n-3 Messmodi: K\u00f6rper, Oberfl\u00e4che und Umgebung<br \/>\n-Momentane Messung<br \/>\n-Eine schnell erreichte Temperatur mit akustischem Alarm<br \/>\n-32 Erinnerungen<\/p>","protected":false},"excerpt":{"rendered":"<p>Le thermom\u00e8tre TEMPO EASY est un thermom\u00e8tre pr\u00e9cis disposant de 3 fonctions pour un usage professionnel ou \u00e0 la maison. Technologie sans contact (distance 3-5 cm) par le biais de rayons infrarouge, \u00e9vitant ainsi les contaminations crois\u00e9es. Caract\u00e9ristiques -3 modes de mesure : corporel, de surface et ambiant -Mesure instantan\u00e9e -Une temp\u00e9rature obtenue rapidement avec [&hellip;]<\/p>\n","protected":false},"featured_media":5912,"template":"","meta":{"_acf_changed":false,"_seopress_robots_primary_cat":"none","_seopress_titles_title":"","_seopress_titles_desc":"","_seopress_robots_index":""},"product_brand":[],"product_cat":[122],"product_tag":[],"categorie_principale":[31,28,29],"marque":[211],"class_list":{"0":"post-3107","1":"product","2":"type-product","3":"status-publish","4":"has-post-thumbnail","6":"product_cat-auscultation-diagnostic","7":"categorie_principale-gynecologie","8":"categorie_principale-medecine-generale","9":"categorie_principale-permanence-hopital","10":"marque-spengler","12":"first","13":"outofstock","14":"taxable","15":"shipping-taxable","16":"product-type-simple"},"supplier_id":null,"supplier_sku":"","atum_controlled":true,"out_stock_date":"2023-12-22 11:44:08","out_stock_threshold":null,"inheritable":false,"inbound_stock":0,"stock_on_hold":0,"sold_today":0,"sales_last_days":0,"reserved_stock":0,"customer_returns":0,"warehouse_damage":0,"lost_in_post":0,"other_logs":0,"out_stock_days":838,"lost_sales":0,"has_location":false,"update_date":"2026-04-09T00:03:16","atum_locations":[],"atum_stock_status":"outofstock","restock_status":false,"low_stock_amount":"","sales_update_date":"2026-04-09T00:03:16","calc_backorders":null,"acf":[],"_links":{"self":[{"href":"https:\/\/softymed.ch\/de\/wp-json\/wp\/v2\/product\/3107","targetHints":{"allow":["GET"]}}],"collection":[{"href":"https:\/\/softymed.ch\/de\/wp-json\/wp\/v2\/product"}],"about":[{"href":"https:\/\/softymed.ch\/de\/wp-json\/wp\/v2\/types\/product"}],"wp:featuredmedia":[{"embeddable":true,"href":"https:\/\/softymed.ch\/de\/wp-json\/wp\/v2\/media\/5912"}],"wp:attachment":[{"href":"https:\/\/softymed.ch\/de\/wp-json\/wp\/v2\/media?parent=3107"}],"wp:term":[{"taxonomy":"product_brand","embeddable":true,"href":"https:\/\/softymed.ch\/de\/wp-json\/wp\/v2\/product_brand?post=3107"},{"taxonomy":"product_cat","embeddable":true,"href":"https:\/\/softymed.ch\/de\/wp-json\/wp\/v2\/product_cat?post=3107"},{"taxonomy":"product_tag","embeddable":true,"href":"https:\/\/softymed.ch\/de\/wp-json\/wp\/v2\/product_tag?post=3107"},{"taxonomy":"categorie_principale","embeddable":true,"href":"https:\/\/softymed.ch\/de\/wp-json\/wp\/v2\/categorie_principale?post=3107"},{"taxonomy":"marque","embeddable":true,"href":"https:\/\/softymed.ch\/de\/wp-json\/wp\/v2\/marque?post=3107"}],"curies":[{"name":"wp","href":"https:\/\/api.w.org\/{rel}","templated":true}]}}