{"id":3104,"date":"2023-12-19T17:08:38","date_gmt":"2023-12-19T16:08:38","guid":{"rendered":"https:\/\/softymed.ch\/boutique\/non%20class\u00e9\/stethoscope-dual-pulse\/"},"modified":"2025-09-08T21:07:01","modified_gmt":"2025-09-08T19:07:01","slug":"stethoskop-dual-pulse","status":"publish","type":"product","link":"https:\/\/softymed.ch\/de\/boutique\/auscultation-diagnostic\/stethoscope-dual-pulse\/","title":{"rendered":"Stethoskop Dual Pulse"},"content":{"rendered":"<p>Le st\u00e9thoscope PULSE est un instrument pour le diagnostic et la prise de tension au quotidien.<\/p>\n<p><strong>Merkmale<\/strong><br \/>\n-Double pavillon en alliage d\u2019aluminium<br \/>\n-Einfacher Stutzen mit Hochleistungsrohr<br \/>\n-Membrane haute r\u00e9solution en r\u00e9sine \u00e9poxy<br \/>\n-Lyre en laiton, l\u00e9g\u00e8re, orient\u00e9e \u00e0 l\u2019anatomie auriculaire<br \/>\n-Bague antifroid et embouts auriculaires confortables assortis \u00e0 la couleur de la tubulure<\/p>","protected":false},"excerpt":{"rendered":"<p>Doppelte Flagge<\/p>","protected":false},"featured_media":2577,"template":"","meta":{"_acf_changed":false,"_seopress_robots_primary_cat":"none","_seopress_titles_title":"","_seopress_titles_desc":"","_seopress_robots_index":""},"product_brand":[],"product_cat":[122],"product_tag":[],"categorie_principale":[32,28,29],"marque":[211],"class_list":{"0":"post-3104","1":"product","2":"type-product","3":"status-publish","4":"has-post-thumbnail","6":"product_cat-auscultation-diagnostic","7":"categorie_principale-cardiologie","8":"categorie_principale-medecine-generale","9":"categorie_principale-permanence-hopital","10":"marque-spengler","12":"first","13":"instock","14":"taxable","15":"shipping-taxable","16":"purchasable","17":"product-type-simple"},"supplier_id":null,"supplier_sku":"","atum_controlled":true,"out_stock_date":null,"out_stock_threshold":null,"inheritable":false,"inbound_stock":0,"stock_on_hold":0,"sold_today":0,"sales_last_days":0,"reserved_stock":0,"customer_returns":0,"warehouse_damage":0,"lost_in_post":0,"other_logs":0,"out_stock_days":0,"lost_sales":0,"has_location":true,"update_date":"2026-04-09T00:03:16","atum_locations":[{"id":219,"name":"Yellow Cube","slug":"yellow-cube"}],"atum_stock_status":"instock","restock_status":false,"low_stock_amount":"","sales_update_date":"2026-04-09T00:03:16","calc_backorders":null,"acf":[],"_links":{"self":[{"href":"https:\/\/softymed.ch\/de\/wp-json\/wp\/v2\/product\/3104","targetHints":{"allow":["GET"]}}],"collection":[{"href":"https:\/\/softymed.ch\/de\/wp-json\/wp\/v2\/product"}],"about":[{"href":"https:\/\/softymed.ch\/de\/wp-json\/wp\/v2\/types\/product"}],"wp:featuredmedia":[{"embeddable":true,"href":"https:\/\/softymed.ch\/de\/wp-json\/wp\/v2\/media\/2577"}],"wp:attachment":[{"href":"https:\/\/softymed.ch\/de\/wp-json\/wp\/v2\/media?parent=3104"}],"wp:term":[{"taxonomy":"product_brand","embeddable":true,"href":"https:\/\/softymed.ch\/de\/wp-json\/wp\/v2\/product_brand?post=3104"},{"taxonomy":"product_cat","embeddable":true,"href":"https:\/\/softymed.ch\/de\/wp-json\/wp\/v2\/product_cat?post=3104"},{"taxonomy":"product_tag","embeddable":true,"href":"https:\/\/softymed.ch\/de\/wp-json\/wp\/v2\/product_tag?post=3104"},{"taxonomy":"categorie_principale","embeddable":true,"href":"https:\/\/softymed.ch\/de\/wp-json\/wp\/v2\/categorie_principale?post=3104"},{"taxonomy":"marque","embeddable":true,"href":"https:\/\/softymed.ch\/de\/wp-json\/wp\/v2\/marque?post=3104"}],"curies":[{"name":"wp","href":"https:\/\/api.w.org\/{rel}","templated":true}]}}