{"id":3099,"date":"2023-12-19T17:08:31","date_gmt":"2023-12-19T16:08:31","guid":{"rendered":"https:\/\/softymed.ch\/boutique\/non%20class\u00e9\/opsite-flexifix\/"},"modified":"2026-03-25T16:52:14","modified_gmt":"2026-03-25T15:52:14","slug":"opsite-flexifix","status":"publish","type":"product","link":"https:\/\/softymed.ch\/de\/boutique\/perfusion-injection\/opsite-flexifix\/","title":{"rendered":"OPSITE\u2122 FLEXIFIX"},"content":{"rendered":"<p>Le film adh\u00e9sif transparent OPSITE\u2122 Flexifix de Smith &amp; Nephew est utilis\u00e9 pour la fixation des pansements primaires. Le produit, particuli\u00e8rement mall\u00e9able et \u00e9lastique, offre au patient un grand confort de port. La surface lisse du film emp\u00eache aussi efficacement le transfert de la force de cisaillement. Gr\u00e2ce \u00e0 sa grande perm\u00e9abilit\u00e9 \u00e0 la vapeur d&rsquo;eau, la peau continue de respirer et l&rsquo;accumulation de liquide est \u00e9vit\u00e9e.<\/p>\n<p><strong>Merkmale<\/strong><br \/>\n-Film adh\u00e9sif transparent polyur\u00e9thane<br \/>\n-Fixierung von prim\u00e4ren Verb\u00e4nden<br \/>\n-Forme confortable et \u00e9lastique<br \/>\n-Glatte Oberfl\u00e4che<br \/>\n-R\u00e9duit la force de cisaillement<br \/>\n-R\u00e9sistant \u00e0 l&rsquo;eau et aux bact\u00e9ries<br \/>\n-Atmungsaktiv<br \/>\n-Adh\u00e9sif respectueux de la peau<br \/>\n-Latexfrei<\/p>","protected":false},"excerpt":{"rendered":"<p>Transparente Klebefolie von der Rolle<\/p>","protected":false},"featured_media":2671,"template":"","meta":{"_acf_changed":false,"_seopress_robots_primary_cat":"none","_seopress_titles_title":"","_seopress_titles_desc":"","_seopress_robots_index":""},"product_brand":[],"product_cat":[133],"product_tag":[],"categorie_principale":[31,28,29],"marque":[210],"class_list":{"0":"post-3099","1":"product","2":"type-product","3":"status-publish","4":"has-post-thumbnail","6":"product_cat-perfusion-injection","7":"categorie_principale-gynecologie","8":"categorie_principale-medecine-generale","9":"categorie_principale-permanence-hopital","10":"marque-smith-nephew","12":"first","13":"instock","14":"taxable","15":"shipping-taxable","16":"purchasable","17":"product-type-simple"},"supplier_id":null,"supplier_sku":"","atum_controlled":true,"out_stock_date":null,"out_stock_threshold":null,"inheritable":false,"inbound_stock":null,"stock_on_hold":0,"sold_today":0,"sales_last_days":0,"reserved_stock":null,"customer_returns":null,"warehouse_damage":null,"lost_in_post":null,"other_logs":null,"out_stock_days":0,"lost_sales":0,"has_location":true,"update_date":"2026-04-08T00:03:46","atum_locations":[{"id":373,"name":"Officine","slug":"officine"}],"atum_stock_status":"instock","restock_status":false,"low_stock_amount":"","sales_update_date":"2026-04-08T00:03:46","calc_backorders":null,"acf":[],"_links":{"self":[{"href":"https:\/\/softymed.ch\/de\/wp-json\/wp\/v2\/product\/3099","targetHints":{"allow":["GET"]}}],"collection":[{"href":"https:\/\/softymed.ch\/de\/wp-json\/wp\/v2\/product"}],"about":[{"href":"https:\/\/softymed.ch\/de\/wp-json\/wp\/v2\/types\/product"}],"wp:featuredmedia":[{"embeddable":true,"href":"https:\/\/softymed.ch\/de\/wp-json\/wp\/v2\/media\/2671"}],"wp:attachment":[{"href":"https:\/\/softymed.ch\/de\/wp-json\/wp\/v2\/media?parent=3099"}],"wp:term":[{"taxonomy":"product_brand","embeddable":true,"href":"https:\/\/softymed.ch\/de\/wp-json\/wp\/v2\/product_brand?post=3099"},{"taxonomy":"product_cat","embeddable":true,"href":"https:\/\/softymed.ch\/de\/wp-json\/wp\/v2\/product_cat?post=3099"},{"taxonomy":"product_tag","embeddable":true,"href":"https:\/\/softymed.ch\/de\/wp-json\/wp\/v2\/product_tag?post=3099"},{"taxonomy":"categorie_principale","embeddable":true,"href":"https:\/\/softymed.ch\/de\/wp-json\/wp\/v2\/categorie_principale?post=3099"},{"taxonomy":"marque","embeddable":true,"href":"https:\/\/softymed.ch\/de\/wp-json\/wp\/v2\/marque?post=3099"}],"curies":[{"name":"wp","href":"https:\/\/api.w.org\/{rel}","templated":true}]}}