{"id":3098,"date":"2023-12-19T17:08:31","date_gmt":"2023-12-19T16:08:31","guid":{"rendered":"https:\/\/softymed.ch\/boutique\/non%20class\u00e9\/marqueur-de-peau\/"},"modified":"2026-03-31T19:55:25","modified_gmt":"2026-03-31T17:55:25","slug":"hautmarker","status":"publish","type":"product","link":"https:\/\/softymed.ch\/de\/boutique\/petite-chirurgie-suture\/marqueur-de-peau\/","title":{"rendered":"Hautmarker"},"content":{"rendered":"<p>Le marqueur st\u00e9rile est utilis\u00e9 pour tracer des marquages avant des interventions chirurgicales. Le marqueur dispose d\u2018une pointe fine et d\u2018une \u00e9paisse et est livr\u00e9 avec une r\u00e8gle.<\/p>\n<p><strong>Merkmale<\/strong><br \/>\n-Marqueur st\u00e9rile \u00e0 usage unique<br \/>\n-Pour marquer des rep\u00e8res avant d\u2018op\u00e9rations<br \/>\n-2 pointes (fine et \u00e9paisse)<br \/>\n-R\u00e8gle inclue<br \/>\n-Couleur d\u2018encre: bleu<\/p>","protected":false},"excerpt":{"rendered":"<p>Steril<\/p>","protected":false},"featured_media":2779,"template":"","meta":{"_acf_changed":false,"_seopress_robots_primary_cat":"none","_seopress_titles_title":"","_seopress_titles_desc":"","_seopress_robots_index":""},"product_brand":[],"product_cat":[134],"product_tag":[],"categorie_principale":[31,28,29],"marque":[209],"class_list":{"0":"post-3098","1":"product","2":"type-product","3":"status-publish","4":"has-post-thumbnail","6":"product_cat-petite-chirurgie-suture","7":"categorie_principale-gynecologie","8":"categorie_principale-medecine-generale","9":"categorie_principale-permanence-hopital","10":"marque-smi","12":"first","13":"instock","14":"taxable","15":"shipping-taxable","16":"purchasable","17":"product-type-simple"},"supplier_id":null,"supplier_sku":"","atum_controlled":true,"out_stock_date":null,"out_stock_threshold":null,"inheritable":false,"inbound_stock":null,"stock_on_hold":0,"sold_today":0,"sales_last_days":0,"reserved_stock":null,"customer_returns":null,"warehouse_damage":null,"lost_in_post":null,"other_logs":null,"out_stock_days":0,"lost_sales":0,"has_location":true,"update_date":"2026-04-09T00:03:58","atum_locations":[{"id":373,"name":"Officine","slug":"officine"}],"atum_stock_status":"instock","restock_status":false,"low_stock_amount":"","sales_update_date":"2026-04-09T00:03:58","calc_backorders":null,"acf":[],"_links":{"self":[{"href":"https:\/\/softymed.ch\/de\/wp-json\/wp\/v2\/product\/3098","targetHints":{"allow":["GET"]}}],"collection":[{"href":"https:\/\/softymed.ch\/de\/wp-json\/wp\/v2\/product"}],"about":[{"href":"https:\/\/softymed.ch\/de\/wp-json\/wp\/v2\/types\/product"}],"wp:featuredmedia":[{"embeddable":true,"href":"https:\/\/softymed.ch\/de\/wp-json\/wp\/v2\/media\/2779"}],"wp:attachment":[{"href":"https:\/\/softymed.ch\/de\/wp-json\/wp\/v2\/media?parent=3098"}],"wp:term":[{"taxonomy":"product_brand","embeddable":true,"href":"https:\/\/softymed.ch\/de\/wp-json\/wp\/v2\/product_brand?post=3098"},{"taxonomy":"product_cat","embeddable":true,"href":"https:\/\/softymed.ch\/de\/wp-json\/wp\/v2\/product_cat?post=3098"},{"taxonomy":"product_tag","embeddable":true,"href":"https:\/\/softymed.ch\/de\/wp-json\/wp\/v2\/product_tag?post=3098"},{"taxonomy":"categorie_principale","embeddable":true,"href":"https:\/\/softymed.ch\/de\/wp-json\/wp\/v2\/categorie_principale?post=3098"},{"taxonomy":"marque","embeddable":true,"href":"https:\/\/softymed.ch\/de\/wp-json\/wp\/v2\/marque?post=3098"}],"curies":[{"name":"wp","href":"https:\/\/api.w.org\/{rel}","templated":true}]}}