{"id":3032,"date":"2023-12-19T17:08:11","date_gmt":"2023-12-19T16:08:11","guid":{"rendered":"https:\/\/softymed.ch\/boutique\/non%20class\u00e9\/monovette-gaz-du-sang\/"},"modified":"2025-07-15T12:37:12","modified_gmt":"2025-07-15T10:37:12","slug":"blutgasmonovette","status":"publish","type":"product","link":"https:\/\/softymed.ch\/de\/boutique\/prelevements\/prelevement-veineux\/monovette-gaz-du-sang\/","title":{"rendered":"Monovette\u00ae Blutgas"},"content":{"rendered":"<p>Pr\u00e9paration: h\u00e9parine de lithium satur\u00e9e en calcium<br \/>\nNennvolumen: 2 ml, wei\u00df\/orangefarbene Kappe<br \/>\n\u00c9tiquette\/impression: transparent\/orange<br \/>\nAnschluss: Luer (m)<br \/>\n(L x \u00d8) sans bouchon: 66 x 11 mm<br \/>\n1 pi\u00e8ce(s)\/blister, st\u00e9rile<br \/>\n100 pi\u00e8ce(s)\/carton<\/p>","protected":false},"excerpt":{"rendered":"<p>Pr\u00e4parat: Lithium-Heparin mit Calcium-S\u00e4ttigung Nennvolumen: 2 ml, Kappe wei\u00df\/orange Etikett\/Aufdruck: transparent\/orange Anschluss: Luer (m) (L x \u00d8) ohne Kappe: 66 x 11 mm 1 Stk.\/Blister, steril 100 Stk.\/Karton<\/p>","protected":false},"featured_media":2284,"template":"","meta":{"_acf_changed":false,"_seopress_robots_primary_cat":"none","_seopress_titles_title":"","_seopress_titles_desc":"","_seopress_robots_index":""},"product_brand":[],"product_cat":[333,137,136],"product_tag":[],"categorie_principale":[27,29],"marque":[207],"class_list":{"0":"post-3032","1":"product","2":"type-product","3":"status-publish","4":"has-post-thumbnail","6":"product_cat-autre-materiel-de-prelevement-labpoint","7":"product_cat-prelevement-veineux","8":"product_cat-prelevements","9":"categorie_principale-laboratoire","10":"categorie_principale-permanence-hopital","11":"marque-sarstedt","13":"first","14":"outofstock","15":"taxable","16":"shipping-taxable","17":"product-type-simple"},"supplier_id":null,"supplier_sku":"","atum_controlled":true,"out_stock_date":"2025-07-15 08:29:07","out_stock_threshold":null,"inheritable":false,"inbound_stock":null,"stock_on_hold":0,"sold_today":0,"sales_last_days":0,"reserved_stock":null,"customer_returns":null,"warehouse_damage":null,"lost_in_post":null,"other_logs":null,"out_stock_days":266,"lost_sales":0,"has_location":true,"update_date":"2026-04-08T00:03:14","atum_locations":[{"id":373,"name":"Officine","slug":"officine"}],"atum_stock_status":"outofstock","restock_status":false,"low_stock_amount":"","sales_update_date":"2026-04-08T00:03:14","calc_backorders":null,"acf":[],"_links":{"self":[{"href":"https:\/\/softymed.ch\/de\/wp-json\/wp\/v2\/product\/3032","targetHints":{"allow":["GET"]}}],"collection":[{"href":"https:\/\/softymed.ch\/de\/wp-json\/wp\/v2\/product"}],"about":[{"href":"https:\/\/softymed.ch\/de\/wp-json\/wp\/v2\/types\/product"}],"wp:featuredmedia":[{"embeddable":true,"href":"https:\/\/softymed.ch\/de\/wp-json\/wp\/v2\/media\/2284"}],"wp:attachment":[{"href":"https:\/\/softymed.ch\/de\/wp-json\/wp\/v2\/media?parent=3032"}],"wp:term":[{"taxonomy":"product_brand","embeddable":true,"href":"https:\/\/softymed.ch\/de\/wp-json\/wp\/v2\/product_brand?post=3032"},{"taxonomy":"product_cat","embeddable":true,"href":"https:\/\/softymed.ch\/de\/wp-json\/wp\/v2\/product_cat?post=3032"},{"taxonomy":"product_tag","embeddable":true,"href":"https:\/\/softymed.ch\/de\/wp-json\/wp\/v2\/product_tag?post=3032"},{"taxonomy":"categorie_principale","embeddable":true,"href":"https:\/\/softymed.ch\/de\/wp-json\/wp\/v2\/categorie_principale?post=3032"},{"taxonomy":"marque","embeddable":true,"href":"https:\/\/softymed.ch\/de\/wp-json\/wp\/v2\/marque?post=3032"}],"curies":[{"name":"wp","href":"https:\/\/api.w.org\/{rel}","templated":true}]}}