{"id":2993,"date":"2023-12-19T17:07:57","date_gmt":"2023-12-19T16:07:57","guid":{"rendered":"https:\/\/softymed.ch\/boutique\/non%20class\u00e9\/adaptateur-dhemoculture-universel\/"},"modified":"2025-10-15T12:25:13","modified_gmt":"2025-10-15T10:25:13","slug":"universal-hemokulturadapter","status":"publish","type":"product","link":"https:\/\/softymed.ch\/de\/boutique\/microbiologie\/adaptateur-hemoculture-universel\/","title":{"rendered":"Universal-H\u00e4mokkult-Adapter"},"content":{"rendered":"<p>Pour les cols de flacons \u00e9troits ou larges<br \/>\nAdaptateur \u00e0 membrane assembl\u00e9<br \/>\nRaccord: flacon pour h\u00e9moculture, pour utilisation avec aiguille (de s\u00e9curit\u00e9) Multifly\u00ae<br \/>\n-1 pi\u00e8ce(s)\/blister<br \/>\n-20 pi\u00e8ce(s)\/carton<br \/>\n-st\u00e9rile, apyrog\u00e8ne\/exempt d\u2019endotoxine<\/p>","protected":false},"excerpt":{"rendered":"<p>Zur Verwendung mit Multifly\u00ae-(Sicherheits-)Nadel<\/p>","protected":false},"featured_media":2301,"template":"","meta":{"_acf_changed":false,"_seopress_robots_primary_cat":"none","_seopress_titles_title":"","_seopress_titles_desc":"","_seopress_robots_index":""},"product_brand":[],"product_cat":[131],"product_tag":[],"categorie_principale":[27,28,29],"marque":[207],"class_list":{"0":"post-2993","1":"product","2":"type-product","3":"status-publish","4":"has-post-thumbnail","6":"product_cat-microbiologie","7":"categorie_principale-laboratoire","8":"categorie_principale-medecine-generale","9":"categorie_principale-permanence-hopital","10":"marque-sarstedt","12":"first","13":"outofstock","14":"taxable","15":"shipping-taxable","16":"purchasable","17":"product-type-simple"},"supplier_id":null,"supplier_sku":"","atum_controlled":true,"out_stock_date":"2025-10-15 10:18:09","out_stock_threshold":null,"inheritable":false,"inbound_stock":null,"stock_on_hold":0,"sold_today":0,"sales_last_days":0,"reserved_stock":null,"customer_returns":null,"warehouse_damage":null,"lost_in_post":null,"other_logs":null,"out_stock_days":176,"lost_sales":1636,"has_location":true,"update_date":"2026-04-10T00:04:13","atum_locations":[{"id":373,"name":"Officine","slug":"officine"}],"atum_stock_status":"outofstock","restock_status":false,"low_stock_amount":"","sales_update_date":"2026-04-10T00:04:13","calc_backorders":null,"acf":[],"_links":{"self":[{"href":"https:\/\/softymed.ch\/de\/wp-json\/wp\/v2\/product\/2993","targetHints":{"allow":["GET"]}}],"collection":[{"href":"https:\/\/softymed.ch\/de\/wp-json\/wp\/v2\/product"}],"about":[{"href":"https:\/\/softymed.ch\/de\/wp-json\/wp\/v2\/types\/product"}],"wp:featuredmedia":[{"embeddable":true,"href":"https:\/\/softymed.ch\/de\/wp-json\/wp\/v2\/media\/2301"}],"wp:attachment":[{"href":"https:\/\/softymed.ch\/de\/wp-json\/wp\/v2\/media?parent=2993"}],"wp:term":[{"taxonomy":"product_brand","embeddable":true,"href":"https:\/\/softymed.ch\/de\/wp-json\/wp\/v2\/product_brand?post=2993"},{"taxonomy":"product_cat","embeddable":true,"href":"https:\/\/softymed.ch\/de\/wp-json\/wp\/v2\/product_cat?post=2993"},{"taxonomy":"product_tag","embeddable":true,"href":"https:\/\/softymed.ch\/de\/wp-json\/wp\/v2\/product_tag?post=2993"},{"taxonomy":"categorie_principale","embeddable":true,"href":"https:\/\/softymed.ch\/de\/wp-json\/wp\/v2\/categorie_principale?post=2993"},{"taxonomy":"marque","embeddable":true,"href":"https:\/\/softymed.ch\/de\/wp-json\/wp\/v2\/marque?post=2993"}],"curies":[{"name":"wp","href":"https:\/\/api.w.org\/{rel}","templated":true}]}}