{"id":2990,"date":"2023-12-19T17:07:57","date_gmt":"2023-12-19T16:07:57","guid":{"rendered":"https:\/\/softymed.ch\/boutique\/non%20class\u00e9\/bandelettes-de-test-coaguchek-pt\/"},"modified":"2026-03-16T09:12:08","modified_gmt":"2026-03-16T08:12:08","slug":"coaguchek-pt-teststreifen","status":"publish","type":"product","link":"https:\/\/softymed.ch\/de\/boutique\/test-rapide\/bandelettes-de-test-coaguchek-pt\/","title":{"rendered":"CoaguChek\u00ae PT Test"},"content":{"rendered":"<p>-Faible quantit\u00e9 d\u2019\u00e9chantillons requise<br \/>\n-Mat\u00e9riel d\u2019essai: sang total capillaire, veineux ou art\u00e9riel<br \/>\n-R\u00e9sultats des tests apr\u00e8s seulement 1 minute<br \/>\n-Fibrinog\u00e8ne et valeurs stables de l\u2019h\u00e9matocrite<br \/>\n-2 x 24 bandelettes r\u00e9actives et 1 puce \u00e0 code<\/p>\n<p><strong>Aper\u00e7u de l\u2019application<\/strong><br \/>\n-Pour la d\u00e9termination de l\u2019INR et du % Valeur rapide<br \/>\n-Bandelettes de test pour le coagulom\u00e8tre CoaguChek Pro II<\/p>\n<p>Bandelettes insensible \u00e0 l\u2019h\u00e9parine CoaguChek PT pour une utilisation avec l\u2019appareil de coagulation CoaguChek Pro II. L\u2019application de l\u2019\u00e9chantillon peut avoir lieu aussi bien au-dessus et sur le c\u00f4t\u00e9.<\/p>\n<p><strong>Produktdetails<\/strong><br \/>\n-CoaguChek PT Teststreifen<br \/>\n-Pour une utilisation avec l\u2019appareil de coagulation CoaguChek de Pro II<br \/>\n-Insensible \u00e0 l\u2019h\u00e9parine<br \/>\n-L\u2019application de l\u2019\u00e9chantillon de sang au-dessus ou sur le c\u00f4t\u00e9<br \/>\n-Taille de l\u2019\u00e9chantillon: 8 \u00b5l<br \/>\n-\u00c9chantillons: sang capillaire, veineux ou art\u00e9riel<br \/>\n-R\u00e9sultat du test est apr\u00e8s environ 1 minute<br \/>\n-Les r\u00e9sultats des tests ne sont pas influenc\u00e9s par l\u2019augmentation du fibrinog\u00e8ne et de faible, h\u00e9matocrite<\/p>\n<p><strong>Inhalt:<\/strong> 1 bo\u00eete contenant 2 bo\u00eetes de 24 bandelettes de test CoaguChek PT, 1 puce de codage<\/p>","protected":false},"excerpt":{"rendered":"<p>Enth\u00e4lt 2 x 24 Teststreifen und 1 Code-Chip<\/p>","protected":false},"featured_media":2654,"template":"","meta":{"_acf_changed":false,"_seopress_robots_primary_cat":"none","_seopress_titles_title":"","_seopress_titles_desc":"","_seopress_robots_index":""},"product_brand":[],"product_cat":[68],"product_tag":[],"categorie_principale":[32,31,28,29],"marque":[205],"class_list":{"0":"post-2990","1":"product","2":"type-product","3":"status-publish","4":"has-post-thumbnail","6":"product_cat-test-rapide","7":"categorie_principale-cardiologie","8":"categorie_principale-gynecologie","9":"categorie_principale-medecine-generale","10":"categorie_principale-permanence-hopital","11":"marque-roche-diagnostics-gmbh","13":"first","14":"outofstock","15":"taxable","16":"shipping-taxable","17":"purchasable","18":"product-type-simple"},"supplier_id":null,"supplier_sku":"","atum_controlled":true,"out_stock_date":"2026-03-16 09:12:08","out_stock_threshold":null,"inheritable":false,"inbound_stock":null,"stock_on_hold":0,"sold_today":0,"sales_last_days":0,"reserved_stock":null,"customer_returns":null,"warehouse_damage":null,"lost_in_post":null,"other_logs":null,"out_stock_days":23,"lost_sales":2030,"has_location":true,"update_date":"2026-04-09T00:03:42","atum_locations":[{"id":373,"name":"Officine","slug":"officine"}],"atum_stock_status":"outofstock","restock_status":false,"low_stock_amount":"","sales_update_date":"2026-04-09T00:03:42","calc_backorders":null,"acf":[],"_links":{"self":[{"href":"https:\/\/softymed.ch\/de\/wp-json\/wp\/v2\/product\/2990","targetHints":{"allow":["GET"]}}],"collection":[{"href":"https:\/\/softymed.ch\/de\/wp-json\/wp\/v2\/product"}],"about":[{"href":"https:\/\/softymed.ch\/de\/wp-json\/wp\/v2\/types\/product"}],"wp:featuredmedia":[{"embeddable":true,"href":"https:\/\/softymed.ch\/de\/wp-json\/wp\/v2\/media\/2654"}],"wp:attachment":[{"href":"https:\/\/softymed.ch\/de\/wp-json\/wp\/v2\/media?parent=2990"}],"wp:term":[{"taxonomy":"product_brand","embeddable":true,"href":"https:\/\/softymed.ch\/de\/wp-json\/wp\/v2\/product_brand?post=2990"},{"taxonomy":"product_cat","embeddable":true,"href":"https:\/\/softymed.ch\/de\/wp-json\/wp\/v2\/product_cat?post=2990"},{"taxonomy":"product_tag","embeddable":true,"href":"https:\/\/softymed.ch\/de\/wp-json\/wp\/v2\/product_tag?post=2990"},{"taxonomy":"categorie_principale","embeddable":true,"href":"https:\/\/softymed.ch\/de\/wp-json\/wp\/v2\/categorie_principale?post=2990"},{"taxonomy":"marque","embeddable":true,"href":"https:\/\/softymed.ch\/de\/wp-json\/wp\/v2\/marque?post=2990"}],"curies":[{"name":"wp","href":"https:\/\/api.w.org\/{rel}","templated":true}]}}