{"id":2959,"date":"2023-12-19T17:07:43","date_gmt":"2023-12-19T16:07:43","guid":{"rendered":"https:\/\/softymed.ch\/boutique\/non%20class\u00e9\/kit-easyfoam-sclerotherapie\/"},"modified":"2026-03-16T09:20:14","modified_gmt":"2026-03-16T08:20:14","slug":"easyfoam-set-sklerotherapie","status":"publish","type":"product","link":"https:\/\/softymed.ch\/de\/boutique\/divers\/kit-easyfoam-sclerotherapie\/","title":{"rendered":"EasyFoam\u00ae Sklerotherapie-Kit"},"content":{"rendered":"<p>Le Kit EasyFoam\u00ae, \u00e0 usage unique, contient 3 \u00e9l\u00e9ments:<br \/>\n-1 seringue de 10 mL, Luer Lock, contenant 7,4 mL d\u2019air st\u00e9rile, reli\u00e9e \u00e0 une valve bidirectionnelle<br \/>\n-1 5-mL-Spritze, Luer Lock<br \/>\n-1 aiguille, 0,80 \u00d7 40 mm, 21G \u00d7 1\u00bd.<br \/>\nDieses Kit enth\u00e4lt keine Produkte.<\/p>\n<p><strong>Propri\u00e9t\u00e9s et utilisation<\/strong><br \/>\nEasyFoam\u00ae sert \u00e0 \u00e9mulsionner, de fa\u00e7on reproductible, 1,6 mL de solution injectable de scl\u00e9rosant avec 7,4 mL d\u2019air st\u00e9rile. La mousse obtenue est utilis\u00e9e, en IV stricte, pour la scl\u00e9rose des varices de moyens et gros calibres. Le temps entre la pr\u00e9paration et l\u2019injection ne doit pas d\u00e9passer 60 secondes. Utiliser uniquement de la mousse fra\u00eechement pr\u00e9par\u00e9e.<\/p>\n<p><strong>Ratschl\u00e4ge zur Verwendung<\/strong><br \/>\nLe Kit est fourni dans un emballage st\u00e9rile. Si l\u2019emballage est endommag\u00e9, sale ou humide, ou si la date d\u2019expiration est d\u00e9pass\u00e9e, le Kit EasyFoam\u00ae ne doit pas \u00eatre utilis\u00e9. Suivre les instructions d\u00e9crites dans la notice d\u2019utilisation.<\/p>","protected":false},"excerpt":{"rendered":"<p>Zum einmaligen Gebrauch<\/p>","protected":false},"featured_media":2619,"template":"","meta":{"_acf_changed":false,"_seopress_robots_primary_cat":"none","_seopress_titles_title":"","_seopress_titles_desc":"","_seopress_robots_index":""},"product_brand":[],"product_cat":[125,288],"product_tag":[],"categorie_principale":[165,28,29],"marque":[191],"class_list":{"0":"post-2959","1":"product","2":"type-product","3":"status-publish","4":"has-post-thumbnail","6":"product_cat-divers","7":"product_cat-liste-additionnelle","8":"categorie_principale-autre","9":"categorie_principale-medecine-generale","10":"categorie_principale-permanence-hopital","11":"marque-kreussler-pharma","13":"first","14":"instock","15":"taxable","16":"shipping-taxable","17":"purchasable","18":"product-type-simple"},"supplier_id":null,"supplier_sku":"","atum_controlled":true,"out_stock_date":null,"out_stock_threshold":null,"inheritable":false,"inbound_stock":null,"stock_on_hold":0,"sold_today":0,"sales_last_days":0,"reserved_stock":null,"customer_returns":null,"warehouse_damage":null,"lost_in_post":null,"other_logs":null,"out_stock_days":0,"lost_sales":0,"has_location":true,"update_date":"2026-04-09T00:03:40","atum_locations":[{"id":373,"name":"Officine","slug":"officine"}],"atum_stock_status":"instock","restock_status":false,"low_stock_amount":"","sales_update_date":"2026-04-09T00:03:40","calc_backorders":null,"acf":[],"_links":{"self":[{"href":"https:\/\/softymed.ch\/de\/wp-json\/wp\/v2\/product\/2959","targetHints":{"allow":["GET"]}}],"collection":[{"href":"https:\/\/softymed.ch\/de\/wp-json\/wp\/v2\/product"}],"about":[{"href":"https:\/\/softymed.ch\/de\/wp-json\/wp\/v2\/types\/product"}],"wp:featuredmedia":[{"embeddable":true,"href":"https:\/\/softymed.ch\/de\/wp-json\/wp\/v2\/media\/2619"}],"wp:attachment":[{"href":"https:\/\/softymed.ch\/de\/wp-json\/wp\/v2\/media?parent=2959"}],"wp:term":[{"taxonomy":"product_brand","embeddable":true,"href":"https:\/\/softymed.ch\/de\/wp-json\/wp\/v2\/product_brand?post=2959"},{"taxonomy":"product_cat","embeddable":true,"href":"https:\/\/softymed.ch\/de\/wp-json\/wp\/v2\/product_cat?post=2959"},{"taxonomy":"product_tag","embeddable":true,"href":"https:\/\/softymed.ch\/de\/wp-json\/wp\/v2\/product_tag?post=2959"},{"taxonomy":"categorie_principale","embeddable":true,"href":"https:\/\/softymed.ch\/de\/wp-json\/wp\/v2\/categorie_principale?post=2959"},{"taxonomy":"marque","embeddable":true,"href":"https:\/\/softymed.ch\/de\/wp-json\/wp\/v2\/marque?post=2959"}],"curies":[{"name":"wp","href":"https:\/\/api.w.org\/{rel}","templated":true}]}}