{"id":2958,"date":"2023-12-19T17:07:43","date_gmt":"2023-12-19T16:07:43","guid":{"rendered":"https:\/\/softymed.ch\/boutique\/non%20class\u00e9\/essuyeurs-de-precision-kimtech-science\/"},"modified":"2026-03-27T08:47:12","modified_gmt":"2026-03-27T07:47:12","slug":"prazisionswischer-kimtech-science","status":"publish","type":"product","link":"https:\/\/softymed.ch\/de\/boutique\/hygiene-desinfection\/essuyeurs-de-precision-kimtech-science\/","title":{"rendered":"Kimtech Science\u00ae Pr\u00e4zisionswischer"},"content":{"rendered":"<p>-Fabriqu\u00e9 \u00e0 partir de fibres de cellulose douces<br \/>\n-\u00c9limine les particules les plus fines<br \/>\n-Grande capacit\u00e9 d\u2019absorption<br \/>\n-Id\u00e9al pour les surfaces sensibles<br \/>\n-Gr\u00f6\u00dfe: 11,4 x 21,3 cm<\/p>","protected":false},"excerpt":{"rendered":"<p>-Hergestellt aus weichen Zellulosefasern -Entfernt feinste Partikel -Gro\u00dfe Saugf\u00e4higkeit -Ideal f\u00fcr empfindliche Oberfl\u00e4chen -Gr\u00f6\u00dfe: 11.4 x 21.3 cm<\/p>","protected":false},"featured_media":2454,"template":"","meta":{"_acf_changed":false,"_seopress_robots_primary_cat":"none","_seopress_titles_title":"","_seopress_titles_desc":"","_seopress_robots_index":""},"product_brand":[],"product_cat":[127],"product_tag":[],"categorie_principale":[165,31,27,29],"marque":[190],"class_list":{"0":"post-2958","1":"product","2":"type-product","3":"status-publish","4":"has-post-thumbnail","6":"product_cat-hygiene-desinfection","7":"categorie_principale-autre","8":"categorie_principale-gynecologie","9":"categorie_principale-laboratoire","10":"categorie_principale-permanence-hopital","11":"marque-kimberly-clark","13":"first","14":"instock","15":"taxable","16":"shipping-taxable","17":"purchasable","18":"product-type-simple"},"supplier_id":null,"supplier_sku":"","atum_controlled":true,"out_stock_date":null,"out_stock_threshold":null,"inheritable":false,"inbound_stock":null,"stock_on_hold":0,"sold_today":0,"sales_last_days":2,"reserved_stock":null,"customer_returns":null,"warehouse_damage":null,"lost_in_post":null,"other_logs":null,"out_stock_days":0,"lost_sales":0,"has_location":true,"update_date":"2026-04-10T00:04:47","atum_locations":[{"id":219,"name":"Yellow Cube","slug":"yellow-cube"}],"atum_stock_status":"instock","restock_status":false,"low_stock_amount":"","sales_update_date":"2026-04-10T00:04:47","calc_backorders":null,"acf":[],"_links":{"self":[{"href":"https:\/\/softymed.ch\/de\/wp-json\/wp\/v2\/product\/2958","targetHints":{"allow":["GET"]}}],"collection":[{"href":"https:\/\/softymed.ch\/de\/wp-json\/wp\/v2\/product"}],"about":[{"href":"https:\/\/softymed.ch\/de\/wp-json\/wp\/v2\/types\/product"}],"wp:featuredmedia":[{"embeddable":true,"href":"https:\/\/softymed.ch\/de\/wp-json\/wp\/v2\/media\/2454"}],"wp:attachment":[{"href":"https:\/\/softymed.ch\/de\/wp-json\/wp\/v2\/media?parent=2958"}],"wp:term":[{"taxonomy":"product_brand","embeddable":true,"href":"https:\/\/softymed.ch\/de\/wp-json\/wp\/v2\/product_brand?post=2958"},{"taxonomy":"product_cat","embeddable":true,"href":"https:\/\/softymed.ch\/de\/wp-json\/wp\/v2\/product_cat?post=2958"},{"taxonomy":"product_tag","embeddable":true,"href":"https:\/\/softymed.ch\/de\/wp-json\/wp\/v2\/product_tag?post=2958"},{"taxonomy":"categorie_principale","embeddable":true,"href":"https:\/\/softymed.ch\/de\/wp-json\/wp\/v2\/categorie_principale?post=2958"},{"taxonomy":"marque","embeddable":true,"href":"https:\/\/softymed.ch\/de\/wp-json\/wp\/v2\/marque?post=2958"}],"curies":[{"name":"wp","href":"https:\/\/api.w.org\/{rel}","templated":true}]}}