{"id":2954,"date":"2023-12-19T17:07:43","date_gmt":"2023-12-19T16:07:43","guid":{"rendered":"https:\/\/softymed.ch\/boutique\/non%20class\u00e9\/parafilm-m\/"},"modified":"2025-02-17T18:17:26","modified_gmt":"2025-02-17T17:17:26","slug":"parafilm-m","status":"publish","type":"product","link":"https:\/\/softymed.ch\/de\/boutique\/chimie-hematologie\/parafilm-m\/","title":{"rendered":"Parafilm\u00ae M"},"content":{"rendered":"<p>Parafilm\u00ae M est un film de protection herm\u00e9tique qui permet de prot\u00e9ger et de fermer tout type de r\u00e9cipients de laboratoire. Particuli\u00e8rement \u00e9tirable, ce film est r\u00e9sistant \u00e0 l\u2019eau et perm\u00e9able au gaz. Parafilm pr\u00e9sente une forte adh\u00e9rence sans recours \u00e0 un adh\u00e9sif.<\/p>\n<p><strong>Merkmale<\/strong><br \/>\n-Film de protection herm\u00e9tique Parafilm\u00ae M<br \/>\n-\u00c9tanche \u00e0 l\u2019eau<br \/>\n-Perm\u00e9able au gaz<br \/>\n-R\u00e9sistant \u00e0 de nombreux produits chimiques<br \/>\n-1 Rolle 10 cm x 38 m<\/p>","protected":false},"excerpt":{"rendered":"<p>Parafilm\u00ae M est un film de protection herm\u00e9tique qui permet de prot\u00e9ger et de fermer tout type de r\u00e9cipients de laboratoire. Particuli\u00e8rement \u00e9tirable, ce film est r\u00e9sistant \u00e0 l\u2019eau et perm\u00e9able au gaz. Parafilm pr\u00e9sente une forte adh\u00e9rence sans recours \u00e0 un adh\u00e9sif. Caract\u00e9ristiques -Film de protection herm\u00e9tique Parafilm\u00ae M -\u00c9tanche \u00e0 l\u2019eau -Perm\u00e9able au [&hellip;]<\/p>\n","protected":false},"featured_media":2762,"template":"","meta":{"_acf_changed":false,"_seopress_robots_primary_cat":"","_seopress_titles_title":"","_seopress_titles_desc":"","_seopress_robots_index":""},"product_brand":[],"product_cat":[123,131,132],"product_tag":[],"categorie_principale":[165,27],"marque":[187],"class_list":{"0":"post-2954","1":"product","2":"type-product","3":"status-publish","4":"has-post-thumbnail","6":"product_cat-chimie-hematologie","7":"product_cat-microbiologie","8":"product_cat-microscopie","9":"categorie_principale-autre","10":"categorie_principale-laboratoire","11":"marque-hecht-karl-kg","13":"first","14":"instock","15":"taxable","16":"shipping-taxable","17":"purchasable","18":"product-type-simple"},"supplier_id":null,"supplier_sku":"","atum_controlled":true,"out_stock_date":null,"out_stock_threshold":null,"inheritable":false,"inbound_stock":null,"stock_on_hold":0,"sold_today":0,"sales_last_days":0,"reserved_stock":null,"customer_returns":null,"warehouse_damage":null,"lost_in_post":null,"other_logs":null,"out_stock_days":0,"lost_sales":0,"has_location":true,"update_date":"2026-04-10T00:04:13","atum_locations":[{"id":219,"name":"Yellow Cube","slug":"yellow-cube"}],"atum_stock_status":"instock","restock_status":false,"low_stock_amount":"","sales_update_date":"2026-04-10T00:04:13","calc_backorders":null,"acf":[],"_links":{"self":[{"href":"https:\/\/softymed.ch\/de\/wp-json\/wp\/v2\/product\/2954","targetHints":{"allow":["GET"]}}],"collection":[{"href":"https:\/\/softymed.ch\/de\/wp-json\/wp\/v2\/product"}],"about":[{"href":"https:\/\/softymed.ch\/de\/wp-json\/wp\/v2\/types\/product"}],"wp:featuredmedia":[{"embeddable":true,"href":"https:\/\/softymed.ch\/de\/wp-json\/wp\/v2\/media\/2762"}],"wp:attachment":[{"href":"https:\/\/softymed.ch\/de\/wp-json\/wp\/v2\/media?parent=2954"}],"wp:term":[{"taxonomy":"product_brand","embeddable":true,"href":"https:\/\/softymed.ch\/de\/wp-json\/wp\/v2\/product_brand?post=2954"},{"taxonomy":"product_cat","embeddable":true,"href":"https:\/\/softymed.ch\/de\/wp-json\/wp\/v2\/product_cat?post=2954"},{"taxonomy":"product_tag","embeddable":true,"href":"https:\/\/softymed.ch\/de\/wp-json\/wp\/v2\/product_tag?post=2954"},{"taxonomy":"categorie_principale","embeddable":true,"href":"https:\/\/softymed.ch\/de\/wp-json\/wp\/v2\/categorie_principale?post=2954"},{"taxonomy":"marque","embeddable":true,"href":"https:\/\/softymed.ch\/de\/wp-json\/wp\/v2\/marque?post=2954"}],"curies":[{"name":"wp","href":"https:\/\/api.w.org\/{rel}","templated":true}]}}