{"id":2949,"date":"2023-12-19T17:07:43","date_gmt":"2023-12-19T16:07:43","guid":{"rendered":"https:\/\/softymed.ch\/boutique\/non%20class\u00e9\/peha-2\/"},"modified":"2026-03-16T11:56:24","modified_gmt":"2026-03-16T10:56:24","slug":"peha-moskitoklemme","status":"publish","type":"product","link":"https:\/\/softymed.ch\/de\/boutique\/petite-chirurgie-suture\/peha-pince-mosquito\/","title":{"rendered":"Peha\u00ae Anatomische Halsted-Moskitoklemme"},"content":{"rendered":"<p>Les dispositifs Peha\u00ae -instrument sont des instruments \u00e0 usage unique fabriqu\u00e9s en acier inoxydable bross\u00e9 mat de haute qualit\u00e9. La gamme d&rsquo;instruments Peha\u00ae -instrument est livr\u00e9e dans un emballage individuel st\u00e9rile avec une dur\u00e9e de conservation de 5 ans, est toujours pr\u00eate \u00e0 l\u2019emploi et peut \u00eatre utilis\u00e9 pour diverses interventions chirurgicales. En outre, le marquage de s\u00e9curit\u00e9 Peha\u00ae colour lock\u00ae permet une diff\u00e9renciation rapide et fiable des instruments \u00e0 usage multiple. En utilisant la gamme Peha\u00ae -instrument, vous simplifiez les processus.<\/p>\n<p><strong>Pinces h\u00e9mostatiques Halsted \u2013 Instruments \u00e0 usage unique Peha\u00ae<\/strong><br \/>\nCes pinces h\u00e9mostatiques d\u2019Halsted sont des instruments \u00e0 usage unique Peha\u00ae d\u2019Hartmann. \u00c9galement appel\u00e9es pinces Mosquito, elles sont dot\u00e9es d\u2019un syst\u00e8me de blocage qui permet une prise s\u00e9curis\u00e9e. Ces pinces anatomiques courbes sont en acier bross\u00e9 et mesurent 12,5 cm de long.<\/p>\n<p><strong>Merkmale<\/strong><br \/>\n-Pinces h\u00e9mostatiques<br \/>\n-Version sp\u00e9ciale: Halsted<br \/>\n-Formen: anatomische Kurven<br \/>\n-L\u00e4nge: 12,5 cm<br \/>\n-Mat\u00e9riau: acier bross\u00e9<br \/>\n-Conservation st\u00e9rile: 5 ans<br \/>\n-Sous emballage individuel st\u00e9rile<br \/>\n-Particuli\u00e8rement \u00e9conomiques<br \/>\n-\u00c9limination simple<br \/>\n-Spender mit 25 Zangen<\/p>","protected":false},"excerpt":{"rendered":"<p>Steril, zum einmaligen Gebrauch, 12,5 cm<\/p>","protected":false},"featured_media":2608,"template":"","meta":{"_acf_changed":false,"_seopress_robots_primary_cat":"134","_seopress_titles_title":"","_seopress_titles_desc":"","_seopress_robots_index":""},"product_brand":[],"product_cat":[371,379,134],"product_tag":[],"categorie_principale":[31,28,29],"marque":[107],"class_list":{"0":"post-2949","1":"product","2":"type-product","3":"status-publish","4":"has-post-thumbnail","6":"product_cat-clients-labpoint-avantages-particuliers","7":"product_cat-dr-alessandro-galdi","8":"product_cat-petite-chirurgie-suture","9":"categorie_principale-gynecologie","10":"categorie_principale-medecine-generale","11":"categorie_principale-permanence-hopital","12":"marque-hartmann","14":"first","15":"instock","16":"taxable","17":"shipping-taxable","18":"purchasable","19":"product-type-simple"},"supplier_id":null,"supplier_sku":"","atum_controlled":true,"out_stock_date":null,"out_stock_threshold":null,"inheritable":false,"inbound_stock":null,"stock_on_hold":0,"sold_today":0,"sales_last_days":0,"reserved_stock":null,"customer_returns":null,"warehouse_damage":null,"lost_in_post":null,"other_logs":null,"out_stock_days":0,"lost_sales":0,"has_location":true,"update_date":"2026-04-09T00:03:40","atum_locations":[{"id":219,"name":"Yellow Cube","slug":"yellow-cube"}],"atum_stock_status":"instock","restock_status":false,"low_stock_amount":"","sales_update_date":"2026-04-09T00:03:40","calc_backorders":null,"acf":[],"_links":{"self":[{"href":"https:\/\/softymed.ch\/de\/wp-json\/wp\/v2\/product\/2949","targetHints":{"allow":["GET"]}}],"collection":[{"href":"https:\/\/softymed.ch\/de\/wp-json\/wp\/v2\/product"}],"about":[{"href":"https:\/\/softymed.ch\/de\/wp-json\/wp\/v2\/types\/product"}],"wp:featuredmedia":[{"embeddable":true,"href":"https:\/\/softymed.ch\/de\/wp-json\/wp\/v2\/media\/2608"}],"wp:attachment":[{"href":"https:\/\/softymed.ch\/de\/wp-json\/wp\/v2\/media?parent=2949"}],"wp:term":[{"taxonomy":"product_brand","embeddable":true,"href":"https:\/\/softymed.ch\/de\/wp-json\/wp\/v2\/product_brand?post=2949"},{"taxonomy":"product_cat","embeddable":true,"href":"https:\/\/softymed.ch\/de\/wp-json\/wp\/v2\/product_cat?post=2949"},{"taxonomy":"product_tag","embeddable":true,"href":"https:\/\/softymed.ch\/de\/wp-json\/wp\/v2\/product_tag?post=2949"},{"taxonomy":"categorie_principale","embeddable":true,"href":"https:\/\/softymed.ch\/de\/wp-json\/wp\/v2\/categorie_principale?post=2949"},{"taxonomy":"marque","embeddable":true,"href":"https:\/\/softymed.ch\/de\/wp-json\/wp\/v2\/marque?post=2949"}],"curies":[{"name":"wp","href":"https:\/\/api.w.org\/{rel}","templated":true}]}}