{"id":2947,"date":"2023-12-19T17:07:43","date_gmt":"2023-12-19T16:07:43","guid":{"rendered":"https:\/\/softymed.ch\/boutique\/non%20class\u00e9\/molicare-premium\/"},"modified":"2026-03-31T16:19:26","modified_gmt":"2026-03-31T14:19:26","slug":"molicare-premium","status":"publish","type":"product","link":"https:\/\/softymed.ch\/de\/boutique\/hygiene-desinfection\/molicare-premium\/","title":{"rendered":"MoliCare\u00ae Premium"},"content":{"rendered":"<p>Les al\u00e8ses MoliCare\u00ae Bed Mat sont des al\u00e8ses jetables permettant de prot\u00e9ger la literie et l\u2019environnement de l\u2019utilisateur. En cas d\u2019incontinence, ce produit ne remplace pas une protection d\u2019incontinence, il vient en compl\u00e9ment.<\/p>\n<p>Les al\u00e8ses MoliCare\u00ae Bed Mat sont compos\u00e9es d\u2019un voile en non-tiss\u00e9 doux pour le confort de l\u2019utilisateur et d\u2019un film en Poly\u00e9thyl\u00e8ne pour \u00e9viter tout risque de fuite.<\/p>\n<p>Die rautenf\u00f6rmige Pr\u00e4gung erm\u00f6glicht eine bessere Verteilung von Fl\u00fcssigkeiten durch die Kan\u00e4le.<\/p>\n<p>Astuce: pour une meilleure protection, disposez l\u2019al\u00e8se \u00ab en losange \u00bb dans le lit.<\/p>\n<p><strong>Merkmale<\/strong><br \/>\n-6 Pakete<br \/>\n-Nombre d\u2019unit\u00e9s par paquet: 30<br \/>\n-Aufnahmef\u00e4higkeit: 623 ml<\/p>","protected":false},"excerpt":{"rendered":"<p>Wegwerfbare Krankenunterlagen<\/p>","protected":false},"featured_media":6137,"template":"","meta":{"_acf_changed":false,"_seopress_robots_primary_cat":"none","_seopress_titles_title":"","_seopress_titles_desc":"","_seopress_robots_index":""},"product_brand":[],"product_cat":[127,176],"product_tag":[],"categorie_principale":[31,28,29],"marque":[107],"class_list":{"0":"post-2947","1":"product","2":"type-product","3":"status-publish","4":"has-post-thumbnail","6":"product_cat-hygiene-desinfection","7":"product_cat-protection-consommable","8":"categorie_principale-gynecologie","9":"categorie_principale-medecine-generale","10":"categorie_principale-permanence-hopital","11":"marque-hartmann","13":"first","14":"instock","15":"taxable","16":"shipping-taxable","17":"purchasable","18":"product-type-simple"},"supplier_id":null,"supplier_sku":"","atum_controlled":true,"out_stock_date":null,"out_stock_threshold":null,"inheritable":false,"inbound_stock":null,"stock_on_hold":0,"sold_today":0,"sales_last_days":1,"reserved_stock":null,"customer_returns":null,"warehouse_damage":null,"lost_in_post":null,"other_logs":null,"out_stock_days":0,"lost_sales":0,"has_location":true,"update_date":"2026-04-10T00:04:51","atum_locations":[{"id":373,"name":"Officine","slug":"officine"}],"atum_stock_status":"instock","restock_status":false,"low_stock_amount":"","sales_update_date":"2026-04-10T00:04:51","calc_backorders":null,"acf":[],"_links":{"self":[{"href":"https:\/\/softymed.ch\/de\/wp-json\/wp\/v2\/product\/2947","targetHints":{"allow":["GET"]}}],"collection":[{"href":"https:\/\/softymed.ch\/de\/wp-json\/wp\/v2\/product"}],"about":[{"href":"https:\/\/softymed.ch\/de\/wp-json\/wp\/v2\/types\/product"}],"wp:featuredmedia":[{"embeddable":true,"href":"https:\/\/softymed.ch\/de\/wp-json\/wp\/v2\/media\/6137"}],"wp:attachment":[{"href":"https:\/\/softymed.ch\/de\/wp-json\/wp\/v2\/media?parent=2947"}],"wp:term":[{"taxonomy":"product_brand","embeddable":true,"href":"https:\/\/softymed.ch\/de\/wp-json\/wp\/v2\/product_brand?post=2947"},{"taxonomy":"product_cat","embeddable":true,"href":"https:\/\/softymed.ch\/de\/wp-json\/wp\/v2\/product_cat?post=2947"},{"taxonomy":"product_tag","embeddable":true,"href":"https:\/\/softymed.ch\/de\/wp-json\/wp\/v2\/product_tag?post=2947"},{"taxonomy":"categorie_principale","embeddable":true,"href":"https:\/\/softymed.ch\/de\/wp-json\/wp\/v2\/categorie_principale?post=2947"},{"taxonomy":"marque","embeddable":true,"href":"https:\/\/softymed.ch\/de\/wp-json\/wp\/v2\/marque?post=2947"}],"curies":[{"name":"wp","href":"https:\/\/api.w.org\/{rel}","templated":true}]}}