{"id":2937,"date":"2023-12-19T17:07:36","date_gmt":"2023-12-19T16:07:36","guid":{"rendered":"https:\/\/softymed.ch\/boutique\/non%20class\u00e9\/foliodrape-champs\/"},"modified":"2026-01-09T14:39:22","modified_gmt":"2026-01-09T13:39:22","slug":"foliodrape-felder-7","status":"publish","type":"product","link":"https:\/\/softymed.ch\/de\/boutique\/petite-chirurgie-suture\/foliodrape-champs-7\/","title":{"rendered":"Foliodrape\u00ae Felder"},"content":{"rendered":"<p>Les champs op\u00e9ratoires Foliodrape\u00ae Protect trou\u00e9s, non adh\u00e9sifs, perforation ronde de 7 cm, 45 x 75 cm, st\u00e9riles, garantissent une r\u00e9elle protection contre les contaminations ! Imperm\u00e9ables aux liquides et aux germes pathog\u00e8nes, indispensable pour une protection st\u00e9rile du patient, en salle d\u2019op\u00e9ration, dans les services ambulatoires, les cabinets m\u00e9dicaux, dentaires. Drapage ais\u00e9 et s\u00fbr!<\/p>\n<p>Les champs de soins, st\u00e9riles, en deux couches, en non tiss\u00e9, \u00e0 usage unique, sont absorbants, imperm\u00e9ables \u00e0 l\u2019humidit\u00e9 et aux germes.<\/p>\n<p>Le champ d\u2019isolation Foliodrape\u00ae Protect Haute qualit\u00e9, fen\u00eatr\u00e9 avec un diam\u00e8tre de 7 cm, permet de d\u00e9limiter avec pr\u00e9cision le site d\u2019intervention chirurgicale, avec un drapage, assure un bon maintien. Ces champs sont confectionn\u00e9s en mat\u00e9riaux doux, ne peluchent pas, ne provoquent aucune irritation cutan\u00e9e et r\u00e9sistent \u00e0 l\u2019usure.<\/p>\n<p><strong>Merkmale<\/strong><br \/>\n-Foliodrape prot\u00e9g\u00e9s sous blister souple<br \/>\n-Fen\u00eatre ronde de \u00d8 7 cm de diam\u00e8tre<br \/>\n-45 x 75 cm<br \/>\n-Bo\u00eete de 65 champs<\/p>","protected":false},"excerpt":{"rendered":"<p>Steriles Tuch mit Loch und Fenster \u00d8 7 cm , nicht klebend<\/p>","protected":false},"featured_media":2515,"template":"","meta":{"_acf_changed":false,"_seopress_robots_primary_cat":"134","_seopress_titles_title":"","_seopress_titles_desc":"","_seopress_robots_index":""},"product_brand":[],"product_cat":[372,134],"product_tag":[],"categorie_principale":[31,28,29],"marque":[107],"class_list":{"0":"post-2937","1":"product","2":"type-product","3":"status-publish","4":"has-post-thumbnail","6":"product_cat-medicusana","7":"product_cat-petite-chirurgie-suture","8":"categorie_principale-gynecologie","9":"categorie_principale-medecine-generale","10":"categorie_principale-permanence-hopital","11":"marque-hartmann","13":"first","14":"instock","15":"taxable","16":"shipping-taxable","17":"purchasable","18":"product-type-simple"},"supplier_id":null,"supplier_sku":"","atum_controlled":true,"out_stock_date":null,"out_stock_threshold":null,"inheritable":false,"inbound_stock":null,"stock_on_hold":0,"sold_today":0,"sales_last_days":0,"reserved_stock":null,"customer_returns":null,"warehouse_damage":null,"lost_in_post":null,"other_logs":null,"out_stock_days":0,"lost_sales":0,"has_location":true,"update_date":"2026-04-08T00:03:13","atum_locations":[{"id":219,"name":"Yellow Cube","slug":"yellow-cube"}],"atum_stock_status":"instock","restock_status":false,"low_stock_amount":"","sales_update_date":"2026-04-08T00:03:13","calc_backorders":null,"acf":[],"_links":{"self":[{"href":"https:\/\/softymed.ch\/de\/wp-json\/wp\/v2\/product\/2937","targetHints":{"allow":["GET"]}}],"collection":[{"href":"https:\/\/softymed.ch\/de\/wp-json\/wp\/v2\/product"}],"about":[{"href":"https:\/\/softymed.ch\/de\/wp-json\/wp\/v2\/types\/product"}],"wp:featuredmedia":[{"embeddable":true,"href":"https:\/\/softymed.ch\/de\/wp-json\/wp\/v2\/media\/2515"}],"wp:attachment":[{"href":"https:\/\/softymed.ch\/de\/wp-json\/wp\/v2\/media?parent=2937"}],"wp:term":[{"taxonomy":"product_brand","embeddable":true,"href":"https:\/\/softymed.ch\/de\/wp-json\/wp\/v2\/product_brand?post=2937"},{"taxonomy":"product_cat","embeddable":true,"href":"https:\/\/softymed.ch\/de\/wp-json\/wp\/v2\/product_cat?post=2937"},{"taxonomy":"product_tag","embeddable":true,"href":"https:\/\/softymed.ch\/de\/wp-json\/wp\/v2\/product_tag?post=2937"},{"taxonomy":"categorie_principale","embeddable":true,"href":"https:\/\/softymed.ch\/de\/wp-json\/wp\/v2\/categorie_principale?post=2937"},{"taxonomy":"marque","embeddable":true,"href":"https:\/\/softymed.ch\/de\/wp-json\/wp\/v2\/marque?post=2937"}],"curies":[{"name":"wp","href":"https:\/\/api.w.org\/{rel}","templated":true}]}}