{"id":2936,"date":"2023-12-19T17:07:36","date_gmt":"2023-12-19T16:07:36","guid":{"rendered":"https:\/\/softymed.ch\/boutique\/non%20class\u00e9\/foliodrape-cap-comfort-universal\/"},"modified":"2025-06-30T15:07:59","modified_gmt":"2025-06-30T13:07:59","slug":"foliodrape-cap-comfort-universal","status":"publish","type":"product","link":"https:\/\/softymed.ch\/de\/boutique\/protection-consommable\/foliodrape-cap-comfort-universal\/","title":{"rendered":"Foliodrape\u00ae cap Comfort Universal"},"content":{"rendered":"<p>La charlotte chirurgicale Foliodress Cap Comfort Universal est de qualit\u00e9 sup\u00e9rieure en forme de b\u00e9ret qui s\u2019adapte tr\u00e8s bien \u00e0 la forme individuelle de la t\u00eate gr\u00e2ce \u00e0 l\u2019\u00e9lastique qui l\u2019entoure. Gr\u00e2ce \u00e0 son tissu non tiss\u00e9 en viscose respirant et agr\u00e9able pour la peau, la charlotte chirurgicale \u00e0 barbe offre un grand confort. Les coutures renforc\u00e9es aux endroits soumis \u00e0 une forte sollicitation garantissent une bonne r\u00e9sistante \u00e0 la d\u00e9chirure.<\/p>\n<p>La charlotte chirurgicale universelle Foliodress Cap Comfort Universal peut \u00e9galement \u00eatre utilis\u00e9e pour couvrir la t\u00eate des patients.<\/p>\n<p><strong>Merkmale<\/strong><br \/>\n-Chirurgische Charlotte Foliodress Cap Comfort Universal<br \/>\n-Mat\u00e9riau: viscose non-tiss\u00e9<br \/>\n-Agr\u00e9able sur la peau<br \/>\n-Atmungsaktiv<br \/>\n-Haute perm\u00e9abilit\u00e9 \u00e0 l\u2019air<br \/>\n-Bonne r\u00e9gulation de la chaleur<br \/>\n-Particuli\u00e8rement r\u00e9sistant \u00e0 la d\u00e9chirure<br \/>\n-Coutures renforc\u00e9es aux endroits de forte sollicitation<br \/>\n-\u00c9lastique sur tout le pourtour<br \/>\n-Particuli\u00e8rement l\u00e9ger<br \/>\n-Hoher Tragekomfort<\/p>","protected":false},"excerpt":{"rendered":"<p>Nicht-sterile Charlotte<\/p>","protected":false},"featured_media":2668,"template":"","meta":{"_acf_changed":false,"_seopress_robots_primary_cat":"none","_seopress_titles_title":"","_seopress_titles_desc":"","_seopress_robots_index":""},"product_brand":[],"product_cat":[176],"product_tag":[],"categorie_principale":[165,32,31,27,106,28,29],"marque":[107],"class_list":{"0":"post-2936","1":"product","2":"type-product","3":"status-publish","4":"has-post-thumbnail","6":"product_cat-protection-consommable","7":"categorie_principale-autre","8":"categorie_principale-cardiologie","9":"categorie_principale-gynecologie","10":"categorie_principale-laboratoire","11":"categorie_principale-medecine-dentaire","12":"categorie_principale-medecine-generale","13":"categorie_principale-permanence-hopital","14":"marque-hartmann","16":"first","17":"instock","18":"taxable","19":"shipping-taxable","20":"purchasable","21":"product-type-simple"},"supplier_id":null,"supplier_sku":"","atum_controlled":true,"out_stock_date":null,"out_stock_threshold":null,"inheritable":false,"inbound_stock":null,"stock_on_hold":0,"sold_today":0,"sales_last_days":0,"reserved_stock":null,"customer_returns":null,"warehouse_damage":null,"lost_in_post":null,"other_logs":null,"out_stock_days":0,"lost_sales":0,"has_location":true,"update_date":"2026-04-09T00:03:13","atum_locations":[{"id":373,"name":"Officine","slug":"officine"}],"atum_stock_status":"instock","restock_status":false,"low_stock_amount":"","sales_update_date":"2026-04-09T00:03:13","calc_backorders":null,"acf":[],"_links":{"self":[{"href":"https:\/\/softymed.ch\/de\/wp-json\/wp\/v2\/product\/2936","targetHints":{"allow":["GET"]}}],"collection":[{"href":"https:\/\/softymed.ch\/de\/wp-json\/wp\/v2\/product"}],"about":[{"href":"https:\/\/softymed.ch\/de\/wp-json\/wp\/v2\/types\/product"}],"wp:featuredmedia":[{"embeddable":true,"href":"https:\/\/softymed.ch\/de\/wp-json\/wp\/v2\/media\/2668"}],"wp:attachment":[{"href":"https:\/\/softymed.ch\/de\/wp-json\/wp\/v2\/media?parent=2936"}],"wp:term":[{"taxonomy":"product_brand","embeddable":true,"href":"https:\/\/softymed.ch\/de\/wp-json\/wp\/v2\/product_brand?post=2936"},{"taxonomy":"product_cat","embeddable":true,"href":"https:\/\/softymed.ch\/de\/wp-json\/wp\/v2\/product_cat?post=2936"},{"taxonomy":"product_tag","embeddable":true,"href":"https:\/\/softymed.ch\/de\/wp-json\/wp\/v2\/product_tag?post=2936"},{"taxonomy":"categorie_principale","embeddable":true,"href":"https:\/\/softymed.ch\/de\/wp-json\/wp\/v2\/categorie_principale?post=2936"},{"taxonomy":"marque","embeddable":true,"href":"https:\/\/softymed.ch\/de\/wp-json\/wp\/v2\/marque?post=2936"}],"curies":[{"name":"wp","href":"https:\/\/api.w.org\/{rel}","templated":true}]}}