{"id":2935,"date":"2023-12-19T17:07:36","date_gmt":"2023-12-19T16:07:36","guid":{"rendered":"https:\/\/softymed.ch\/boutique\/non%20class\u00e9\/dermaplast-soft-injection\/"},"modified":"2026-04-02T13:44:06","modified_gmt":"2026-04-02T11:44:06","slug":"dermaplast-soft-injection","status":"publish","type":"product","link":"https:\/\/softymed.ch\/de\/boutique\/soin-des-plaies\/pansement\/dermaplast-soft-injection\/","title":{"rendered":"DermaPlast\u00ae Soft Injection"},"content":{"rendered":"<p>Les DermaPlast\u00ae pour injections sont des pansements autoadh\u00e9sifs pour plaies, non-st\u00e9riles, compos\u00e9s d\u2019un mat\u00e9riau-porteur en non-tiss\u00e9 recouvert d\u2019adh\u00e9sif et d\u2019une compresse, lesquels sont prot\u00e9g\u00e9s par un film de couverture. Ils sont d\u00e9di\u00e9s au soin de petites plaies, notamment des points d\u2019injections ou de prises de sang et ponctions de s\u00e9cr\u00e9tions.<\/p>\n<p><strong>Merkmale<\/strong><br \/>\n-Pansement d\u2019injection non tiss\u00e9<br \/>\n-Perm\u00e9able \u00e0 l\u2019air et \u00e0 la vapeur d\u2019eau<br \/>\n-Respectueux de la peau et hypoallerg\u00e9nique<br \/>\n-Abmessungen: 40 x 16 mm<\/p>","protected":false},"excerpt":{"rendered":"<p>Heftpflaster<\/p>","protected":false},"featured_media":2587,"template":"","meta":{"_acf_changed":false,"_seopress_robots_primary_cat":"none","_seopress_titles_title":"","_seopress_titles_desc":"","_seopress_robots_index":""},"product_brand":[],"product_cat":[288,146,133,138,142,137,136,104],"product_tag":[347],"categorie_principale":[31,27,28,29],"marque":[107],"class_list":{"0":"post-2935","1":"product","2":"type-product","3":"status-publish","4":"has-post-thumbnail","6":"product_cat-liste-additionnelle","7":"product_cat-pansement","8":"product_cat-perfusion-injection","9":"product_cat-prelevement-capillaire","10":"product_cat-prelevement-special","11":"product_cat-prelevement-veineux","12":"product_cat-prelevements","13":"product_cat-soin-des-plaies","14":"product_tag-best-seller","15":"categorie_principale-gynecologie","16":"categorie_principale-laboratoire","17":"categorie_principale-medecine-generale","18":"categorie_principale-permanence-hopital","19":"marque-hartmann","21":"first","22":"instock","23":"taxable","24":"shipping-taxable","25":"purchasable","26":"product-type-simple"},"supplier_id":null,"supplier_sku":"","atum_controlled":true,"out_stock_date":null,"out_stock_threshold":null,"inheritable":false,"inbound_stock":null,"stock_on_hold":0,"sold_today":0,"sales_last_days":21,"reserved_stock":null,"customer_returns":null,"warehouse_damage":null,"lost_in_post":null,"other_logs":null,"out_stock_days":0,"lost_sales":0,"has_location":true,"update_date":"2026-04-08T00:04:01","atum_locations":[{"id":373,"name":"Officine","slug":"officine"}],"atum_stock_status":"instock","restock_status":false,"low_stock_amount":"","sales_update_date":"2026-04-08T00:04:01","calc_backorders":null,"acf":[],"_links":{"self":[{"href":"https:\/\/softymed.ch\/de\/wp-json\/wp\/v2\/product\/2935","targetHints":{"allow":["GET"]}}],"collection":[{"href":"https:\/\/softymed.ch\/de\/wp-json\/wp\/v2\/product"}],"about":[{"href":"https:\/\/softymed.ch\/de\/wp-json\/wp\/v2\/types\/product"}],"wp:featuredmedia":[{"embeddable":true,"href":"https:\/\/softymed.ch\/de\/wp-json\/wp\/v2\/media\/2587"}],"wp:attachment":[{"href":"https:\/\/softymed.ch\/de\/wp-json\/wp\/v2\/media?parent=2935"}],"wp:term":[{"taxonomy":"product_brand","embeddable":true,"href":"https:\/\/softymed.ch\/de\/wp-json\/wp\/v2\/product_brand?post=2935"},{"taxonomy":"product_cat","embeddable":true,"href":"https:\/\/softymed.ch\/de\/wp-json\/wp\/v2\/product_cat?post=2935"},{"taxonomy":"product_tag","embeddable":true,"href":"https:\/\/softymed.ch\/de\/wp-json\/wp\/v2\/product_tag?post=2935"},{"taxonomy":"categorie_principale","embeddable":true,"href":"https:\/\/softymed.ch\/de\/wp-json\/wp\/v2\/categorie_principale?post=2935"},{"taxonomy":"marque","embeddable":true,"href":"https:\/\/softymed.ch\/de\/wp-json\/wp\/v2\/marque?post=2935"}],"curies":[{"name":"wp","href":"https:\/\/api.w.org\/{rel}","templated":true}]}}